{"id":83615,"date":"2023-11-18T18:43:28","date_gmt":"2023-11-18T15:50:13","guid":{"rendered":"https:\/\/kingarms.ee\/product\/ljuman-0-45g-650kpl\/"},"modified":"2024-08-06T16:14:17","modified_gmt":"2024-08-06T13:14:17","slug":"ljuman-0-45g-650tk","status":"publish","type":"product","link":"https:\/\/kingarms.ee\/fi\/product\/ljuman-0-45g-650tk\/","title":{"rendered":"Ljuman 0.45g (650kpl)"},"content":{"rendered":"<p><img loading=\"lazy\" decoding=\"async\" class=\"alignnone size-full wp-image-83598\" src=\"https:\/\/kingarms.ee\/wp-content\/uploads\/2023\/11\/puli-lyuman-domed-pellets-light-4-5-mm-0-45-g-650-shtuk-1-570x475-1.jpg\" alt=\"\" width=\"570\" height=\"475\" srcset=\"https:\/\/kingarms.ee\/wp-content\/uploads\/2023\/11\/puli-lyuman-domed-pellets-light-4-5-mm-0-45-g-650-shtuk-1-570x475-1.jpg 570w, https:\/\/kingarms.ee\/wp-content\/uploads\/2023\/11\/puli-lyuman-domed-pellets-light-4-5-mm-0-45-g-650-shtuk-1-570x475-1-300x250.jpg 300w, https:\/\/kingarms.ee\/wp-content\/uploads\/2023\/11\/puli-lyuman-domed-pellets-light-4-5-mm-0-45-g-650-shtuk-1-570x475-1-500x417.jpg 500w, https:\/\/kingarms.ee\/wp-content\/uploads\/2023\/11\/puli-lyuman-domed-pellets-light-4-5-mm-0-45-g-650-shtuk-1-570x475-1-150x125.jpg 150w\" sizes=\"auto, (max-width: 570px) 100vw, 570px\" \/><\/p>\n","protected":false},"excerpt":{"rendered":"<p>Tuottaja: TM &#8220;Lyuman&#8221; (Ukraina)<br \/>\nKaliiperi: 4,5mm (.177)<br \/>\nPaino: 0,45 grammaa (6,94 jyv\u00e4\u00e4).<br \/>\nP\u00e4\u00e4: puolipallon muotoinen (kupolimainen).<br \/>\nSoveltamisala: vilkkuminen, vapaa-ajan ammunta<br \/>\nM\u00e4\u00e4r\u00e4: 650 kappaletta<\/p>\n","protected":false},"featured_media":83600,"template":"","meta":{"_acf_changed":false},"product_brand":[],"product_cat":[241],"product_tag":[],"class_list":{"0":"post-83615","1":"product","2":"type-product","3":"status-publish","4":"has-post-thumbnail","6":"product_cat-ilmakivaareita","8":"first","9":"instock","10":"taxable","11":"shipping-taxable","12":"purchasable","13":"product-type-simple"},"acf":[],"_links":{"self":[{"href":"https:\/\/kingarms.ee\/fi\/wp-json\/wp\/v2\/product\/83615","targetHints":{"allow":["GET"]}}],"collection":[{"href":"https:\/\/kingarms.ee\/fi\/wp-json\/wp\/v2\/product"}],"about":[{"href":"https:\/\/kingarms.ee\/fi\/wp-json\/wp\/v2\/types\/product"}],"wp:featuredmedia":[{"embeddable":true,"href":"https:\/\/kingarms.ee\/fi\/wp-json\/wp\/v2\/media\/83600"}],"wp:attachment":[{"href":"https:\/\/kingarms.ee\/fi\/wp-json\/wp\/v2\/media?parent=83615"}],"wp:term":[{"taxonomy":"product_brand","embeddable":true,"href":"https:\/\/kingarms.ee\/fi\/wp-json\/wp\/v2\/product_brand?post=83615"},{"taxonomy":"product_cat","embeddable":true,"href":"https:\/\/kingarms.ee\/fi\/wp-json\/wp\/v2\/product_cat?post=83615"},{"taxonomy":"product_tag","embeddable":true,"href":"https:\/\/kingarms.ee\/fi\/wp-json\/wp\/v2\/product_tag?post=83615"}],"curies":[{"name":"wp","href":"https:\/\/api.w.org\/{rel}","templated":true}]}}