{"id":83621,"date":"2023-11-18T18:49:51","date_gmt":"2023-11-18T15:51:38","guid":{"rendered":"https:\/\/kingarms.ee\/product\/ljuman-teravakarkiset-pelletit-0-57g\/"},"modified":"2024-08-06T16:13:34","modified_gmt":"2024-08-06T13:13:34","slug":"ljuman-pistepelletit-0-57g","status":"publish","type":"product","link":"https:\/\/kingarms.ee\/fi\/product\/ljuman-pistepelletit-0-57g\/","title":{"rendered":"Ljuman &#8211; Ter\u00e4v\u00e4k\u00e4rkiset pelletit (0.57g)"},"content":{"rendered":"<p><img loading=\"lazy\" decoding=\"async\" class=\"alignnone size-full wp-image-83606\" src=\"https:\/\/kingarms.ee\/wp-content\/uploads\/2023\/11\/fa9aef3ebef698a6d7848c3ee3192c54.jpg\" alt=\"\" width=\"540\" height=\"450\" srcset=\"https:\/\/kingarms.ee\/wp-content\/uploads\/2023\/11\/fa9aef3ebef698a6d7848c3ee3192c54.jpg 540w, https:\/\/kingarms.ee\/wp-content\/uploads\/2023\/11\/fa9aef3ebef698a6d7848c3ee3192c54-300x250.jpg 300w, https:\/\/kingarms.ee\/wp-content\/uploads\/2023\/11\/fa9aef3ebef698a6d7848c3ee3192c54-500x417.jpg 500w, https:\/\/kingarms.ee\/wp-content\/uploads\/2023\/11\/fa9aef3ebef698a6d7848c3ee3192c54-150x125.jpg 150w\" sizes=\"auto, (max-width: 540px) 100vw, 540px\" \/><\/p>\n","protected":false},"excerpt":{"rendered":"<p>Tuottaja: TM &#8221;Lyuman&#8221; (Ukraina)<br \/>\nKaliiperi: 4,5mm (.177)<br \/>\nPaino: 0,57 grammaa (8,80 jyv\u00e4\u00e4).<br \/>\nP\u00e4\u00e4: kartiomainen (ter\u00e4v\u00e4)<br \/>\nK\u00e4ytt\u00f6: salama, vapaa-ajan valokuvaus<br \/>\nM\u00e4\u00e4r\u00e4: 500 kpl<\/p>\n","protected":false},"featured_media":83608,"template":"","meta":{"_acf_changed":false},"product_brand":[],"product_cat":[241],"product_tag":[],"class_list":{"0":"post-83621","1":"product","2":"type-product","3":"status-publish","4":"has-post-thumbnail","6":"product_cat-ilmakivaareita","8":"first","9":"instock","10":"taxable","11":"shipping-taxable","12":"purchasable","13":"product-type-simple"},"acf":[],"_links":{"self":[{"href":"https:\/\/kingarms.ee\/fi\/wp-json\/wp\/v2\/product\/83621","targetHints":{"allow":["GET"]}}],"collection":[{"href":"https:\/\/kingarms.ee\/fi\/wp-json\/wp\/v2\/product"}],"about":[{"href":"https:\/\/kingarms.ee\/fi\/wp-json\/wp\/v2\/types\/product"}],"wp:featuredmedia":[{"embeddable":true,"href":"https:\/\/kingarms.ee\/fi\/wp-json\/wp\/v2\/media\/83608"}],"wp:attachment":[{"href":"https:\/\/kingarms.ee\/fi\/wp-json\/wp\/v2\/media?parent=83621"}],"wp:term":[{"taxonomy":"product_brand","embeddable":true,"href":"https:\/\/kingarms.ee\/fi\/wp-json\/wp\/v2\/product_brand?post=83621"},{"taxonomy":"product_cat","embeddable":true,"href":"https:\/\/kingarms.ee\/fi\/wp-json\/wp\/v2\/product_cat?post=83621"},{"taxonomy":"product_tag","embeddable":true,"href":"https:\/\/kingarms.ee\/fi\/wp-json\/wp\/v2\/product_tag?post=83621"}],"curies":[{"name":"wp","href":"https:\/\/api.w.org\/{rel}","templated":true}]}}