{"id":83636,"date":"2023-11-18T18:53:16","date_gmt":"2023-11-18T15:55:07","guid":{"rendered":"https:\/\/kingarms.ee\/product\/ljuman-domed-pelletit-45mm-300kpl\/"},"modified":"2024-08-06T16:12:51","modified_gmt":"2024-08-06T13:12:51","slug":"ljuman-domed-pellets-45mm-300tk","status":"publish","type":"product","link":"https:\/\/kingarms.ee\/fi\/product\/ljuman-domed-pellets-45mm-300tk\/","title":{"rendered":"Ljuman &#8211; Domed pelletit 4,5mm (300kpl)"},"content":{"rendered":"<p><img loading=\"lazy\" decoding=\"async\" class=\"alignnone size-full wp-image-83623\" src=\"https:\/\/kingarms.ee\/wp-content\/uploads\/2023\/11\/puli-lyuman-domed-pellets-4-5-mm-0-68-g-300-shtuk-3.jpg\" alt=\"\" width=\"1260\" height=\"1050\" srcset=\"https:\/\/kingarms.ee\/wp-content\/uploads\/2023\/11\/puli-lyuman-domed-pellets-4-5-mm-0-68-g-300-shtuk-3.jpg 1260w, https:\/\/kingarms.ee\/wp-content\/uploads\/2023\/11\/puli-lyuman-domed-pellets-4-5-mm-0-68-g-300-shtuk-3-300x250.jpg 300w, https:\/\/kingarms.ee\/wp-content\/uploads\/2023\/11\/puli-lyuman-domed-pellets-4-5-mm-0-68-g-300-shtuk-3-1024x853.jpg 1024w, https:\/\/kingarms.ee\/wp-content\/uploads\/2023\/11\/puli-lyuman-domed-pellets-4-5-mm-0-68-g-300-shtuk-3-768x640.jpg 768w, https:\/\/kingarms.ee\/wp-content\/uploads\/2023\/11\/puli-lyuman-domed-pellets-4-5-mm-0-68-g-300-shtuk-3-500x417.jpg 500w, https:\/\/kingarms.ee\/wp-content\/uploads\/2023\/11\/puli-lyuman-domed-pellets-4-5-mm-0-68-g-300-shtuk-3-150x125.jpg 150w\" sizes=\"auto, (max-width: 1260px) 100vw, 1260px\" \/><\/p>\n","protected":false},"excerpt":{"rendered":"<p>Tuottaja: TM &#8221;Lyuman&#8221; (Ukraina)<br \/>\nKaliiperi: 4,5mm (.177)<br \/>\nPaino: 0,68 grammaa (10,49 jyv\u00e4\u00e4).<br \/>\nP\u00e4\u00e4: puolipallon muotoinen (kupolimainen).<br \/>\nSovellusala: vilkkuva, kentt\u00e4kohde<br \/>\nM\u00e4\u00e4r\u00e4: 300 kpl<\/p>\n","protected":false},"featured_media":83625,"template":"","meta":{"_acf_changed":false},"product_brand":[],"product_cat":[241],"product_tag":[],"class_list":{"0":"post-83636","1":"product","2":"type-product","3":"status-publish","4":"has-post-thumbnail","6":"product_cat-ilmakivaareita","8":"first","9":"instock","10":"taxable","11":"shipping-taxable","12":"purchasable","13":"product-type-simple"},"acf":[],"_links":{"self":[{"href":"https:\/\/kingarms.ee\/fi\/wp-json\/wp\/v2\/product\/83636","targetHints":{"allow":["GET"]}}],"collection":[{"href":"https:\/\/kingarms.ee\/fi\/wp-json\/wp\/v2\/product"}],"about":[{"href":"https:\/\/kingarms.ee\/fi\/wp-json\/wp\/v2\/types\/product"}],"wp:featuredmedia":[{"embeddable":true,"href":"https:\/\/kingarms.ee\/fi\/wp-json\/wp\/v2\/media\/83625"}],"wp:attachment":[{"href":"https:\/\/kingarms.ee\/fi\/wp-json\/wp\/v2\/media?parent=83636"}],"wp:term":[{"taxonomy":"product_brand","embeddable":true,"href":"https:\/\/kingarms.ee\/fi\/wp-json\/wp\/v2\/product_brand?post=83636"},{"taxonomy":"product_cat","embeddable":true,"href":"https:\/\/kingarms.ee\/fi\/wp-json\/wp\/v2\/product_cat?post=83636"},{"taxonomy":"product_tag","embeddable":true,"href":"https:\/\/kingarms.ee\/fi\/wp-json\/wp\/v2\/product_tag?post=83636"}],"curies":[{"name":"wp","href":"https:\/\/api.w.org\/{rel}","templated":true}]}}