{"id":83656,"date":"2023-11-18T18:57:53","date_gmt":"2023-11-18T16:01:28","guid":{"rendered":"https:\/\/kingarms.ee\/product\/pallot-luman-45-mm-057-g-300-kpl\/"},"modified":"2024-08-06T16:12:08","modified_gmt":"2024-08-06T13:12:08","slug":"kuulid-luman-45-mm-057-g-300-tk","status":"publish","type":"product","link":"https:\/\/kingarms.ee\/fi\/product\/kuulid-luman-45-mm-057-g-300-tk\/","title":{"rendered":"Pallot &#8220;Luman&#8221; 4,5 mm, 0,57 g (300 kpl)"},"content":{"rendered":"<p><img loading=\"lazy\" decoding=\"async\" class=\"alignnone size-full wp-image-83646\" src=\"https:\/\/kingarms.ee\/wp-content\/uploads\/2023\/11\/puli-lyuman-domed-pellets-4-5-mm-0-57-g-300-shtuk-3.jpg\" alt=\"\" width=\"1100\" height=\"920\" srcset=\"https:\/\/kingarms.ee\/wp-content\/uploads\/2023\/11\/puli-lyuman-domed-pellets-4-5-mm-0-57-g-300-shtuk-3.jpg 1100w, https:\/\/kingarms.ee\/wp-content\/uploads\/2023\/11\/puli-lyuman-domed-pellets-4-5-mm-0-57-g-300-shtuk-3-300x251.jpg 300w, https:\/\/kingarms.ee\/wp-content\/uploads\/2023\/11\/puli-lyuman-domed-pellets-4-5-mm-0-57-g-300-shtuk-3-1024x856.jpg 1024w, https:\/\/kingarms.ee\/wp-content\/uploads\/2023\/11\/puli-lyuman-domed-pellets-4-5-mm-0-57-g-300-shtuk-3-768x642.jpg 768w, https:\/\/kingarms.ee\/wp-content\/uploads\/2023\/11\/puli-lyuman-domed-pellets-4-5-mm-0-57-g-300-shtuk-3-500x418.jpg 500w, https:\/\/kingarms.ee\/wp-content\/uploads\/2023\/11\/puli-lyuman-domed-pellets-4-5-mm-0-57-g-300-shtuk-3-150x125.jpg 150w\" sizes=\"auto, (max-width: 1100px) 100vw, 1100px\" \/><\/p>\n","protected":false},"excerpt":{"rendered":"<p>Tuottaja: TM &#8220;Lyuman&#8221; (Ukraina)<br \/>\nKaliiperi: 4,5mm (.177)<br \/>\nPaino: 0,57 grammaa (8,80 jyv\u00e4\u00e4).<br \/>\nP\u00e4\u00e4: puolipallon muotoinen (kupolimainen).<br \/>\nSoveltamisala: vilkkuminen, vapaa-ajan ammunta<br \/>\nM\u00e4\u00e4r\u00e4: 300 kpl<\/p>\n","protected":false},"featured_media":83648,"template":"","meta":{"_acf_changed":false},"product_brand":[],"product_cat":[241],"product_tag":[],"class_list":{"0":"post-83656","1":"product","2":"type-product","3":"status-publish","4":"has-post-thumbnail","6":"product_cat-ilmakivaareita","8":"first","9":"instock","10":"taxable","11":"shipping-taxable","12":"purchasable","13":"product-type-simple"},"acf":[],"_links":{"self":[{"href":"https:\/\/kingarms.ee\/fi\/wp-json\/wp\/v2\/product\/83656","targetHints":{"allow":["GET"]}}],"collection":[{"href":"https:\/\/kingarms.ee\/fi\/wp-json\/wp\/v2\/product"}],"about":[{"href":"https:\/\/kingarms.ee\/fi\/wp-json\/wp\/v2\/types\/product"}],"wp:featuredmedia":[{"embeddable":true,"href":"https:\/\/kingarms.ee\/fi\/wp-json\/wp\/v2\/media\/83648"}],"wp:attachment":[{"href":"https:\/\/kingarms.ee\/fi\/wp-json\/wp\/v2\/media?parent=83656"}],"wp:term":[{"taxonomy":"product_brand","embeddable":true,"href":"https:\/\/kingarms.ee\/fi\/wp-json\/wp\/v2\/product_brand?post=83656"},{"taxonomy":"product_cat","embeddable":true,"href":"https:\/\/kingarms.ee\/fi\/wp-json\/wp\/v2\/product_cat?post=83656"},{"taxonomy":"product_tag","embeddable":true,"href":"https:\/\/kingarms.ee\/fi\/wp-json\/wp\/v2\/product_tag?post=83656"}],"curies":[{"name":"wp","href":"https:\/\/api.w.org\/{rel}","templated":true}]}}