{"id":83669,"date":"2023-11-18T19:03:58","date_gmt":"2023-11-18T16:05:21","guid":{"rendered":"https:\/\/kingarms.ee\/product\/pallot-luman-classic-45-mm-056-g-400-kpl\/"},"modified":"2024-08-06T16:11:24","modified_gmt":"2024-08-06T13:11:24","slug":"kuulid-luman-classic-45-mm-056-g-400-tk","status":"publish","type":"product","link":"https:\/\/kingarms.ee\/fi\/product\/kuulid-luman-classic-45-mm-056-g-400-tk\/","title":{"rendered":"Pallot &#8221;Luman&#8221; Classic 4,5 mm, 0,56 g (400 kpl)"},"content":{"rendered":"<p><img loading=\"lazy\" decoding=\"async\" class=\"alignnone size-full wp-image-83661\" src=\"https:\/\/kingarms.ee\/wp-content\/uploads\/2023\/11\/puli-lyuman-classic-pellets-light-4-5-mm-0-56-g-400-shtuk-3.jpg\" alt=\"\" width=\"1280\" height=\"1060\" srcset=\"https:\/\/kingarms.ee\/wp-content\/uploads\/2023\/11\/puli-lyuman-classic-pellets-light-4-5-mm-0-56-g-400-shtuk-3.jpg 1280w, https:\/\/kingarms.ee\/wp-content\/uploads\/2023\/11\/puli-lyuman-classic-pellets-light-4-5-mm-0-56-g-400-shtuk-3-300x248.jpg 300w, https:\/\/kingarms.ee\/wp-content\/uploads\/2023\/11\/puli-lyuman-classic-pellets-light-4-5-mm-0-56-g-400-shtuk-3-1024x848.jpg 1024w, https:\/\/kingarms.ee\/wp-content\/uploads\/2023\/11\/puli-lyuman-classic-pellets-light-4-5-mm-0-56-g-400-shtuk-3-768x636.jpg 768w, https:\/\/kingarms.ee\/wp-content\/uploads\/2023\/11\/puli-lyuman-classic-pellets-light-4-5-mm-0-56-g-400-shtuk-3-500x414.jpg 500w, https:\/\/kingarms.ee\/wp-content\/uploads\/2023\/11\/puli-lyuman-classic-pellets-light-4-5-mm-0-56-g-400-shtuk-3-150x124.jpg 150w\" sizes=\"auto, (max-width: 1280px) 100vw, 1280px\" \/><\/p>\n","protected":false},"excerpt":{"rendered":"<p>Tuottaja: TM &#8221;Luman&#8221; (Ukraina)<br \/>\nKaliiperi: 4,5mm (.177)<br \/>\nPaino: 0,56 grammaa (8,50 jyv\u00e4\u00e4).<br \/>\nP\u00e4\u00e4: puolipallon muotoinen (kupolimainen).<br \/>\nK\u00e4ytt\u00f6: salama, vapaa-ajan valokuvaus<br \/>\nM\u00e4\u00e4r\u00e4: 400 kpl<\/p>\n","protected":false},"featured_media":83663,"template":"","meta":{"_acf_changed":false},"product_brand":[],"product_cat":[241],"product_tag":[],"class_list":{"0":"post-83669","1":"product","2":"type-product","3":"status-publish","4":"has-post-thumbnail","6":"product_cat-ilmakivaareita","8":"first","9":"instock","10":"taxable","11":"shipping-taxable","12":"purchasable","13":"product-type-simple"},"acf":[],"_links":{"self":[{"href":"https:\/\/kingarms.ee\/fi\/wp-json\/wp\/v2\/product\/83669","targetHints":{"allow":["GET"]}}],"collection":[{"href":"https:\/\/kingarms.ee\/fi\/wp-json\/wp\/v2\/product"}],"about":[{"href":"https:\/\/kingarms.ee\/fi\/wp-json\/wp\/v2\/types\/product"}],"wp:featuredmedia":[{"embeddable":true,"href":"https:\/\/kingarms.ee\/fi\/wp-json\/wp\/v2\/media\/83663"}],"wp:attachment":[{"href":"https:\/\/kingarms.ee\/fi\/wp-json\/wp\/v2\/media?parent=83669"}],"wp:term":[{"taxonomy":"product_brand","embeddable":true,"href":"https:\/\/kingarms.ee\/fi\/wp-json\/wp\/v2\/product_brand?post=83669"},{"taxonomy":"product_cat","embeddable":true,"href":"https:\/\/kingarms.ee\/fi\/wp-json\/wp\/v2\/product_cat?post=83669"},{"taxonomy":"product_tag","embeddable":true,"href":"https:\/\/kingarms.ee\/fi\/wp-json\/wp\/v2\/product_tag?post=83669"}],"curies":[{"name":"wp","href":"https:\/\/api.w.org\/{rel}","templated":true}]}}