{"id":83692,"date":"2023-11-18T19:23:37","date_gmt":"2023-11-18T16:25:39","guid":{"rendered":"https:\/\/kingarms.ee\/product\/pallot-luman-pike-45-mm-07-g-450-kpl\/"},"modified":"2024-08-06T16:09:57","modified_gmt":"2024-08-06T13:09:57","slug":"kuulid-luman-pike-45-mm-07-g-450-tk","status":"publish","type":"product","link":"https:\/\/kingarms.ee\/fi\/product\/kuulid-luman-pike-45-mm-07-g-450-tk\/","title":{"rendered":"Pallot &#8221;Luman&#8221; Pike 4,5 mm, 0,7 g (450 kpl)"},"content":{"rendered":"<p><img loading=\"lazy\" decoding=\"async\" class=\"alignnone size-full wp-image-83683\" src=\"https:\/\/kingarms.ee\/wp-content\/uploads\/2023\/11\/puli-lyuman-pike-4-5-mm-0-7-g-450-shtuk-2.jpg\" alt=\"\" width=\"1150\" height=\"960\" srcset=\"https:\/\/kingarms.ee\/wp-content\/uploads\/2023\/11\/puli-lyuman-pike-4-5-mm-0-7-g-450-shtuk-2.jpg 1150w, https:\/\/kingarms.ee\/wp-content\/uploads\/2023\/11\/puli-lyuman-pike-4-5-mm-0-7-g-450-shtuk-2-300x250.jpg 300w, https:\/\/kingarms.ee\/wp-content\/uploads\/2023\/11\/puli-lyuman-pike-4-5-mm-0-7-g-450-shtuk-2-1024x855.jpg 1024w, https:\/\/kingarms.ee\/wp-content\/uploads\/2023\/11\/puli-lyuman-pike-4-5-mm-0-7-g-450-shtuk-2-768x641.jpg 768w, https:\/\/kingarms.ee\/wp-content\/uploads\/2023\/11\/puli-lyuman-pike-4-5-mm-0-7-g-450-shtuk-2-500x417.jpg 500w, https:\/\/kingarms.ee\/wp-content\/uploads\/2023\/11\/puli-lyuman-pike-4-5-mm-0-7-g-450-shtuk-2-150x125.jpg 150w\" sizes=\"auto, (max-width: 1150px) 100vw, 1150px\" \/><\/p>\n","protected":false},"excerpt":{"rendered":"<p>Tuottaja: TM &#8221;Lyuman&#8221; (Ven\u00e4j\u00e4\/Ukraina)<br \/>\nKaliiperi: 4,5mm (.177)<br \/>\nPaino: 0,7 grammaa (10,8 jyv\u00e4\u00e4).<br \/>\nP\u00e4\u00e4: puolipallonmuotoinen (kupolinmuotoinen).<br \/>\nSoveltamisala: jyrsij\u00f6iden mets\u00e4stys, pienel\u00e4imet.<br \/>\nM\u00e4\u00e4r\u00e4: 450 kappaletta<\/p>\n","protected":false},"featured_media":83685,"template":"","meta":{"_acf_changed":false},"product_brand":[],"product_cat":[241],"product_tag":[],"class_list":{"0":"post-83692","1":"product","2":"type-product","3":"status-publish","4":"has-post-thumbnail","6":"product_cat-ilmakivaareita","8":"first","9":"instock","10":"taxable","11":"shipping-taxable","12":"purchasable","13":"product-type-simple"},"acf":[],"_links":{"self":[{"href":"https:\/\/kingarms.ee\/fi\/wp-json\/wp\/v2\/product\/83692","targetHints":{"allow":["GET"]}}],"collection":[{"href":"https:\/\/kingarms.ee\/fi\/wp-json\/wp\/v2\/product"}],"about":[{"href":"https:\/\/kingarms.ee\/fi\/wp-json\/wp\/v2\/types\/product"}],"wp:featuredmedia":[{"embeddable":true,"href":"https:\/\/kingarms.ee\/fi\/wp-json\/wp\/v2\/media\/83685"}],"wp:attachment":[{"href":"https:\/\/kingarms.ee\/fi\/wp-json\/wp\/v2\/media?parent=83692"}],"wp:term":[{"taxonomy":"product_brand","embeddable":true,"href":"https:\/\/kingarms.ee\/fi\/wp-json\/wp\/v2\/product_brand?post=83692"},{"taxonomy":"product_cat","embeddable":true,"href":"https:\/\/kingarms.ee\/fi\/wp-json\/wp\/v2\/product_cat?post=83692"},{"taxonomy":"product_tag","embeddable":true,"href":"https:\/\/kingarms.ee\/fi\/wp-json\/wp\/v2\/product_tag?post=83692"}],"curies":[{"name":"wp","href":"https:\/\/api.w.org\/{rel}","templated":true}]}}