{"id":83719,"date":"2023-11-18T19:40:07","date_gmt":"2023-11-18T16:42:03","guid":{"rendered":"https:\/\/kingarms.ee\/product\/luodit-gamma-4-5mm-0-70g-kvintor\/"},"modified":"2024-08-06T16:08:31","modified_gmt":"2024-08-06T13:08:31","slug":"kuulid-gamma-4-5mm-0-70g-kvintor","status":"publish","type":"product","link":"https:\/\/kingarms.ee\/fi\/product\/kuulid-gamma-4-5mm-0-70g-kvintor\/","title":{"rendered":"Luodit Gamma 4.5mm 0.70g (Kvintor)"},"content":{"rendered":"<p><img loading=\"lazy\" decoding=\"async\" class=\"alignnone size-full wp-image-83708\" src=\"https:\/\/kingarms.ee\/wp-content\/uploads\/2023\/11\/1bbb8bf8976720c7e29ad64d2cc7822f.jpg\" alt=\"\" width=\"660\" height=\"550\" srcset=\"https:\/\/kingarms.ee\/wp-content\/uploads\/2023\/11\/1bbb8bf8976720c7e29ad64d2cc7822f.jpg 660w, https:\/\/kingarms.ee\/wp-content\/uploads\/2023\/11\/1bbb8bf8976720c7e29ad64d2cc7822f-300x250.jpg 300w, https:\/\/kingarms.ee\/wp-content\/uploads\/2023\/11\/1bbb8bf8976720c7e29ad64d2cc7822f-500x417.jpg 500w, https:\/\/kingarms.ee\/wp-content\/uploads\/2023\/11\/1bbb8bf8976720c7e29ad64d2cc7822f-150x125.jpg 150w\" sizes=\"auto, (max-width: 660px) 100vw, 660px\" \/><\/p>\n","protected":false},"excerpt":{"rendered":"<p><strong>Pallot Gamma 4.5mm 0.70g<\/strong><\/p>\n<p>P\u00e4\u00e4rungon py\u00f6ristetty muoto ja koko luodin alkuper\u00e4inen rakenne takaavat erinomaisen aerodynaamisen laadun ja korkean tarkkuuden ammuttaessa pitkill\u00e4 et\u00e4isyyksill\u00e4. Luoti on suunniteltu k\u00e4ytett\u00e4v\u00e4ksi voimakkaissa paineilmalaitteissa (yli 7,5 J).<\/p>\n","protected":false},"featured_media":83710,"template":"","meta":{"_acf_changed":false},"product_brand":[],"product_cat":[241],"product_tag":[],"class_list":{"0":"post-83719","1":"product","2":"type-product","3":"status-publish","4":"has-post-thumbnail","6":"product_cat-ilmakivaareita","8":"first","9":"instock","10":"sale","11":"taxable","12":"shipping-taxable","13":"purchasable","14":"product-type-simple"},"acf":[],"_links":{"self":[{"href":"https:\/\/kingarms.ee\/fi\/wp-json\/wp\/v2\/product\/83719","targetHints":{"allow":["GET"]}}],"collection":[{"href":"https:\/\/kingarms.ee\/fi\/wp-json\/wp\/v2\/product"}],"about":[{"href":"https:\/\/kingarms.ee\/fi\/wp-json\/wp\/v2\/types\/product"}],"wp:featuredmedia":[{"embeddable":true,"href":"https:\/\/kingarms.ee\/fi\/wp-json\/wp\/v2\/media\/83710"}],"wp:attachment":[{"href":"https:\/\/kingarms.ee\/fi\/wp-json\/wp\/v2\/media?parent=83719"}],"wp:term":[{"taxonomy":"product_brand","embeddable":true,"href":"https:\/\/kingarms.ee\/fi\/wp-json\/wp\/v2\/product_brand?post=83719"},{"taxonomy":"product_cat","embeddable":true,"href":"https:\/\/kingarms.ee\/fi\/wp-json\/wp\/v2\/product_cat?post=83719"},{"taxonomy":"product_tag","embeddable":true,"href":"https:\/\/kingarms.ee\/fi\/wp-json\/wp\/v2\/product_tag?post=83719"}],"curies":[{"name":"wp","href":"https:\/\/api.w.org\/{rel}","templated":true}]}}