{"id":83729,"date":"2023-11-18T19:45:18","date_gmt":"2023-11-18T16:46:08","guid":{"rendered":"https:\/\/kingarms.ee\/product\/luodit-tornado-magnum-45-mm-078-g-100-kpl\/"},"modified":"2024-08-06T16:07:48","modified_gmt":"2024-08-06T13:07:48","slug":"luodit-tornado-magnum-45-mm-078-g-100-kpl","status":"publish","type":"product","link":"https:\/\/kingarms.ee\/fi\/product\/luodit-tornado-magnum-45-mm-078-g-100-kpl\/","title":{"rendered":"Luodit Tornado Magnum 4,5 mm, 0,78 g (100 kpl)"},"content":{"rendered":"<p><img loading=\"lazy\" decoding=\"async\" class=\"alignnone size-full wp-image-83721\" src=\"https:\/\/kingarms.ee\/wp-content\/uploads\/2023\/11\/8bbd15369aa5b1208c79caee4f6a534c.jpg\" alt=\"\" width=\"660\" height=\"550\" srcset=\"https:\/\/kingarms.ee\/wp-content\/uploads\/2023\/11\/8bbd15369aa5b1208c79caee4f6a534c.jpg 660w, https:\/\/kingarms.ee\/wp-content\/uploads\/2023\/11\/8bbd15369aa5b1208c79caee4f6a534c-300x250.jpg 300w, https:\/\/kingarms.ee\/wp-content\/uploads\/2023\/11\/8bbd15369aa5b1208c79caee4f6a534c-500x417.jpg 500w, https:\/\/kingarms.ee\/wp-content\/uploads\/2023\/11\/8bbd15369aa5b1208c79caee4f6a534c-150x125.jpg 150w\" sizes=\"auto, (max-width: 660px) 100vw, 660px\" \/><\/p>\n","protected":false},"excerpt":{"rendered":"<p>Tuottaja: PKF Quintor LLC<br \/>\nKaliiperi: 4,5mm (.177)<br \/>\nPituus: 10,1 mm<br \/>\nPaino: 0,78 grammaa (12,09 jyv\u00e4\u00e4).<br \/>\nP\u00e4\u00e4osa: pureskelu<br \/>\nM\u00e4\u00e4r\u00e4: 100 kpl<\/p>\n","protected":false},"featured_media":83723,"template":"","meta":{"_acf_changed":false},"product_brand":[],"product_cat":[241],"product_tag":[],"class_list":{"0":"post-83729","1":"product","2":"type-product","3":"status-publish","4":"has-post-thumbnail","6":"product_cat-ilmakivaareita","8":"first","9":"instock","10":"taxable","11":"shipping-taxable","12":"purchasable","13":"product-type-simple"},"acf":[],"_links":{"self":[{"href":"https:\/\/kingarms.ee\/fi\/wp-json\/wp\/v2\/product\/83729","targetHints":{"allow":["GET"]}}],"collection":[{"href":"https:\/\/kingarms.ee\/fi\/wp-json\/wp\/v2\/product"}],"about":[{"href":"https:\/\/kingarms.ee\/fi\/wp-json\/wp\/v2\/types\/product"}],"wp:featuredmedia":[{"embeddable":true,"href":"https:\/\/kingarms.ee\/fi\/wp-json\/wp\/v2\/media\/83723"}],"wp:attachment":[{"href":"https:\/\/kingarms.ee\/fi\/wp-json\/wp\/v2\/media?parent=83729"}],"wp:term":[{"taxonomy":"product_brand","embeddable":true,"href":"https:\/\/kingarms.ee\/fi\/wp-json\/wp\/v2\/product_brand?post=83729"},{"taxonomy":"product_cat","embeddable":true,"href":"https:\/\/kingarms.ee\/fi\/wp-json\/wp\/v2\/product_cat?post=83729"},{"taxonomy":"product_tag","embeddable":true,"href":"https:\/\/kingarms.ee\/fi\/wp-json\/wp\/v2\/product_tag?post=83729"}],"curies":[{"name":"wp","href":"https:\/\/api.w.org\/{rel}","templated":true}]}}