{"id":83739,"date":"2023-11-18T19:47:54","date_gmt":"2023-11-18T16:49:08","guid":{"rendered":"https:\/\/kingarms.ee\/product\/pallot-nuolet-45-mm-063-g-10-kpl\/"},"modified":"2024-08-06T16:06:59","modified_gmt":"2024-08-06T13:06:59","slug":"pallot-nuolet-45-mm-063-g-10-kpl","status":"publish","type":"product","link":"https:\/\/kingarms.ee\/fi\/product\/pallot-nuolet-45-mm-063-g-10-kpl\/","title":{"rendered":"Pallot &#8220;Nuolet&#8221; 4,5 mm, 0,63 g (10 kpl)"},"content":{"rendered":"<p><img loading=\"lazy\" decoding=\"async\" class=\"alignnone size-full wp-image-83732\" src=\"https:\/\/kingarms.ee\/wp-content\/uploads\/2023\/11\/b0cbc757b282a8e1f6bf5b259a72e2f2.jpg\" alt=\"\" width=\"660\" height=\"550\" srcset=\"https:\/\/kingarms.ee\/wp-content\/uploads\/2023\/11\/b0cbc757b282a8e1f6bf5b259a72e2f2.jpg 660w, https:\/\/kingarms.ee\/wp-content\/uploads\/2023\/11\/b0cbc757b282a8e1f6bf5b259a72e2f2-300x250.jpg 300w, https:\/\/kingarms.ee\/wp-content\/uploads\/2023\/11\/b0cbc757b282a8e1f6bf5b259a72e2f2-500x417.jpg 500w, https:\/\/kingarms.ee\/wp-content\/uploads\/2023\/11\/b0cbc757b282a8e1f6bf5b259a72e2f2-150x125.jpg 150w\" sizes=\"auto, (max-width: 660px) 100vw, 660px\" \/><\/p>\n","protected":false},"excerpt":{"rendered":"<p>Tuottaja: PKF Quintor LLC<br \/>\nKaliiperi: 4,5mm (.177)<br \/>\nPituus: 27 mm<br \/>\nPaino: 0,63 grammaa (9,76 jyv\u00e4\u00e4).<br \/>\nTop: ter\u00e4v\u00e4, nuoli<br \/>\nM\u00e4\u00e4r\u00e4: 10 kpl<\/p>\n","protected":false},"featured_media":83734,"template":"","meta":{"_acf_changed":false},"product_brand":[],"product_cat":[241],"product_tag":[],"class_list":{"0":"post-83739","1":"product","2":"type-product","3":"status-publish","4":"has-post-thumbnail","6":"product_cat-ilmakivaareita","8":"first","9":"instock","10":"taxable","11":"shipping-taxable","12":"purchasable","13":"product-type-simple"},"acf":[],"_links":{"self":[{"href":"https:\/\/kingarms.ee\/fi\/wp-json\/wp\/v2\/product\/83739","targetHints":{"allow":["GET"]}}],"collection":[{"href":"https:\/\/kingarms.ee\/fi\/wp-json\/wp\/v2\/product"}],"about":[{"href":"https:\/\/kingarms.ee\/fi\/wp-json\/wp\/v2\/types\/product"}],"wp:featuredmedia":[{"embeddable":true,"href":"https:\/\/kingarms.ee\/fi\/wp-json\/wp\/v2\/media\/83734"}],"wp:attachment":[{"href":"https:\/\/kingarms.ee\/fi\/wp-json\/wp\/v2\/media?parent=83739"}],"wp:term":[{"taxonomy":"product_brand","embeddable":true,"href":"https:\/\/kingarms.ee\/fi\/wp-json\/wp\/v2\/product_brand?post=83739"},{"taxonomy":"product_cat","embeddable":true,"href":"https:\/\/kingarms.ee\/fi\/wp-json\/wp\/v2\/product_cat?post=83739"},{"taxonomy":"product_tag","embeddable":true,"href":"https:\/\/kingarms.ee\/fi\/wp-json\/wp\/v2\/product_tag?post=83739"}],"curies":[{"name":"wp","href":"https:\/\/api.w.org\/{rel}","templated":true}]}}