{"id":83853,"date":"2023-11-20T11:16:40","date_gmt":"2023-11-20T08:17:28","guid":{"rendered":"https:\/\/kingarms.ee\/product\/toiminnallinen-kevyempi-mfh\/"},"modified":"2024-08-06T16:04:04","modified_gmt":"2024-08-06T13:04:04","slug":"functional-tool-mfh","status":"publish","type":"product","link":"https:\/\/kingarms.ee\/fi\/product\/functional-tool-mfh\/","title":{"rendered":"Toiminnallinen kevyempi &#8211; MFH"},"content":{"rendered":"<p><img loading=\"lazy\" decoding=\"async\" class=\"alignnone size-full wp-image-83842\" src=\"https:\/\/kingarms.ee\/wp-content\/uploads\/2023\/11\/24191.jpeg\" alt=\"\" width=\"1200\" height=\"1200\" srcset=\"https:\/\/kingarms.ee\/wp-content\/uploads\/2023\/11\/24191.jpeg 1200w, https:\/\/kingarms.ee\/wp-content\/uploads\/2023\/11\/24191-300x300.jpeg 300w, https:\/\/kingarms.ee\/wp-content\/uploads\/2023\/11\/24191-1024x1024.jpeg 1024w, https:\/\/kingarms.ee\/wp-content\/uploads\/2023\/11\/24191-150x150.jpeg 150w, https:\/\/kingarms.ee\/wp-content\/uploads\/2023\/11\/24191-768x768.jpeg 768w, https:\/\/kingarms.ee\/wp-content\/uploads\/2023\/11\/24191-500x500.jpeg 500w\" sizes=\"auto, (max-width: 1200px) 100vw, 1200px\" \/><\/p>\n","protected":false},"excerpt":{"rendered":"<p>monik\u00e4ytt\u00f6inen tuulenpit\u00e4v\u00e4 sytytin<br \/>\nveitsell\u00e4, korkkiruuvilla ja pullonavaajalla varustettuna<br \/>\nuudelleent\u00e4ytett\u00e4v\u00e4 ja s\u00e4\u00e4dett\u00e4v\u00e4 liekki<br \/>\nMitat: n. 7 x 3,5 x 2 cm<\/p>\n","protected":false},"featured_media":84231,"template":"","meta":{"_acf_changed":false},"product_brand":[],"product_cat":[352,268],"product_tag":[],"class_list":{"0":"post-83853","1":"product","2":"type-product","3":"status-publish","4":"has-post-thumbnail","6":"product_cat-matkatavarat","7":"product_cat-muut","9":"first","10":"instock","11":"taxable","12":"shipping-taxable","13":"purchasable","14":"product-type-simple"},"acf":[],"_links":{"self":[{"href":"https:\/\/kingarms.ee\/fi\/wp-json\/wp\/v2\/product\/83853","targetHints":{"allow":["GET"]}}],"collection":[{"href":"https:\/\/kingarms.ee\/fi\/wp-json\/wp\/v2\/product"}],"about":[{"href":"https:\/\/kingarms.ee\/fi\/wp-json\/wp\/v2\/types\/product"}],"wp:featuredmedia":[{"embeddable":true,"href":"https:\/\/kingarms.ee\/fi\/wp-json\/wp\/v2\/media\/84231"}],"wp:attachment":[{"href":"https:\/\/kingarms.ee\/fi\/wp-json\/wp\/v2\/media?parent=83853"}],"wp:term":[{"taxonomy":"product_brand","embeddable":true,"href":"https:\/\/kingarms.ee\/fi\/wp-json\/wp\/v2\/product_brand?post=83853"},{"taxonomy":"product_cat","embeddable":true,"href":"https:\/\/kingarms.ee\/fi\/wp-json\/wp\/v2\/product_cat?post=83853"},{"taxonomy":"product_tag","embeddable":true,"href":"https:\/\/kingarms.ee\/fi\/wp-json\/wp\/v2\/product_tag?post=83853"}],"curies":[{"name":"wp","href":"https:\/\/api.w.org\/{rel}","templated":true}]}}