{"id":83968,"date":"2023-11-20T12:13:35","date_gmt":"2023-11-20T09:13:35","guid":{"rendered":"https:\/\/kingarms.ee\/product\/jet-pippurikaasu-63ml\/"},"modified":"2024-08-06T15:56:51","modified_gmt":"2024-08-06T12:56:51","slug":"pippurikaasu-suihku-63ml","status":"publish","type":"product","link":"https:\/\/kingarms.ee\/fi\/product\/pippurikaasu-suihku-63ml\/","title":{"rendered":"JET-pippurikaasu &#8211; 63ml"},"content":{"rendered":"<p><img loading=\"lazy\" decoding=\"async\" class=\"alignnone size-full wp-image-83960\" src=\"https:\/\/kingarms.ee\/wp-content\/uploads\/2023\/11\/27307.jpeg\" alt=\"\" width=\"1200\" height=\"1200\" srcset=\"https:\/\/kingarms.ee\/wp-content\/uploads\/2023\/11\/27307.jpeg 1200w, https:\/\/kingarms.ee\/wp-content\/uploads\/2023\/11\/27307-300x300.jpeg 300w, https:\/\/kingarms.ee\/wp-content\/uploads\/2023\/11\/27307-1024x1024.jpeg 1024w, https:\/\/kingarms.ee\/wp-content\/uploads\/2023\/11\/27307-150x150.jpeg 150w, https:\/\/kingarms.ee\/wp-content\/uploads\/2023\/11\/27307-768x768.jpeg 768w, https:\/\/kingarms.ee\/wp-content\/uploads\/2023\/11\/27307-500x500.jpeg 500w\" sizes=\"auto, (max-width: 1200px) 100vw, 1200px\" \/><\/p>\n","protected":false},"excerpt":{"rendered":"<p>suoran virtauksen tarkkaa kohdentamista varten<br \/>\nkantama jopa 5 m<br \/>\nSuojakorkki suojaa suurelta osin.<br \/>\ntahatonta aktivointia vastaan<br \/>\n\u00e4rsytt\u00e4v\u00e4: 3 % Oleoresiini Capsicum<br \/>\nMitat: n. 13 x 3 cm<\/p>\n","protected":false},"featured_media":84433,"template":"","meta":{"_acf_changed":false},"product_brand":[],"product_cat":[764],"product_tag":[],"class_list":{"0":"post-83968","1":"product","2":"type-product","3":"status-publish","4":"has-post-thumbnail","6":"product_cat-pippurisumute","8":"first","9":"outofstock","10":"taxable","11":"shipping-taxable","12":"purchasable","13":"product-type-simple"},"acf":[],"_links":{"self":[{"href":"https:\/\/kingarms.ee\/fi\/wp-json\/wp\/v2\/product\/83968","targetHints":{"allow":["GET"]}}],"collection":[{"href":"https:\/\/kingarms.ee\/fi\/wp-json\/wp\/v2\/product"}],"about":[{"href":"https:\/\/kingarms.ee\/fi\/wp-json\/wp\/v2\/types\/product"}],"wp:featuredmedia":[{"embeddable":true,"href":"https:\/\/kingarms.ee\/fi\/wp-json\/wp\/v2\/media\/84433"}],"wp:attachment":[{"href":"https:\/\/kingarms.ee\/fi\/wp-json\/wp\/v2\/media?parent=83968"}],"wp:term":[{"taxonomy":"product_brand","embeddable":true,"href":"https:\/\/kingarms.ee\/fi\/wp-json\/wp\/v2\/product_brand?post=83968"},{"taxonomy":"product_cat","embeddable":true,"href":"https:\/\/kingarms.ee\/fi\/wp-json\/wp\/v2\/product_cat?post=83968"},{"taxonomy":"product_tag","embeddable":true,"href":"https:\/\/kingarms.ee\/fi\/wp-json\/wp\/v2\/product_tag?post=83968"}],"curies":[{"name":"wp","href":"https:\/\/api.w.org\/{rel}","templated":true}]}}