{"id":83983,"date":"2023-11-20T12:18:06","date_gmt":"2023-11-20T09:18:06","guid":{"rendered":"https:\/\/kingarms.ee\/product\/pippurikaasugeeli-50ml\/"},"modified":"2024-08-06T15:56:08","modified_gmt":"2024-08-06T12:56:08","slug":"pippurikaasugeeli-50ml","status":"publish","type":"product","link":"https:\/\/kingarms.ee\/fi\/product\/pippurikaasugeeli-50ml\/","title":{"rendered":"Pippurikaasugeeli &#8211; 50ml"},"content":{"rendered":"<p><img loading=\"lazy\" decoding=\"async\" class=\"alignnone size-full wp-image-83970\" src=\"https:\/\/kingarms.ee\/wp-content\/uploads\/2023\/11\/27311.jpeg\" alt=\"\" width=\"1200\" height=\"1200\" srcset=\"https:\/\/kingarms.ee\/wp-content\/uploads\/2023\/11\/27311.jpeg 1200w, https:\/\/kingarms.ee\/wp-content\/uploads\/2023\/11\/27311-300x300.jpeg 300w, https:\/\/kingarms.ee\/wp-content\/uploads\/2023\/11\/27311-1024x1024.jpeg 1024w, https:\/\/kingarms.ee\/wp-content\/uploads\/2023\/11\/27311-150x150.jpeg 150w, https:\/\/kingarms.ee\/wp-content\/uploads\/2023\/11\/27311-768x768.jpeg 768w, https:\/\/kingarms.ee\/wp-content\/uploads\/2023\/11\/27311-500x500.jpeg 500w\" sizes=\"auto, (max-width: 1200px) 100vw, 1200px\" \/><\/p>\n","protected":false},"excerpt":{"rendered":"<p>k\u00e4\u00e4nnett\u00e4v\u00e4 suojus vahingossa tapahtuvaa aktivointia vastaan<br \/>\nKantama: 4-6 m<br \/>\ngeeli, ihanteellinen suljettuihin tiloihin<br \/>\nsuora virta<br \/>\n2 miljoonaa Scovillen l\u00e4mp\u00f6yksikk\u00f6\u00e4<br \/>\n13,2 % luonnollista oleoresiinia Capsicum<br \/>\nMitat: n. 11,5 x 4 cm<\/p>\n","protected":false},"featured_media":84429,"template":"","meta":{"_acf_changed":false},"product_brand":[],"product_cat":[764],"product_tag":[],"class_list":{"0":"post-83983","1":"product","2":"type-product","3":"status-publish","4":"has-post-thumbnail","6":"product_cat-pippurisumute","8":"first","9":"outofstock","10":"taxable","11":"shipping-taxable","12":"purchasable","13":"product-type-simple"},"acf":[],"_links":{"self":[{"href":"https:\/\/kingarms.ee\/fi\/wp-json\/wp\/v2\/product\/83983","targetHints":{"allow":["GET"]}}],"collection":[{"href":"https:\/\/kingarms.ee\/fi\/wp-json\/wp\/v2\/product"}],"about":[{"href":"https:\/\/kingarms.ee\/fi\/wp-json\/wp\/v2\/types\/product"}],"wp:featuredmedia":[{"embeddable":true,"href":"https:\/\/kingarms.ee\/fi\/wp-json\/wp\/v2\/media\/84429"}],"wp:attachment":[{"href":"https:\/\/kingarms.ee\/fi\/wp-json\/wp\/v2\/media?parent=83983"}],"wp:term":[{"taxonomy":"product_brand","embeddable":true,"href":"https:\/\/kingarms.ee\/fi\/wp-json\/wp\/v2\/product_brand?post=83983"},{"taxonomy":"product_cat","embeddable":true,"href":"https:\/\/kingarms.ee\/fi\/wp-json\/wp\/v2\/product_cat?post=83983"},{"taxonomy":"product_tag","embeddable":true,"href":"https:\/\/kingarms.ee\/fi\/wp-json\/wp\/v2\/product_tag?post=83983"}],"curies":[{"name":"wp","href":"https:\/\/api.w.org\/{rel}","templated":true}]}}