{"id":84000,"date":"2023-11-20T12:29:05","date_gmt":"2023-11-20T09:31:38","guid":{"rendered":"https:\/\/kingarms.ee\/product\/suuri-maalauspuikko\/"},"modified":"2024-08-06T15:54:41","modified_gmt":"2024-08-06T12:54:41","slug":"iso-naamiotikku-2","status":"publish","type":"product","link":"https:\/\/kingarms.ee\/fi\/product\/iso-naamiotikku-2\/","title":{"rendered":"Suuri maalauspuikko"},"content":{"rendered":"<p><img loading=\"lazy\" decoding=\"async\" class=\"alignnone size-full wp-image-83989\" src=\"https:\/\/kingarms.ee\/wp-content\/uploads\/2023\/11\/27350B.jpeg\" alt=\"\" width=\"1200\" height=\"1200\" srcset=\"https:\/\/kingarms.ee\/wp-content\/uploads\/2023\/11\/27350B.jpeg 1200w, https:\/\/kingarms.ee\/wp-content\/uploads\/2023\/11\/27350B-300x300.jpeg 300w, https:\/\/kingarms.ee\/wp-content\/uploads\/2023\/11\/27350B-1024x1024.jpeg 1024w, https:\/\/kingarms.ee\/wp-content\/uploads\/2023\/11\/27350B-150x150.jpeg 150w, https:\/\/kingarms.ee\/wp-content\/uploads\/2023\/11\/27350B-768x768.jpeg 768w, https:\/\/kingarms.ee\/wp-content\/uploads\/2023\/11\/27350B-500x500.jpeg 500w\" sizes=\"auto, (max-width: 1200px) 100vw, 1200px\" \/><\/p>\n","protected":false},"excerpt":{"rendered":"<p>levit\u00e4 kasvoille, k\u00e4sille ja kaulalle<br \/>\npoistetaan l\u00e4mpim\u00e4ll\u00e4 saippuavedell\u00e4<br \/>\nhygroskooppinen<br \/>\ninfrapuna heijastamaton kaava<br \/>\naurinkosuojakerroin: 68<br \/>\nVain ulkoiseen k\u00e4ytt\u00f6\u00f6n<br \/>\nMitat: n. 9,5 x 3,2 cm<\/p>\n","protected":false},"featured_media":83991,"template":"","meta":{"_acf_changed":false},"product_brand":[],"product_cat":[246],"product_tag":[],"class_list":{"0":"post-84000","1":"product","2":"type-product","3":"status-publish","4":"has-post-thumbnail","6":"product_cat-asevarit-ja-naamiaiset","8":"first","9":"instock","10":"taxable","11":"shipping-taxable","12":"purchasable","13":"product-type-simple"},"acf":[],"_links":{"self":[{"href":"https:\/\/kingarms.ee\/fi\/wp-json\/wp\/v2\/product\/84000","targetHints":{"allow":["GET"]}}],"collection":[{"href":"https:\/\/kingarms.ee\/fi\/wp-json\/wp\/v2\/product"}],"about":[{"href":"https:\/\/kingarms.ee\/fi\/wp-json\/wp\/v2\/types\/product"}],"wp:featuredmedia":[{"embeddable":true,"href":"https:\/\/kingarms.ee\/fi\/wp-json\/wp\/v2\/media\/83991"}],"wp:attachment":[{"href":"https:\/\/kingarms.ee\/fi\/wp-json\/wp\/v2\/media?parent=84000"}],"wp:term":[{"taxonomy":"product_brand","embeddable":true,"href":"https:\/\/kingarms.ee\/fi\/wp-json\/wp\/v2\/product_brand?post=84000"},{"taxonomy":"product_cat","embeddable":true,"href":"https:\/\/kingarms.ee\/fi\/wp-json\/wp\/v2\/product_cat?post=84000"},{"taxonomy":"product_tag","embeddable":true,"href":"https:\/\/kingarms.ee\/fi\/wp-json\/wp\/v2\/product_tag?post=84000"}],"curies":[{"name":"wp","href":"https:\/\/api.w.org\/{rel}","templated":true}]}}