{"id":84013,"date":"2023-11-20T12:33:15","date_gmt":"2023-11-20T09:34:55","guid":{"rendered":"https:\/\/kingarms.ee\/product\/3-varinen-peitevarisarja-peilin-kanssa\/"},"modified":"2024-08-06T15:53:57","modified_gmt":"2024-08-06T12:53:57","slug":"3-haarukka-haarukkasarja-peililla-varustettuna","status":"publish","type":"product","link":"https:\/\/kingarms.ee\/fi\/product\/3-haarukka-haarukkasarja-peililla-varustettuna\/","title":{"rendered":"3-v\u00e4rinen peitev\u00e4risarja peilin kanssa"},"content":{"rendered":"<p><img loading=\"lazy\" decoding=\"async\" class=\"alignnone size-full wp-image-83995\" src=\"https:\/\/kingarms.ee\/wp-content\/uploads\/2023\/11\/27365A.jpeg\" alt=\"\" width=\"1200\" height=\"1200\" srcset=\"https:\/\/kingarms.ee\/wp-content\/uploads\/2023\/11\/27365A.jpeg 1200w, https:\/\/kingarms.ee\/wp-content\/uploads\/2023\/11\/27365A-300x300.jpeg 300w, https:\/\/kingarms.ee\/wp-content\/uploads\/2023\/11\/27365A-1024x1024.jpeg 1024w, https:\/\/kingarms.ee\/wp-content\/uploads\/2023\/11\/27365A-150x150.jpeg 150w, https:\/\/kingarms.ee\/wp-content\/uploads\/2023\/11\/27365A-768x768.jpeg 768w, https:\/\/kingarms.ee\/wp-content\/uploads\/2023\/11\/27365A-500x500.jpeg 500w\" sizes=\"auto, (max-width: 1200px) 100vw, 1200px\" \/><\/p>\n","protected":false},"excerpt":{"rendered":"<p>levit\u00e4 kasvoille, k\u00e4sille ja kaulalle<br \/>\npoistetaan l\u00e4mpim\u00e4ll\u00e4 saippuavedell\u00e4<br \/>\nhygroskooppinen<br \/>\ninfrapuna heijastamaton kaava<br \/>\nkorkea aurinkosuojakerroin<br \/>\nVain ulkoiseen k\u00e4ytt\u00f6\u00f6n<br \/>\nv\u00e4rit: musta, vihre\u00e4, ruskea<br \/>\ntukeva muovilaatikko peilill\u00e4<br \/>\nMitat: n. 8,5 x 7 x 2 cm<\/p>\n","protected":false},"featured_media":84364,"template":"","meta":{"_acf_changed":false},"product_brand":[],"product_cat":[246],"product_tag":[],"class_list":{"0":"post-84013","1":"product","2":"type-product","3":"status-publish","4":"has-post-thumbnail","6":"product_cat-asevarit-ja-naamiaiset","8":"first","9":"instock","10":"taxable","11":"shipping-taxable","12":"purchasable","13":"product-type-simple"},"acf":[],"_links":{"self":[{"href":"https:\/\/kingarms.ee\/fi\/wp-json\/wp\/v2\/product\/84013","targetHints":{"allow":["GET"]}}],"collection":[{"href":"https:\/\/kingarms.ee\/fi\/wp-json\/wp\/v2\/product"}],"about":[{"href":"https:\/\/kingarms.ee\/fi\/wp-json\/wp\/v2\/types\/product"}],"wp:featuredmedia":[{"embeddable":true,"href":"https:\/\/kingarms.ee\/fi\/wp-json\/wp\/v2\/media\/84364"}],"wp:attachment":[{"href":"https:\/\/kingarms.ee\/fi\/wp-json\/wp\/v2\/media?parent=84013"}],"wp:term":[{"taxonomy":"product_brand","embeddable":true,"href":"https:\/\/kingarms.ee\/fi\/wp-json\/wp\/v2\/product_brand?post=84013"},{"taxonomy":"product_cat","embeddable":true,"href":"https:\/\/kingarms.ee\/fi\/wp-json\/wp\/v2\/product_cat?post=84013"},{"taxonomy":"product_tag","embeddable":true,"href":"https:\/\/kingarms.ee\/fi\/wp-json\/wp\/v2\/product_tag?post=84013"}],"curies":[{"name":"wp","href":"https:\/\/api.w.org\/{rel}","templated":true}]}}