{"id":85230,"date":"2023-11-28T14:05:28","date_gmt":"2023-11-28T11:06:52","guid":{"rendered":"https:\/\/kingarms.ee\/product\/survival-rannekoru-katsella\/"},"modified":"2024-08-06T15:03:33","modified_gmt":"2024-08-06T12:03:33","slug":"survival-of-the-extractor-clock","status":"publish","type":"product","link":"https:\/\/kingarms.ee\/fi\/product\/survival-of-the-extractor-clock\/","title":{"rendered":"Survival rannekoru katsella"},"content":{"rendered":"<p><img loading=\"lazy\" decoding=\"async\" class=\"alignnone size-full wp-image-85223\" src=\"https:\/\/kingarms.ee\/wp-content\/uploads\/2023\/11\/71cTP-YcQL._AC_SL1500_.jpeg\" alt=\"\" width=\"1432\" height=\"1281\" srcset=\"https:\/\/kingarms.ee\/wp-content\/uploads\/2023\/11\/71cTP-YcQL._AC_SL1500_.jpeg 1432w, https:\/\/kingarms.ee\/wp-content\/uploads\/2023\/11\/71cTP-YcQL._AC_SL1500_-300x268.jpeg 300w, https:\/\/kingarms.ee\/wp-content\/uploads\/2023\/11\/71cTP-YcQL._AC_SL1500_-1024x916.jpeg 1024w, https:\/\/kingarms.ee\/wp-content\/uploads\/2023\/11\/71cTP-YcQL._AC_SL1500_-768x687.jpeg 768w, https:\/\/kingarms.ee\/wp-content\/uploads\/2023\/11\/71cTP-YcQL._AC_SL1500_-500x447.jpeg 500w, https:\/\/kingarms.ee\/wp-content\/uploads\/2023\/11\/71cTP-YcQL._AC_SL1500_-150x134.jpeg 150w\" sizes=\"auto, (max-width: 1432px) 100vw, 1432px\" \/><\/p>\n","protected":false},"excerpt":{"rendered":"<p>6-IN-1 rannekello: rannekello + kompassi + pilli + l\u00e4mp\u00f6mittari + paloh\u00e4lytin + parakordi<br \/>\nVAHVA LAATU: valmistettu kest\u00e4v\u00e4st\u00e4 7 s\u00e4ikeisest\u00e4 550 lb. laskuvarjonarusta, joka voidaan jakaa 3 metrin pelastusk\u00f6ydeksi ja k\u00e4ytt\u00e4\u00e4 h\u00e4t\u00e4tilanteissa.<br \/>\nMUOTIUTUVA JA SUURI: ainutlaatuinen muotoilu ja monik\u00e4ytt\u00f6inen k\u00e4ytt\u00e4\u00e4 ja k\u00e4ytt\u00e4\u00e4. Loistava lahja yst\u00e4villesi tai sukulaisillesi. Ihanteellinen varmistukseen, retkeilyyn, ensiapuun, kiipeilyyn, veneilyyn, vuorikiipeilyyn, vaellukseen, reppureissaukseen, seikkailuun ja sotilask\u00e4ytt\u00f6\u00f6n.<br \/>\nKOKO: Rannekorun koko: Pidennetty: 26cm; Leveys: 2,5 cm. \u25b2 Huom. Rannekoru ei ole s\u00e4\u00e4dett\u00e4viss\u00e4 ja sopii t\u00e4ydellisesti ranteeseen, jonka koko on 7-9 tuumaa. Sen lis\u00e4ksi, ett\u00e4 sit\u00e4 voidaan k\u00e4ytt\u00e4\u00e4 ranteessa, se voidaan my\u00f6s ripustaa reppuun.<\/p>\n<p>Eri v\u00e4rej\u00e4 paikan p\u00e4\u00e4ll\u00e4: vihre\u00e4, beige, harmaa. Kun teet tilauksen, ilmoita v\u00e4rivalintasi huomautuksissa.<\/p>\n","protected":false},"featured_media":85342,"template":"","meta":{"_acf_changed":false},"product_brand":[],"product_cat":[486,352],"product_tag":[],"class_list":{"0":"post-85230","1":"product","2":"type-product","3":"status-publish","4":"has-post-thumbnail","6":"product_cat-kasikello","7":"product_cat-matkatavarat","9":"first","10":"instock","11":"taxable","12":"shipping-taxable","13":"purchasable","14":"product-type-simple"},"acf":[],"_links":{"self":[{"href":"https:\/\/kingarms.ee\/fi\/wp-json\/wp\/v2\/product\/85230","targetHints":{"allow":["GET"]}}],"collection":[{"href":"https:\/\/kingarms.ee\/fi\/wp-json\/wp\/v2\/product"}],"about":[{"href":"https:\/\/kingarms.ee\/fi\/wp-json\/wp\/v2\/types\/product"}],"wp:featuredmedia":[{"embeddable":true,"href":"https:\/\/kingarms.ee\/fi\/wp-json\/wp\/v2\/media\/85342"}],"wp:attachment":[{"href":"https:\/\/kingarms.ee\/fi\/wp-json\/wp\/v2\/media?parent=85230"}],"wp:term":[{"taxonomy":"product_brand","embeddable":true,"href":"https:\/\/kingarms.ee\/fi\/wp-json\/wp\/v2\/product_brand?post=85230"},{"taxonomy":"product_cat","embeddable":true,"href":"https:\/\/kingarms.ee\/fi\/wp-json\/wp\/v2\/product_cat?post=85230"},{"taxonomy":"product_tag","embeddable":true,"href":"https:\/\/kingarms.ee\/fi\/wp-json\/wp\/v2\/product_tag?post=85230"}],"curies":[{"name":"wp","href":"https:\/\/api.w.org\/{rel}","templated":true}]}}