{"id":85489,"date":"2023-12-05T16:03:51","date_gmt":"2023-12-05T13:05:57","guid":{"rendered":"https:\/\/kingarms.ee\/product\/dboys-sahkokivaari-m4-10\/"},"modified":"2024-08-06T15:02:11","modified_gmt":"2024-08-06T12:02:11","slug":"dboys-electripuss-m4-10","status":"publish","type":"product","link":"https:\/\/kingarms.ee\/fi\/product\/dboys-electripuss-m4-10\/","title":{"rendered":"D|BOYS S\u00c4HK\u00d6KIV\u00c4\u00c4RI M4 10&#8243;"},"content":{"rendered":"<p><img loading=\"lazy\" decoding=\"async\" class=\"alignnone size-full wp-image-85483\" src=\"https:\/\/kingarms.ee\/wp-content\/uploads\/2023\/12\/dboys-electric-rifle-m4-10-handguard-black-3381.jpeg\" alt=\"\" width=\"600\" height=\"600\" srcset=\"https:\/\/kingarms.ee\/wp-content\/uploads\/2023\/12\/dboys-electric-rifle-m4-10-handguard-black-3381.jpeg 600w, https:\/\/kingarms.ee\/wp-content\/uploads\/2023\/12\/dboys-electric-rifle-m4-10-handguard-black-3381-300x300.jpeg 300w, https:\/\/kingarms.ee\/wp-content\/uploads\/2023\/12\/dboys-electric-rifle-m4-10-handguard-black-3381-150x150.jpeg 150w, https:\/\/kingarms.ee\/wp-content\/uploads\/2023\/12\/dboys-electric-rifle-m4-10-handguard-black-3381-500x500.jpeg 500w\" sizes=\"auto, (max-width: 600px) 100vw, 600px\" \/><\/p>\n","protected":false},"excerpt":{"rendered":"<p>S\u00e4hk\u00f6pistooli m4 10&#8243; k\u00e4sikahva<br \/>\nPolymakers<br \/>\nMetalliputki ja tarjotin<br \/>\n300 kapasiteetin lokero m4 hi-cap<br \/>\nTilanne<br \/>\nS\u00e4\u00e4dett\u00e4v\u00e4 paluuvipu<br \/>\n10 tuuman kahva, jossa 4 v\u00e4yl\u00e4\u00e4<br \/>\nS\u00e4\u00e4dett\u00e4v\u00e4 hop up<br \/>\nPituus 790mm &#8211; 870mm<br \/>\nKaal 2350g<br \/>\nMusta v\u00e4ri<br \/>\nAkku ja laturi eiv\u00e4t sis\u00e4lly toimitukseen<\/p>\n","protected":false},"featured_media":85485,"template":"","meta":{"_acf_changed":false},"product_brand":[],"product_cat":[251],"product_tag":[],"class_list":{"0":"post-85489","1":"product","2":"type-product","3":"status-publish","4":"has-post-thumbnail","6":"product_cat-sahkoaseet","8":"first","9":"instock","10":"taxable","11":"shipping-taxable","12":"purchasable","13":"product-type-simple"},"acf":[],"_links":{"self":[{"href":"https:\/\/kingarms.ee\/fi\/wp-json\/wp\/v2\/product\/85489","targetHints":{"allow":["GET"]}}],"collection":[{"href":"https:\/\/kingarms.ee\/fi\/wp-json\/wp\/v2\/product"}],"about":[{"href":"https:\/\/kingarms.ee\/fi\/wp-json\/wp\/v2\/types\/product"}],"wp:featuredmedia":[{"embeddable":true,"href":"https:\/\/kingarms.ee\/fi\/wp-json\/wp\/v2\/media\/85485"}],"wp:attachment":[{"href":"https:\/\/kingarms.ee\/fi\/wp-json\/wp\/v2\/media?parent=85489"}],"wp:term":[{"taxonomy":"product_brand","embeddable":true,"href":"https:\/\/kingarms.ee\/fi\/wp-json\/wp\/v2\/product_brand?post=85489"},{"taxonomy":"product_cat","embeddable":true,"href":"https:\/\/kingarms.ee\/fi\/wp-json\/wp\/v2\/product_cat?post=85489"},{"taxonomy":"product_tag","embeddable":true,"href":"https:\/\/kingarms.ee\/fi\/wp-json\/wp\/v2\/product_tag?post=85489"}],"curies":[{"name":"wp","href":"https:\/\/api.w.org\/{rel}","templated":true}]}}