{"id":85521,"date":"2023-12-05T17:43:23","date_gmt":"2023-12-05T14:46:10","guid":{"rendered":"https:\/\/kingarms.ee\/product\/veitsi-sck\/"},"modified":"2024-08-06T15:01:25","modified_gmt":"2024-08-06T12:01:25","slug":"nuga-sck","status":"publish","type":"product","link":"https:\/\/kingarms.ee\/fi\/product\/nuga-sck\/","title":{"rendered":"Veitsi SCK"},"content":{"rendered":"<p><img loading=\"lazy\" decoding=\"async\" class=\"alignnone size-full wp-image-85514\" src=\"https:\/\/kingarms.ee\/wp-content\/uploads\/2023\/12\/sck-belt-knife-cw-823-145.jpeg\" alt=\"\" width=\"1000\" height=\"1000\" srcset=\"https:\/\/kingarms.ee\/wp-content\/uploads\/2023\/12\/sck-belt-knife-cw-823-145.jpeg 1000w, https:\/\/kingarms.ee\/wp-content\/uploads\/2023\/12\/sck-belt-knife-cw-823-145-300x300.jpeg 300w, https:\/\/kingarms.ee\/wp-content\/uploads\/2023\/12\/sck-belt-knife-cw-823-145-150x150.jpeg 150w, https:\/\/kingarms.ee\/wp-content\/uploads\/2023\/12\/sck-belt-knife-cw-823-145-768x768.jpeg 768w, https:\/\/kingarms.ee\/wp-content\/uploads\/2023\/12\/sck-belt-knife-cw-823-145-500x500.jpeg 500w\" sizes=\"auto, (max-width: 1000px) 100vw, 1000px\" \/><\/p>\n","protected":false},"excerpt":{"rendered":"<p>Vy\u00f6veitsi<br \/>\nMusta ter\u00e4 ruostumattomasta ter\u00e4ksest\u00e4<br \/>\nPolymeerinen kumikahva<br \/>\nHihnan niitti kovakorkkipolymeeri, jolla on korkea<br \/>\nTera pituus 110mm<br \/>\nKalorit: 110 g (145 g kerman kanssa)<\/p>\n","protected":false},"featured_media":85548,"template":"","meta":{"_acf_changed":false},"product_brand":[],"product_cat":[662],"product_tag":[],"class_list":{"0":"post-85521","1":"product","2":"type-product","3":"status-publish","4":"has-post-thumbnail","6":"product_cat-noad-fi","8":"first","9":"instock","10":"taxable","11":"shipping-taxable","12":"purchasable","13":"product-type-simple"},"acf":[],"_links":{"self":[{"href":"https:\/\/kingarms.ee\/fi\/wp-json\/wp\/v2\/product\/85521","targetHints":{"allow":["GET"]}}],"collection":[{"href":"https:\/\/kingarms.ee\/fi\/wp-json\/wp\/v2\/product"}],"about":[{"href":"https:\/\/kingarms.ee\/fi\/wp-json\/wp\/v2\/types\/product"}],"wp:featuredmedia":[{"embeddable":true,"href":"https:\/\/kingarms.ee\/fi\/wp-json\/wp\/v2\/media\/85548"}],"wp:attachment":[{"href":"https:\/\/kingarms.ee\/fi\/wp-json\/wp\/v2\/media?parent=85521"}],"wp:term":[{"taxonomy":"product_brand","embeddable":true,"href":"https:\/\/kingarms.ee\/fi\/wp-json\/wp\/v2\/product_brand?post=85521"},{"taxonomy":"product_cat","embeddable":true,"href":"https:\/\/kingarms.ee\/fi\/wp-json\/wp\/v2\/product_cat?post=85521"},{"taxonomy":"product_tag","embeddable":true,"href":"https:\/\/kingarms.ee\/fi\/wp-json\/wp\/v2\/product_tag?post=85521"}],"curies":[{"name":"wp","href":"https:\/\/api.w.org\/{rel}","templated":true}]}}