{"id":85544,"date":"2023-12-05T17:53:47","date_gmt":"2023-12-05T14:54:27","guid":{"rendered":"https:\/\/kingarms.ee\/product\/sck-hihnalla-cw-832-2\/"},"modified":"2024-08-06T15:00:01","modified_gmt":"2024-08-06T12:00:01","slug":"sck-rihmanuga-cw-832-2","status":"publish","type":"product","link":"https:\/\/kingarms.ee\/fi\/product\/sck-rihmanuga-cw-832-2\/","title":{"rendered":"SCK hihnalla (CW-832-2)"},"content":{"rendered":"<p><img loading=\"lazy\" decoding=\"async\" class=\"alignnone size-full wp-image-85538\" src=\"https:\/\/kingarms.ee\/wp-content\/uploads\/2023\/12\/belt-knife-cw-832-2.jpeg\" alt=\"\" width=\"1000\" height=\"1000\" srcset=\"https:\/\/kingarms.ee\/wp-content\/uploads\/2023\/12\/belt-knife-cw-832-2.jpeg 1000w, https:\/\/kingarms.ee\/wp-content\/uploads\/2023\/12\/belt-knife-cw-832-2-300x300.jpeg 300w, https:\/\/kingarms.ee\/wp-content\/uploads\/2023\/12\/belt-knife-cw-832-2-150x150.jpeg 150w, https:\/\/kingarms.ee\/wp-content\/uploads\/2023\/12\/belt-knife-cw-832-2-768x768.jpeg 768w, https:\/\/kingarms.ee\/wp-content\/uploads\/2023\/12\/belt-knife-cw-832-2-500x500.jpeg 500w\" sizes=\"auto, (max-width: 1000px) 100vw, 1000px\" \/><\/p>\n","protected":false},"excerpt":{"rendered":"<p>Vy\u00f6veitsi<br \/>\nMusta ter\u00e4 ruostumattomasta ter\u00e4ksest\u00e4<br \/>\nPolymeerikumista valmistettu olividrab-kahva<br \/>\nKovat polymeeriset k\u00e4det, joissa on reiden hihnat ja solkisuljenta.<br \/>\nTera pituus 110mm<br \/>\nPaino: 100g<\/p>\n","protected":false},"featured_media":85540,"template":"","meta":{"_acf_changed":false},"product_brand":[],"product_cat":[662],"product_tag":[],"class_list":{"0":"post-85544","1":"product","2":"type-product","3":"status-publish","4":"has-post-thumbnail","6":"product_cat-noad-fi","8":"first","9":"instock","10":"taxable","11":"shipping-taxable","12":"purchasable","13":"product-type-simple"},"acf":[],"_links":{"self":[{"href":"https:\/\/kingarms.ee\/fi\/wp-json\/wp\/v2\/product\/85544","targetHints":{"allow":["GET"]}}],"collection":[{"href":"https:\/\/kingarms.ee\/fi\/wp-json\/wp\/v2\/product"}],"about":[{"href":"https:\/\/kingarms.ee\/fi\/wp-json\/wp\/v2\/types\/product"}],"wp:featuredmedia":[{"embeddable":true,"href":"https:\/\/kingarms.ee\/fi\/wp-json\/wp\/v2\/media\/85540"}],"wp:attachment":[{"href":"https:\/\/kingarms.ee\/fi\/wp-json\/wp\/v2\/media?parent=85544"}],"wp:term":[{"taxonomy":"product_brand","embeddable":true,"href":"https:\/\/kingarms.ee\/fi\/wp-json\/wp\/v2\/product_brand?post=85544"},{"taxonomy":"product_cat","embeddable":true,"href":"https:\/\/kingarms.ee\/fi\/wp-json\/wp\/v2\/product_cat?post=85544"},{"taxonomy":"product_tag","embeddable":true,"href":"https:\/\/kingarms.ee\/fi\/wp-json\/wp\/v2\/product_tag?post=85544"}],"curies":[{"name":"wp","href":"https:\/\/api.w.org\/{rel}","templated":true}]}}