{"id":85737,"date":"2023-12-05T20:31:28","date_gmt":"2023-12-05T17:32:44","guid":{"rendered":"https:\/\/kingarms.ee\/product\/mk2-kranaatti-gbb\/"},"modified":"2024-08-06T14:49:03","modified_gmt":"2024-08-06T11:49:03","slug":"mk2-casigranate-gbb","status":"publish","type":"product","link":"https:\/\/kingarms.ee\/fi\/product\/mk2-casigranate-gbb\/","title":{"rendered":"MK2 kranaatti (GBB)"},"content":{"rendered":"<p><img loading=\"lazy\" decoding=\"async\" class=\"alignnone size-full wp-image-85729\" src=\"https:\/\/kingarms.ee\/wp-content\/uploads\/2023\/12\/mk2-gas-hand-granade-tan-sy838t.jpeg\" alt=\"\" width=\"1000\" height=\"1000\" srcset=\"https:\/\/kingarms.ee\/wp-content\/uploads\/2023\/12\/mk2-gas-hand-granade-tan-sy838t.jpeg 1000w, https:\/\/kingarms.ee\/wp-content\/uploads\/2023\/12\/mk2-gas-hand-granade-tan-sy838t-300x300.jpeg 300w, https:\/\/kingarms.ee\/wp-content\/uploads\/2023\/12\/mk2-gas-hand-granade-tan-sy838t-150x150.jpeg 150w, https:\/\/kingarms.ee\/wp-content\/uploads\/2023\/12\/mk2-gas-hand-granade-tan-sy838t-768x768.jpeg 768w, https:\/\/kingarms.ee\/wp-content\/uploads\/2023\/12\/mk2-gas-hand-granade-tan-sy838t-500x500.jpeg 500w\" sizes=\"auto, (max-width: 1000px) 100vw, 1000px\" \/><\/p>\n","protected":false},"excerpt":{"rendered":"<p>K\u00e4sikranaatti MK2-tyylinen<br \/>\nMetalli<br \/>\nKranaatti toimii vihre\u00e4ll\u00e4 kaasulla (GBB).<br \/>\nKapasiteetti 18 luotia 6mm tai 4.5mm<br \/>\nS\u00e4\u00e4dett\u00e4v\u00e4t taimet<br \/>\nMukana 4x 18bb py\u00f6re\u00e4\u00e4 sis\u00e4lt\u00f6\u00e4 + 8x kumitiivistett\u00e4<br \/>\nMitat 60 x 60 x 115 mm<br \/>\nPaino 340g<\/p>\n","protected":false},"featured_media":88257,"template":"","meta":{"_acf_changed":false},"product_brand":[],"product_cat":[385],"product_tag":[],"class_list":{"0":"post-85737","1":"product","2":"type-product","3":"status-publish","4":"has-post-thumbnail","6":"product_cat-kranaatti","8":"first","9":"instock","10":"taxable","11":"shipping-taxable","12":"purchasable","13":"product-type-simple"},"acf":[],"_links":{"self":[{"href":"https:\/\/kingarms.ee\/fi\/wp-json\/wp\/v2\/product\/85737","targetHints":{"allow":["GET"]}}],"collection":[{"href":"https:\/\/kingarms.ee\/fi\/wp-json\/wp\/v2\/product"}],"about":[{"href":"https:\/\/kingarms.ee\/fi\/wp-json\/wp\/v2\/types\/product"}],"wp:featuredmedia":[{"embeddable":true,"href":"https:\/\/kingarms.ee\/fi\/wp-json\/wp\/v2\/media\/88257"}],"wp:attachment":[{"href":"https:\/\/kingarms.ee\/fi\/wp-json\/wp\/v2\/media?parent=85737"}],"wp:term":[{"taxonomy":"product_brand","embeddable":true,"href":"https:\/\/kingarms.ee\/fi\/wp-json\/wp\/v2\/product_brand?post=85737"},{"taxonomy":"product_cat","embeddable":true,"href":"https:\/\/kingarms.ee\/fi\/wp-json\/wp\/v2\/product_cat?post=85737"},{"taxonomy":"product_tag","embeddable":true,"href":"https:\/\/kingarms.ee\/fi\/wp-json\/wp\/v2\/product_tag?post=85737"}],"curies":[{"name":"wp","href":"https:\/\/api.w.org\/{rel}","templated":true}]}}