{"id":85759,"date":"2023-12-05T20:41:41","date_gmt":"2023-12-05T17:42:21","guid":{"rendered":"https:\/\/kingarms.ee\/product\/m18-kasikranaatti-vihrea-gbb\/"},"modified":"2024-08-06T14:47:38","modified_gmt":"2024-08-06T11:47:38","slug":"m18-casigarnate-vihrea-gbb","status":"publish","type":"product","link":"https:\/\/kingarms.ee\/fi\/product\/m18-casigarnate-vihrea-gbb\/","title":{"rendered":"M18 K\u00e4sikranaatti vihre\u00e4 (GBB)"},"content":{"rendered":"<p><img loading=\"lazy\" decoding=\"async\" class=\"alignnone size-full wp-image-85752\" src=\"https:\/\/kingarms.ee\/wp-content\/uploads\/2023\/12\/grenade-a-mains-green-18-billes-full-metal-a-minuterie-reglable-a-gaz-airsoft.jpeg\" alt=\"\" width=\"600\" height=\"600\" srcset=\"https:\/\/kingarms.ee\/wp-content\/uploads\/2023\/12\/grenade-a-mains-green-18-billes-full-metal-a-minuterie-reglable-a-gaz-airsoft.jpeg 600w, https:\/\/kingarms.ee\/wp-content\/uploads\/2023\/12\/grenade-a-mains-green-18-billes-full-metal-a-minuterie-reglable-a-gaz-airsoft-300x300.jpeg 300w, https:\/\/kingarms.ee\/wp-content\/uploads\/2023\/12\/grenade-a-mains-green-18-billes-full-metal-a-minuterie-reglable-a-gaz-airsoft-150x150.jpeg 150w, https:\/\/kingarms.ee\/wp-content\/uploads\/2023\/12\/grenade-a-mains-green-18-billes-full-metal-a-minuterie-reglable-a-gaz-airsoft-500x500.jpeg 500w\" sizes=\"auto, (max-width: 600px) 100vw, 600px\" \/><\/p>\n","protected":false},"excerpt":{"rendered":"<p>K\u00e4sikranaatti vihre\u00e4 M18-tyylinen<br \/>\nMetalli<br \/>\nKranaatti toimii vihre\u00e4ll\u00e4 kaasulla (GBB).<br \/>\nKapasiteetti 18 luotia 6mm tai 4.5mm<br \/>\nS\u00e4\u00e4dett\u00e4v\u00e4t taimet<br \/>\nMitat 55 x 55 x 135 mm<br \/>\nPaino 370g<\/p>\n","protected":false},"featured_media":88265,"template":"","meta":{"_acf_changed":false},"product_brand":[],"product_cat":[385],"product_tag":[],"class_list":{"0":"post-85759","1":"product","2":"type-product","3":"status-publish","4":"has-post-thumbnail","6":"product_cat-kranaatti","8":"first","9":"onbackorder","10":"taxable","11":"shipping-taxable","12":"product-type-simple"},"acf":[],"_links":{"self":[{"href":"https:\/\/kingarms.ee\/fi\/wp-json\/wp\/v2\/product\/85759","targetHints":{"allow":["GET"]}}],"collection":[{"href":"https:\/\/kingarms.ee\/fi\/wp-json\/wp\/v2\/product"}],"about":[{"href":"https:\/\/kingarms.ee\/fi\/wp-json\/wp\/v2\/types\/product"}],"wp:featuredmedia":[{"embeddable":true,"href":"https:\/\/kingarms.ee\/fi\/wp-json\/wp\/v2\/media\/88265"}],"wp:attachment":[{"href":"https:\/\/kingarms.ee\/fi\/wp-json\/wp\/v2\/media?parent=85759"}],"wp:term":[{"taxonomy":"product_brand","embeddable":true,"href":"https:\/\/kingarms.ee\/fi\/wp-json\/wp\/v2\/product_brand?post=85759"},{"taxonomy":"product_cat","embeddable":true,"href":"https:\/\/kingarms.ee\/fi\/wp-json\/wp\/v2\/product_cat?post=85759"},{"taxonomy":"product_tag","embeddable":true,"href":"https:\/\/kingarms.ee\/fi\/wp-json\/wp\/v2\/product_tag?post=85759"}],"curies":[{"name":"wp","href":"https:\/\/api.w.org\/{rel}","templated":true}]}}