{"id":85852,"date":"2023-12-05T21:23:51","date_gmt":"2023-12-05T18:24:23","guid":{"rendered":"https:\/\/kingarms.ee\/product\/hi-capa-3-8-me\/"},"modified":"2024-08-06T14:43:20","modified_gmt":"2024-08-06T11:43:20","slug":"hi-capa-3-8-we","status":"publish","type":"product","link":"https:\/\/kingarms.ee\/fi\/product\/hi-capa-3-8-we\/","title":{"rendered":"HI-CAPA 3.8 (ME)"},"content":{"rendered":"<p><img loading=\"lazy\" decoding=\"async\" class=\"alignnone size-full wp-image-85840\" src=\"https:\/\/kingarms.ee\/wp-content\/uploads\/2023\/12\/we-gas-pistol-hi-capa-38-wet-3-deinonychus-black-wh7wet-3.jpeg\" alt=\"\" width=\"1000\" height=\"1000\" srcset=\"https:\/\/kingarms.ee\/wp-content\/uploads\/2023\/12\/we-gas-pistol-hi-capa-38-wet-3-deinonychus-black-wh7wet-3.jpeg 1000w, https:\/\/kingarms.ee\/wp-content\/uploads\/2023\/12\/we-gas-pistol-hi-capa-38-wet-3-deinonychus-black-wh7wet-3-300x300.jpeg 300w, https:\/\/kingarms.ee\/wp-content\/uploads\/2023\/12\/we-gas-pistol-hi-capa-38-wet-3-deinonychus-black-wh7wet-3-150x150.jpeg 150w, https:\/\/kingarms.ee\/wp-content\/uploads\/2023\/12\/we-gas-pistol-hi-capa-38-wet-3-deinonychus-black-wh7wet-3-768x768.jpeg 768w, https:\/\/kingarms.ee\/wp-content\/uploads\/2023\/12\/we-gas-pistol-hi-capa-38-wet-3-deinonychus-black-wh7wet-3-500x500.jpeg 500w\" sizes=\"auto, (max-width: 1000px) 100vw, 1000px\" \/><\/p>\n","protected":false},"excerpt":{"rendered":"<p>Kaasupistooli HI-CAPA 3.8<br \/>\nValmistettu metallisesta kelkan ja polymeerirungosta<br \/>\nBlowback-j\u00e4rjestelm\u00e4 (Blowback)<br \/>\nReiliin on mahdollista asentaa lasersiru.<br \/>\nSalvokapasiteetti 25 palloa<br \/>\nSulakerasia ja yksitt\u00e4inen laukaus<br \/>\nPuristin on s\u00e4\u00e4dett\u00e4viss\u00e4<br \/>\nPituus 190mm<br \/>\nPaino 940g<\/p>\n","protected":false},"featured_media":85842,"template":"","meta":{"_acf_changed":false},"product_brand":[],"product_cat":[252],"product_tag":[],"class_list":{"0":"post-85852","1":"product","2":"type-product","3":"status-publish","4":"has-post-thumbnail","6":"product_cat-kaasutoimiset-aseet","8":"first","9":"onbackorder","10":"taxable","11":"shipping-taxable","12":"product-type-simple"},"acf":[],"_links":{"self":[{"href":"https:\/\/kingarms.ee\/fi\/wp-json\/wp\/v2\/product\/85852","targetHints":{"allow":["GET"]}}],"collection":[{"href":"https:\/\/kingarms.ee\/fi\/wp-json\/wp\/v2\/product"}],"about":[{"href":"https:\/\/kingarms.ee\/fi\/wp-json\/wp\/v2\/types\/product"}],"wp:featuredmedia":[{"embeddable":true,"href":"https:\/\/kingarms.ee\/fi\/wp-json\/wp\/v2\/media\/85842"}],"wp:attachment":[{"href":"https:\/\/kingarms.ee\/fi\/wp-json\/wp\/v2\/media?parent=85852"}],"wp:term":[{"taxonomy":"product_brand","embeddable":true,"href":"https:\/\/kingarms.ee\/fi\/wp-json\/wp\/v2\/product_brand?post=85852"},{"taxonomy":"product_cat","embeddable":true,"href":"https:\/\/kingarms.ee\/fi\/wp-json\/wp\/v2\/product_cat?post=85852"},{"taxonomy":"product_tag","embeddable":true,"href":"https:\/\/kingarms.ee\/fi\/wp-json\/wp\/v2\/product_tag?post=85852"}],"curies":[{"name":"wp","href":"https:\/\/api.w.org\/{rel}","templated":true}]}}