{"id":90109,"date":"2023-12-29T14:46:22","date_gmt":"2023-12-29T11:46:22","guid":{"rendered":"https:\/\/kingarms.ee\/product\/makarov-pm49-ilmakivaari-jossa-on-rekyylijarjestelma\/"},"modified":"2024-08-06T14:20:37","modified_gmt":"2024-08-06T11:20:37","slug":"ohkrelv-makarov-pm49-tagasiloogiga","status":"publish","type":"product","link":"https:\/\/kingarms.ee\/fi\/product\/ohkrelv-makarov-pm49-tagasiloogiga\/","title":{"rendered":"Makarov PM49 ilmakiv\u00e4\u00e4ri, jossa on rekyylij\u00e4rjestelm\u00e4"},"content":{"rendered":"<p><img loading=\"lazy\" decoding=\"async\" class=\"alignnone size-full wp-image-90102\" src=\"https:\/\/kingarms.ee\/wp-content\/uploads\/2023\/12\/KingArms.jpg\" alt=\"\" width=\"619\" height=\"479\" srcset=\"https:\/\/kingarms.ee\/wp-content\/uploads\/2023\/12\/KingArms.jpg 619w, https:\/\/kingarms.ee\/wp-content\/uploads\/2023\/12\/KingArms-300x232.jpg 300w, https:\/\/kingarms.ee\/wp-content\/uploads\/2023\/12\/KingArms-500x387.jpg 500w, https:\/\/kingarms.ee\/wp-content\/uploads\/2023\/12\/KingArms-150x116.jpg 150w\" sizes=\"auto, (max-width: 619px) 100vw, 619px\" \/><\/p>\n","protected":false},"excerpt":{"rendered":"<p>Borner PM49 Blowback on Makarov-pistoolin kopio, joka ampuu py\u00f6reit\u00e4 luoteja. Ase liikuttaa kelkkaa (takaisku).<\/p>\n<p>Kaliiperi: 4,5 mm (.177).<br \/>\nEnergial\u00e4hde: CO2-pullo.<br \/>\nLuotien l\u00e4ht\u00f6nopeus: jopa 120 m\/s.<br \/>\nLuotityyppi: BB:t, py\u00f6re\u00e4t ter\u00e4spallot.<\/p>\n","protected":false},"featured_media":148258,"template":"","meta":{"_acf_changed":false},"product_brand":[],"product_cat":[672],"product_tag":[],"class_list":{"0":"post-90109","1":"product","2":"type-product","3":"status-publish","4":"has-post-thumbnail","6":"product_cat-pienaseet","8":"first","9":"instock","10":"taxable","11":"shipping-taxable","12":"purchasable","13":"product-type-simple"},"acf":[],"_links":{"self":[{"href":"https:\/\/kingarms.ee\/fi\/wp-json\/wp\/v2\/product\/90109","targetHints":{"allow":["GET"]}}],"collection":[{"href":"https:\/\/kingarms.ee\/fi\/wp-json\/wp\/v2\/product"}],"about":[{"href":"https:\/\/kingarms.ee\/fi\/wp-json\/wp\/v2\/types\/product"}],"wp:featuredmedia":[{"embeddable":true,"href":"https:\/\/kingarms.ee\/fi\/wp-json\/wp\/v2\/media\/148258"}],"wp:attachment":[{"href":"https:\/\/kingarms.ee\/fi\/wp-json\/wp\/v2\/media?parent=90109"}],"wp:term":[{"taxonomy":"product_brand","embeddable":true,"href":"https:\/\/kingarms.ee\/fi\/wp-json\/wp\/v2\/product_brand?post=90109"},{"taxonomy":"product_cat","embeddable":true,"href":"https:\/\/kingarms.ee\/fi\/wp-json\/wp\/v2\/product_cat?post=90109"},{"taxonomy":"product_tag","embeddable":true,"href":"https:\/\/kingarms.ee\/fi\/wp-json\/wp\/v2\/product_tag?post=90109"}],"curies":[{"name":"wp","href":"https:\/\/api.w.org\/{rel}","templated":true}]}}