{"id":90997,"date":"2024-01-03T14:23:20","date_gmt":"2024-01-03T11:24:05","guid":{"rendered":"https:\/\/kingarms.ee\/product\/strike-eagle-1-6x24-30mmvortex\/"},"modified":"2024-08-06T14:19:10","modified_gmt":"2024-08-06T11:19:10","slug":"strike-eagle-1-6x24-30mmvortex","status":"publish","type":"product","link":"https:\/\/kingarms.ee\/fi\/product\/strike-eagle-1-6x24-30mmvortex\/","title":{"rendered":"Strike Eagle 1-6&#215;24 30mm(Vortex)"},"content":{"rendered":"","protected":false},"excerpt":{"rendered":"<p>Strike Eagle 1-6&#215;24 30mm(Vortex)<\/p>\n<p>Vortex Strike Eagle 1-6&#215;24 on monik\u00e4ytt\u00f6inen mets\u00e4stys-\/urheilut\u00e4ht\u00e4in, jossa on taustavalaistu AR-BDC3-kohde ja pikazoomausvipu.<\/p>\n<p>Toisen sukupolven Vortex Strike Eeagle -optiikka sis\u00e4lt\u00e4\u00e4 useita merkitt\u00e4vi\u00e4 suunnittelumuutoksia, jotka mahdollistavat nopeamman maalin asettamisen, l\u00e4hi- ja kaukoammunnan (jopa 595 m) ja v\u00e4litt\u00f6m\u00e4n suurennuksen vaihtamisen jokaisen laukauksen j\u00e4lkeen.<\/p>\n<p>Rebound ja s\u00e4\u00e4nkest\u00e4v\u00e4 rakenne<br \/>\nYksiosainen runko on valmistettu yhdest\u00e4 kappaleesta 6061-T6 lentokonealumiinia, mik\u00e4 takaa iskunkest\u00e4vyyden, korroosion ja mekaanisten vaurioiden kest\u00e4vyyden.<\/p>\n<p>Anodisoidussa putkessa on eritt\u00e4in kest\u00e4v\u00e4 heijastamaton pintak\u00e4sittely, joka est\u00e4\u00e4 naarmuja ja pintakitkaa.<\/p>\n<p>Tarkka tiivistys ja optiikan t\u00e4ytt\u00e4minen kuivalla typell\u00e4 eliminoi t\u00e4ysin linssin sis\u00e4isen haihtumisen (kastumisen) ongelman ja tarjoaa IPX7-luokituksen mukaisen suojan, mik\u00e4 tekee kaukoputkesta sateen, lumen ja veden kest\u00e4v\u00e4n.<\/p>\n<p>Halkaisijaltaan 30 mm:n piipussa on laaja pystysuuntainen ja vaakasuuntainen s\u00e4\u00e4t\u00f6alue (140 MOA), joka mahdollistaa ampumisen jopa 595 metriin asti.<\/p>\n<p>Ulkolinsseiss\u00e4 on kova ja kest\u00e4v\u00e4 ArmorTek-pinnoite, joka suojaa niit\u00e4 naarmuilta, lialta, kosteudelta ja \u00f6ljyilt\u00e4.<\/p>\n<p>T\u00e4m\u00e4n rakenteen ansiosta kiikareita voidaan k\u00e4ytt\u00e4\u00e4 turvallisesti kaikissa s\u00e4\u00e4olosuhteissa ilman pelkoa optiikan vahingoittumisesta.<\/p>\n<p>Okulaarissa on k\u00e4tev\u00e4 zoomausvipu, jonka avulla voit vaihtaa suurennosta nopeasti kuvien v\u00e4lill\u00e4.<\/p>\n<p>Ritil\u00e4n s\u00e4\u00e4t\u00f6\u00e4 varten on katetut matalaprofiiliset revolverinupit, jotka on varustettu \u00e4\u00e4nenvaimenninsuojilla, joiden avulla voit muuttaa asetuksia my\u00f6s k\u00e4sineet k\u00e4dess\u00e4si. Tornin napsautus siirt\u00e4\u00e4 verkkoa 1\/2 MOA (14,55 mm\/100 m). Verkon koko s\u00e4\u00e4t\u00f6alue on 140 MOA pysty- ja vaakasuunnassa.<\/p>\n<p>Vortex Strike Eagle 1-6&#215;24 on monipuolinen ja luotettava varsijousi, joka sopii erinomaisesti ryhm\u00e4mets\u00e4stykseen ja 3Pistoolin dynaamiseen ampumaoptiikkaan.<\/p>\n","protected":false},"featured_media":90977,"template":"","meta":{"_acf_changed":false},"product_brand":[],"product_cat":[248,659],"product_tag":[],"class_list":{"0":"post-90997","1":"product","2":"type-product","3":"status-publish","4":"has-post-thumbnail","6":"product_cat-kohteet","7":"product_cat-optiset-tahtaimet","9":"first","10":"instock","11":"taxable","12":"shipping-taxable","13":"purchasable","14":"product-type-simple"},"acf":[],"_links":{"self":[{"href":"https:\/\/kingarms.ee\/fi\/wp-json\/wp\/v2\/product\/90997","targetHints":{"allow":["GET"]}}],"collection":[{"href":"https:\/\/kingarms.ee\/fi\/wp-json\/wp\/v2\/product"}],"about":[{"href":"https:\/\/kingarms.ee\/fi\/wp-json\/wp\/v2\/types\/product"}],"wp:featuredmedia":[{"embeddable":true,"href":"https:\/\/kingarms.ee\/fi\/wp-json\/wp\/v2\/media\/90977"}],"wp:attachment":[{"href":"https:\/\/kingarms.ee\/fi\/wp-json\/wp\/v2\/media?parent=90997"}],"wp:term":[{"taxonomy":"product_brand","embeddable":true,"href":"https:\/\/kingarms.ee\/fi\/wp-json\/wp\/v2\/product_brand?post=90997"},{"taxonomy":"product_cat","embeddable":true,"href":"https:\/\/kingarms.ee\/fi\/wp-json\/wp\/v2\/product_cat?post=90997"},{"taxonomy":"product_tag","embeddable":true,"href":"https:\/\/kingarms.ee\/fi\/wp-json\/wp\/v2\/product_tag?post=90997"}],"curies":[{"name":"wp","href":"https:\/\/api.w.org\/{rel}","templated":true}]}}