{"id":91048,"date":"2024-01-03T14:42:12","date_gmt":"2024-01-03T11:43:04","guid":{"rendered":"https:\/\/kingarms.ee\/product\/crossfire-ii-1-4x24-30mm-v-britevortex\/"},"modified":"2024-08-06T14:17:45","modified_gmt":"2024-08-06T11:17:45","slug":"crossfire-ii-1-4x24-30mm-v-britevortex","status":"publish","type":"product","link":"https:\/\/kingarms.ee\/fi\/product\/crossfire-ii-1-4x24-30mm-v-britevortex\/","title":{"rendered":"Crossfire II 1-4&#215;24 30mm V-BRITE(vortex)"},"content":{"rendered":"","protected":false},"excerpt":{"rendered":"<p>Crossfire II 1-4&#215;24 30mm V-BRITE(vortex)<\/p>\n<p>Vortex Crossfire II 1-4\u00d724 on ohjattuun ryhm\u00e4mets\u00e4stykseen suunniteltu kiikarit\u00e4ht\u00e4in. Yhteisen mets\u00e4stystilanteen dynamiikan ja turvallisuuden ehdottoman v\u00e4ltt\u00e4m\u00e4tt\u00f6myyden vuoksi ensisijainen kriteeri t\u00e4llaisten kiv\u00e4\u00e4rin t\u00e4ht\u00e4inten arvioinnissa on laaja n\u00e4k\u00f6kentt\u00e4. Kuvassa esitetty alue kattaa 35 m\/100 m yhdell\u00e4 suurennoksella, ja kuva on v\u00e4\u00e4ristym\u00e4t\u00f6n ja ter\u00e4v\u00e4 aina n\u00e4k\u00f6kent\u00e4n reunaan asti. Kun katsot sen l\u00e4pi, saat vaikutelman, ett\u00e4 n\u00e4et kohteen okulaarin tasossa (ilman &#8220;v\u00e4\u00e4nt\u00f6momenttivaikutusta&#8221;). Koska kohde toistetaan luonnollisissa mittasuhteissa, kaksitahoinen t\u00e4ht\u00e4\u00e4minen on mahdollista, mik\u00e4 antaa rajoittamattoman kuvan tilanteesta ja lis\u00e4\u00e4 huomattavasti ampumisturvallisuutta.<\/p>\n<p>Halkaisijaltaan 30 mm:n putkeen perustuvan t\u00e4ht\u00e4imen vahva rakenne kest\u00e4\u00e4 voimakkaimpien mets\u00e4styskaliipereiden rekyyli\u00e4. Ampujan turvallisuuden varmistamiseksi silm\u00e4net\u00e4isyys on nostettu 11 cm:iin. Yleisk\u00e4ytt\u00f6isen V-Brite-etsimen, jossa on kirkas keskipiste, jonka voimakkuus on s\u00e4\u00e4dett\u00e4viss\u00e4 asteittain, avulla voit s\u00e4\u00e4t\u00e4\u00e4 pisteen kirkkautta kaikkiin olosuhteisiin sopivaksi &#8211; olipa kyseess\u00e4 sitten varjoisalla harjujaksolla pilvisen\u00e4 p\u00e4iv\u00e4n\u00e4 putoaminen tai taittaminen kuvataksesi t\u00e4ydess\u00e4 auringonvalossa lunta vasten.<\/p>\n<p>Optiikka:<\/p>\n<p>Heijastuksenestopinnoitteet &#8211; koe kirkas kuva my\u00f6s pilvisess\u00e4 tai h\u00e4m\u00e4r\u00e4ss\u00e4 valaistuksessa monikerroksisten heijastuksenestopinnoitteiden ansiosta.<br \/>\nRistikko taustalla &#8211; arvioi tarkasti et\u00e4isyys kohteeseen, tee tarkkoja korjauksia ja osu kohteeseen joka kerta ristikon ansiosta, joka ei kasva koko tarkennusalueella.<br \/>\nRakentaminen:<\/p>\n<p>30 mm:n putki &#8211; kirkkaamman ja kest\u00e4v\u00e4mm\u00e4n putken ansiosta voit nauttia mets\u00e4styksest\u00e4si mihin aikaan p\u00e4iv\u00e4st\u00e4 tai y\u00f6st\u00e4 tahansa.<br \/>\nyksiosainen putki &#8211; mets\u00e4stysolosuhteista riippumatta kiikarisi kest\u00e4\u00e4 sadetta, lunta ja p\u00f6ly\u00e4 s\u00e4ilytt\u00e4en samalla kirkkaan ja ter\u00e4v\u00e4n kuvan tarkkuusoptiikan ansiosta.<br \/>\nilmailualumiini &#8211; ilmailualan teknologia, joka tekee t\u00e4ht\u00e4imest\u00e4si kevyen ja eritt\u00e4in vastustuskykyisen kaikenlaisille iskuille ja vaurioille.<br \/>\nvedenpit\u00e4v\u00e4 &#8211; mets\u00e4st\u00e4\u00e4 jopa kaatosateessa tai hiekkamyrskyss\u00e4. Tiivisteet est\u00e4v\u00e4t tehokkaasti kosteuden, p\u00f6lyn ja lian tunkeutumisen ja takaavat luotettavuuden eritt\u00e4in ankarissa olosuhteissa.<br \/>\nKastevastus &#8211; onko sinulla koskaan ollut linssi\u00e4, joka huurtuu sis\u00e4lt\u00e4p\u00e4in ja tekee t\u00e4ht\u00e4\u00e4misen t\u00e4ysin mahdottomaksi? Typpit\u00e4ytteen ansiosta v\u00e4ltyt tilanteelta, jossa linssit haihtuvat l\u00e4mp\u00f6tilaerojen vuoksi.<br \/>\nanodisoitu pinnoite &#8211; anodisoidun pinnoitteen ansiosta entist\u00e4kin parempi kest\u00e4vyys. T\u00e4m\u00e4 suojus suojaa t\u00e4ht\u00e4int\u00e4si naarmuilta ja korroosiolta monien vuosien ajan. Anodisointiv\u00e4ri helpottaa ampuma-asennon peitt\u00e4mist\u00e4.<br \/>\nkatetut tornit nollauslaitteilla &#8211; niiden palauttaminen alkuper\u00e4iseen asentoon ei ole koskaan ollut helpompaa tai nopeampaa. Lis\u00e4ksi tornien peitt\u00e4minen suojaa niit\u00e4 huonolta s\u00e4\u00e4lt\u00e4, p\u00f6lylt\u00e4 ja siit\u00e4 aiheutuvilta vaurioilta.<\/p>\n","protected":false},"featured_media":91028,"template":"","meta":{"_acf_changed":false},"product_brand":[],"product_cat":[248,659],"product_tag":[],"class_list":{"0":"post-91048","1":"product","2":"type-product","3":"status-publish","4":"has-post-thumbnail","6":"product_cat-kohteet","7":"product_cat-optiset-tahtaimet","9":"first","10":"onbackorder","11":"taxable","12":"shipping-taxable","13":"product-type-simple"},"acf":[],"_links":{"self":[{"href":"https:\/\/kingarms.ee\/fi\/wp-json\/wp\/v2\/product\/91048","targetHints":{"allow":["GET"]}}],"collection":[{"href":"https:\/\/kingarms.ee\/fi\/wp-json\/wp\/v2\/product"}],"about":[{"href":"https:\/\/kingarms.ee\/fi\/wp-json\/wp\/v2\/types\/product"}],"wp:featuredmedia":[{"embeddable":true,"href":"https:\/\/kingarms.ee\/fi\/wp-json\/wp\/v2\/media\/91028"}],"wp:attachment":[{"href":"https:\/\/kingarms.ee\/fi\/wp-json\/wp\/v2\/media?parent=91048"}],"wp:term":[{"taxonomy":"product_brand","embeddable":true,"href":"https:\/\/kingarms.ee\/fi\/wp-json\/wp\/v2\/product_brand?post=91048"},{"taxonomy":"product_cat","embeddable":true,"href":"https:\/\/kingarms.ee\/fi\/wp-json\/wp\/v2\/product_cat?post=91048"},{"taxonomy":"product_tag","embeddable":true,"href":"https:\/\/kingarms.ee\/fi\/wp-json\/wp\/v2\/product_tag?post=91048"}],"curies":[{"name":"wp","href":"https:\/\/api.w.org\/{rel}","templated":true}]}}