{"id":91080,"date":"2024-01-03T15:19:25","date_gmt":"2024-01-03T12:19:55","guid":{"rendered":"https:\/\/kingarms.ee\/product\/vortex-micro-6x-suurennos\/"},"modified":"2024-08-06T14:17:00","modified_gmt":"2024-08-06T11:17:00","slug":"vortex-micro-6x-uusiminen","status":"publish","type":"product","link":"https:\/\/kingarms.ee\/fi\/product\/vortex-micro-6x-uusiminen\/","title":{"rendered":"Vortex Micro 6x suurennos"},"content":{"rendered":"","protected":false},"excerpt":{"rendered":"<p>Vortex Micro 6x suurennos<\/p>\n<p>Vortex Micro6x on kompakti 6-kertaisen suurennoksen luuppi, jonka avulla voit s\u00e4\u00e4t\u00e4\u00e4 karbiinisi v\u00e4litt\u00f6m\u00e4sti pidemm\u00e4n kantaman ampumista varten. Vortex Micro6x on yhteensopiva kollimaattori- ja hologrammit\u00e4ht\u00e4imien kanssa.<\/p>\n<p>Luodinpidin kollimaattorille &#8211; ihanteellinen ratkaisu urheiluammuntaan ja aktiiviseen mets\u00e4stykseen.<br \/>\nSuurennuskiinnike kiinnittyy kollimaattorit\u00e4ht\u00e4imen ja ampujan silm\u00e4n v\u00e4liin, joten saat tarkemman n\u00e4kym\u00e4n. Vortex Hatch ei ainoastaan helpota t\u00e4ht\u00e4\u00e4mist\u00e4 pidemmilt\u00e4 et\u00e4isyyksilt\u00e4, vaan se my\u00f6s parantaa perinteisen 1\u00d7 suurennuskollimmaattorin ominaisuuksia. Mahdollisuus s\u00e4\u00e4t\u00e4\u00e4 kiv\u00e4\u00e4ri v\u00e4litt\u00f6m\u00e4sti pidempien et\u00e4isyyksien ampumista varten yhdistettyn\u00e4 suurennuksen suhteellisen alhaisiin kustannuksiin (verrattuna tarkkuuskaukoputkeen) tekee siit\u00e4 erityisen suositun urheiluampujien, sotilaiden ja mets\u00e4st\u00e4jien keskuudessa. Suurennuslasi on ihanteellinen ratkaisu ampujille, jotka haluavat k\u00e4ytt\u00e4\u00e4 kollimaattorin\/hologrammin tarjoamaa todellista 1 \u00d7 suurennosta ja lis\u00e4t\u00e4 ampumaet\u00e4isyytt\u00e4\u00e4n 6 \u00d7 suurennokseen milloin tahansa.<\/p>\n<p>Vortex Micro6x:n edut:<br \/>\n6-kertainen suurennos holografisia ja kollimaattorikuvia varten<br \/>\nmatalaprofiiliset upotetut tornit<br \/>\nmahdollisuus k\u00e4ytt\u00e4\u00e4 monokulaaria luolan tarkkailuun.<br \/>\nihanteellinen dynaamiseen valokuvaukseen ja mets\u00e4stykseen<br \/>\ns\u00e4\u00e4dett\u00e4v\u00e4 kokoontaitettava puristin, k\u00e4tev\u00e4 oikea- ja vasenk\u00e4tisille k\u00e4ytt\u00e4jille.<br \/>\nmahdollisuus asentaa suurennuslaite 3 eri korkeudelle asti<\/p>\n","protected":false},"featured_media":91090,"template":"","meta":{"_acf_changed":false},"product_brand":[],"product_cat":[248,911],"product_tag":[],"class_list":{"0":"post-91080","1":"product","2":"type-product","3":"status-publish","4":"has-post-thumbnail","6":"product_cat-kohteet","7":"product_cat-surennus","9":"first","10":"instock","11":"taxable","12":"shipping-taxable","13":"purchasable","14":"product-type-simple"},"acf":[],"_links":{"self":[{"href":"https:\/\/kingarms.ee\/fi\/wp-json\/wp\/v2\/product\/91080","targetHints":{"allow":["GET"]}}],"collection":[{"href":"https:\/\/kingarms.ee\/fi\/wp-json\/wp\/v2\/product"}],"about":[{"href":"https:\/\/kingarms.ee\/fi\/wp-json\/wp\/v2\/types\/product"}],"wp:featuredmedia":[{"embeddable":true,"href":"https:\/\/kingarms.ee\/fi\/wp-json\/wp\/v2\/media\/91090"}],"wp:attachment":[{"href":"https:\/\/kingarms.ee\/fi\/wp-json\/wp\/v2\/media?parent=91080"}],"wp:term":[{"taxonomy":"product_brand","embeddable":true,"href":"https:\/\/kingarms.ee\/fi\/wp-json\/wp\/v2\/product_brand?post=91080"},{"taxonomy":"product_cat","embeddable":true,"href":"https:\/\/kingarms.ee\/fi\/wp-json\/wp\/v2\/product_cat?post=91080"},{"taxonomy":"product_tag","embeddable":true,"href":"https:\/\/kingarms.ee\/fi\/wp-json\/wp\/v2\/product_tag?post=91080"}],"curies":[{"name":"wp","href":"https:\/\/api.w.org\/{rel}","templated":true}]}}