{"id":91551,"date":"2024-01-09T12:11:15","date_gmt":"2024-01-09T09:11:53","guid":{"rendered":"https:\/\/kingarms.ee\/product\/fenix-lr50r\/"},"modified":"2024-08-06T14:15:34","modified_gmt":"2024-08-06T11:15:34","slug":"fenix-lr50r","status":"publish","type":"product","link":"https:\/\/kingarms.ee\/fi\/product\/fenix-lr50r\/","title":{"rendered":"FENIX LR50R"},"content":{"rendered":"","protected":false},"excerpt":{"rendered":"<p>Fenix LR50R on vakavasti otettava ja kompakti superlamputyyppi. Suunniteltu erilaisiin etsint\u00e4- ja pelastusteht\u00e4viin ammattilaisille. Se on vain 163 mm pitk\u00e4, ja sen suurin valovoima on 12 000 lumenia ja valon kantama 950 metri\u00e4. Valokuvio on hyvin tasapainoinen ja valaisee kohteet sek\u00e4 kaukaa ett\u00e4 l\u00e4helt\u00e4. Saatavana on yhteens\u00e4 kuusi valovoimaa: max.12000 lm, max.6000 lm, max.3000 lm, 1000 lm, 350 lm, 50 lm. K\u00e4ytt\u00f6liittym\u00e4 on eritt\u00e4in yksinkertainen. Valaisimen sivussa on kaksi ruostumattomasta ter\u00e4ksest\u00e4 valmistettua kytkint\u00e4, joilla valaisin voidaan kytke\u00e4 p\u00e4\u00e4lle ja pois p\u00e4\u00e4lt\u00e4 sek\u00e4 muuttaa valovoimaa. Vakiotilojen lis\u00e4ksi LR50R:ss\u00e4 on my\u00f6s piilotetut stroboskooppi- ja SOS-tilat. LR50R on valmistajan ensimm\u00e4inen huippuluokan lamppu, jossa k\u00e4ytet\u00e4\u00e4n nelj\u00e4\u00e4 uuden sukupolven suurikapasiteettista 21700 Li-ion-akkua. Valaisimen mukana toimitetaan 21700-akkuihin perustuva akkupaketti, jonka kokonaiskapasiteetti on 16000mAh. Tarvittaessa lamppua voidaan k\u00e4ytt\u00e4\u00e4 my\u00f6s nelj\u00e4ll\u00e4 tavallisella suurikapasiteettisella 21700 Li-ion-tyypin akulla tai h\u00e4t\u00e4tilanteessa jopa kolmella, kahdella tai vain yhdell\u00e4 21700 Li-ion-tyypin akulla. LR50R voidaan ladata irrottamatta akkua lampusta. T\u00e4t\u00e4 varten valaisimen kylkeen on integroitu vedenpit\u00e4v\u00e4 ja s\u00e4\u00e4nkest\u00e4v\u00e4 USB-C-pikalatausportti (max. 4 A latausvirta). Pikalatausominaisuuden avulla voit ladata vakiomallisen LR50R 16000mAh:n akkupaketin riitt\u00e4v\u00e4ll\u00e4 teholla vain 4 tunnissa. Lis\u00e4ominaisuutena LR50R 16000mAh akkupakettia voidaan k\u00e4ytt\u00e4\u00e4 my\u00f6s akkupankkina latausportin kautta. Suurin l\u00e4ht\u00f6virta on jo 2,5 ampeeria. Kaikki tarvittava lampun lataamiseen ja akkupankkina k\u00e4ytt\u00e4miseen sis\u00e4ltyy t\u00e4ydelliseen lamppusarjaan. LR50R on eritt\u00e4in suuren valovoiman lamppu, jonka valoteho voi maksimitilassa sytytt\u00e4\u00e4 l\u00e4hell\u00e4 olevat esineet\/esineet. T\u00e4m\u00e4n tilanteen v\u00e4ltt\u00e4miseksi LR50R on varustettu tunnistimella, joka havaitsee lampun heijastimen l\u00e4hell\u00e4 olevat esineet (l\u00e4hemp\u00e4n\u00e4 kuin 6 cm) ja v\u00e4hent\u00e4\u00e4 automaattisesti valon voimakkuutta syttymis- tai ylikuumenemisvaaran v\u00e4ltt\u00e4miseksi (jos esineen l\u00e4heisyys havaitaan noin 1,5 sekunnin kuluessa). Kun vaaraa l\u00e4heisille esineille ei en\u00e4\u00e4 havaita, valaisin palaa automaattisesti alkuper\u00e4iseen voimakkuuteensa. LR50R:st\u00e4 ei tietenk\u00e4\u00e4n puutu kaikkia nykyaikaisen laatulampun ekstroja ja ominaisuuksia. Lampussa on esimerkiksi monivaiheinen virtal\u00e4hteen akun varaustason ilmaisin, lampun k\u00e4ytt\u00f6l\u00e4mp\u00f6tilaa seuraava ylikuumenemissuoja (aktiivinen lampun nelj\u00e4ll\u00e4 korkeimmalla valovoimakkuudella), elektroninen suojaus vahingossa kytkeytymiselt\u00e4, jalustakiinnike, olkahihna, heijastamaton optinen linssi jne. LR50R:n enimm\u00e4issuojausluokka on IP68 2m, testattu iskunkest\u00e4vyys on 1m ja se on suunniteltu toimimaan -35&#8230;+45 C:n k\u00e4ytt\u00f6l\u00e4mp\u00f6tiloissa. Jos etsit kompaktia, monik\u00e4ytt\u00f6ist\u00e4 etsint\u00e4valaisinta, Fenix LR50R on oikea valinta!<\/p>\n","protected":false},"featured_media":91534,"template":"","meta":{"_acf_changed":false},"product_brand":[],"product_cat":[273],"product_tag":[],"class_list":{"0":"post-91551","1":"product","2":"type-product","3":"status-publish","4":"has-post-thumbnail","6":"product_cat-valaisimet","8":"first","9":"instock","10":"taxable","11":"shipping-taxable","12":"purchasable","13":"product-type-simple"},"acf":[],"_links":{"self":[{"href":"https:\/\/kingarms.ee\/fi\/wp-json\/wp\/v2\/product\/91551","targetHints":{"allow":["GET"]}}],"collection":[{"href":"https:\/\/kingarms.ee\/fi\/wp-json\/wp\/v2\/product"}],"about":[{"href":"https:\/\/kingarms.ee\/fi\/wp-json\/wp\/v2\/types\/product"}],"wp:featuredmedia":[{"embeddable":true,"href":"https:\/\/kingarms.ee\/fi\/wp-json\/wp\/v2\/media\/91534"}],"wp:attachment":[{"href":"https:\/\/kingarms.ee\/fi\/wp-json\/wp\/v2\/media?parent=91551"}],"wp:term":[{"taxonomy":"product_brand","embeddable":true,"href":"https:\/\/kingarms.ee\/fi\/wp-json\/wp\/v2\/product_brand?post=91551"},{"taxonomy":"product_cat","embeddable":true,"href":"https:\/\/kingarms.ee\/fi\/wp-json\/wp\/v2\/product_cat?post=91551"},{"taxonomy":"product_tag","embeddable":true,"href":"https:\/\/kingarms.ee\/fi\/wp-json\/wp\/v2\/product_tag?post=91551"}],"curies":[{"name":"wp","href":"https:\/\/api.w.org\/{rel}","templated":true}]}}