{"id":92482,"date":"2024-01-15T13:45:39","date_gmt":"2024-01-15T13:44:48","guid":{"rendered":"https:\/\/kingarms.ee\/product\/paperipyssyloukku-guardian-extinction\/"},"modified":"2024-08-06T14:01:09","modified_gmt":"2024-08-06T11:01:09","slug":"paperipyssyloukku-guardian-extinction","status":"publish","type":"product","link":"https:\/\/kingarms.ee\/fi\/product\/paperipyssyloukku-guardian-extinction\/","title":{"rendered":"Paperipyssyloukku ,,Guardian Extinction,,"},"content":{"rendered":"","protected":false},"excerpt":{"rendered":"<p><span style=\"font-weight: 400;\">Loukun soveltuvuus:<\/span><\/p>\n<ul>\n<li style=\"font-weight: 400;\" aria-level=\"1\"><span style=\"font-weight: 400;\">Guardian Extinction<\/span><\/li>\n<\/ul>\n<p>M\u00e4\u00e4r\u00e4: 2kpl<\/p>\n<p>Materiaali: muovi<\/p>\n<p>Ansan kapasiteetti: 6 kpl<\/p>\n<p>Tarvittavat tarvikkeet: liima ja ruuvimeisseli<\/p>\n","protected":false},"featured_media":94258,"template":"","meta":{"_acf_changed":false},"product_brand":[],"product_cat":[974],"product_tag":[],"class_list":{"0":"post-92482","1":"product","2":"type-product","3":"status-publish","4":"has-post-thumbnail","6":"product_cat-paperiset-aseet","8":"first","9":"onbackorder","10":"taxable","11":"shipping-taxable","12":"product-type-simple"},"acf":[],"_links":{"self":[{"href":"https:\/\/kingarms.ee\/fi\/wp-json\/wp\/v2\/product\/92482","targetHints":{"allow":["GET"]}}],"collection":[{"href":"https:\/\/kingarms.ee\/fi\/wp-json\/wp\/v2\/product"}],"about":[{"href":"https:\/\/kingarms.ee\/fi\/wp-json\/wp\/v2\/types\/product"}],"wp:featuredmedia":[{"embeddable":true,"href":"https:\/\/kingarms.ee\/fi\/wp-json\/wp\/v2\/media\/94258"}],"wp:attachment":[{"href":"https:\/\/kingarms.ee\/fi\/wp-json\/wp\/v2\/media?parent=92482"}],"wp:term":[{"taxonomy":"product_brand","embeddable":true,"href":"https:\/\/kingarms.ee\/fi\/wp-json\/wp\/v2\/product_brand?post=92482"},{"taxonomy":"product_cat","embeddable":true,"href":"https:\/\/kingarms.ee\/fi\/wp-json\/wp\/v2\/product_cat?post=92482"},{"taxonomy":"product_tag","embeddable":true,"href":"https:\/\/kingarms.ee\/fi\/wp-json\/wp\/v2\/product_tag?post=92482"}],"curies":[{"name":"wp","href":"https:\/\/api.w.org\/{rel}","templated":true}]}}