{"id":92641,"date":"2024-01-17T12:16:33","date_gmt":"2024-01-17T09:17:07","guid":{"rendered":"https:\/\/kingarms.ee\/product\/bw-combat-reppu-65l\/"},"modified":"2024-08-06T13:19:53","modified_gmt":"2024-08-06T10:19:53","slug":"bw-combat-backpack-65l-2","status":"publish","type":"product","link":"https:\/\/kingarms.ee\/fi\/product\/bw-combat-backpack-65l-2\/","title":{"rendered":"BW Combat reppu 65l"},"content":{"rendered":"","protected":false},"excerpt":{"rendered":"<p>BW Combat reppu 65l<\/p>\n<p>s\u00e4\u00e4dett\u00e4v\u00e4t, pehmustetut olkahihnat<br \/>\ns\u00e4\u00e4dett\u00e4v\u00e4 rusettihihna, jossa on napsautettava kiinnitys<br \/>\n1 ylempi paarit<br \/>\nompeleen paneeli n. 15 x 2,5 cm takapuolella.<br \/>\nkannellinen 1 kiinnitetty tasku, jossa l\u00e4pp\u00e4 ja<br \/>\n1 liukutasku edess\u00e4 ja 1 hihnakiinnitystasku<br \/>\nkoukkukiinnityksell\u00e4 ja 1 suuri vetoketjullinen tasku.<br \/>\ntakana<br \/>\nirrotettavalla p\u00e4\u00e4akselilla<br \/>\nalalaatikko (johto)<br \/>\nulkoinen vetoketju, jolla p\u00e4\u00e4see k\u00e4siksi alalaatikkoon<br \/>\nkaksoisk\u00e4\u00e4nt\u00f6aisa p\u00e4\u00e4kammion yl\u00e4osassa.<br \/>\nlitte\u00e4 liukulaatikko esim.<br \/>\nmakuualusta<br \/>\nyl\u00e4osan sis\u00e4ll\u00e4 oleva alumiininen vakauspalkki<br \/>\n2 sivutaskua, joissa l\u00e4pp\u00e4 ja hihnasuljenta<br \/>\npieni koukku- ja silmukkatasku<br \/>\nalhaalla edess\u00e4<br \/>\nerilaisia kiinnityshihnoja, 4 etukiinnikett\u00e4 edess\u00e4<br \/>\nKapasiteetti: n. 65 l<br \/>\nMitat: n. 43 x 63 x 21 cm (L x K x S)<br \/>\nPaino: n. 1,3 kg<br \/>\nMateriaali: 100% polyesteri<\/p>\n","protected":false},"featured_media":94996,"template":"","meta":{"_acf_changed":false},"product_brand":[],"product_cat":[264,895],"product_tag":[],"class_list":{"0":"post-92641","1":"product","2":"type-product","3":"status-publish","4":"has-post-thumbnail","6":"product_cat-taskut-laukut-vyot","7":"product_cat-reput","9":"first","10":"instock","11":"taxable","12":"shipping-taxable","13":"purchasable","14":"product-type-simple"},"acf":[],"_links":{"self":[{"href":"https:\/\/kingarms.ee\/fi\/wp-json\/wp\/v2\/product\/92641","targetHints":{"allow":["GET"]}}],"collection":[{"href":"https:\/\/kingarms.ee\/fi\/wp-json\/wp\/v2\/product"}],"about":[{"href":"https:\/\/kingarms.ee\/fi\/wp-json\/wp\/v2\/types\/product"}],"wp:featuredmedia":[{"embeddable":true,"href":"https:\/\/kingarms.ee\/fi\/wp-json\/wp\/v2\/media\/94996"}],"wp:attachment":[{"href":"https:\/\/kingarms.ee\/fi\/wp-json\/wp\/v2\/media?parent=92641"}],"wp:term":[{"taxonomy":"product_brand","embeddable":true,"href":"https:\/\/kingarms.ee\/fi\/wp-json\/wp\/v2\/product_brand?post=92641"},{"taxonomy":"product_cat","embeddable":true,"href":"https:\/\/kingarms.ee\/fi\/wp-json\/wp\/v2\/product_cat?post=92641"},{"taxonomy":"product_tag","embeddable":true,"href":"https:\/\/kingarms.ee\/fi\/wp-json\/wp\/v2\/product_tag?post=92641"}],"curies":[{"name":"wp","href":"https:\/\/api.w.org\/{rel}","templated":true}]}}