{"id":92670,"date":"2024-01-17T12:25:05","date_gmt":"2024-01-17T09:25:37","guid":{"rendered":"https:\/\/kingarms.ee\/product\/vesipussi-2-5l-3\/"},"modified":"2024-08-06T13:18:26","modified_gmt":"2024-08-06T10:18:26","slug":"vesipussi-2-5l-3","status":"publish","type":"product","link":"https:\/\/kingarms.ee\/fi\/product\/vesipussi-2-5l-3\/","title":{"rendered":"Vesipussi 2.5l"},"content":{"rendered":"","protected":false},"excerpt":{"rendered":"<p>Vesipussi 2.5l<\/p>\n<p>s\u00e4\u00e4dett\u00e4v\u00e4t olkahihnat 2 D-renkaalla<br \/>\nja 1 napsautus sulkeaksesi<br \/>\ns\u00e4\u00e4dett\u00e4v\u00e4 rintahihna<br \/>\nerityisesti j\u00e4sennelty selk\u00e4osa, jossa on pehmuste<br \/>\nilmanvaihtoa ja liukukammiota varten<br \/>\n1 kantohihna ylh\u00e4\u00e4ll\u00e4 ja edess\u00e4<br \/>\n4 sivuttaista D-rengasta<br \/>\nMitat: n. 22 x 45 x 2,5 cm (L x K x S)<br \/>\nPaino: n. 500 g<\/p>\n<p>Materiaali:<br \/>\n100% polyesteri\u00e4<\/p>\n","protected":false},"featured_media":94899,"template":"","meta":{"_acf_changed":false},"product_brand":[],"product_cat":[264,887],"product_tag":[],"class_list":{"0":"post-92670","1":"product","2":"type-product","3":"status-publish","4":"has-post-thumbnail","6":"product_cat-taskut-laukut-vyot","7":"product_cat-vesipussit","9":"first","10":"instock","11":"taxable","12":"shipping-taxable","13":"purchasable","14":"product-type-simple"},"acf":[],"_links":{"self":[{"href":"https:\/\/kingarms.ee\/fi\/wp-json\/wp\/v2\/product\/92670","targetHints":{"allow":["GET"]}}],"collection":[{"href":"https:\/\/kingarms.ee\/fi\/wp-json\/wp\/v2\/product"}],"about":[{"href":"https:\/\/kingarms.ee\/fi\/wp-json\/wp\/v2\/types\/product"}],"wp:featuredmedia":[{"embeddable":true,"href":"https:\/\/kingarms.ee\/fi\/wp-json\/wp\/v2\/media\/94899"}],"wp:attachment":[{"href":"https:\/\/kingarms.ee\/fi\/wp-json\/wp\/v2\/media?parent=92670"}],"wp:term":[{"taxonomy":"product_brand","embeddable":true,"href":"https:\/\/kingarms.ee\/fi\/wp-json\/wp\/v2\/product_brand?post=92670"},{"taxonomy":"product_cat","embeddable":true,"href":"https:\/\/kingarms.ee\/fi\/wp-json\/wp\/v2\/product_cat?post=92670"},{"taxonomy":"product_tag","embeddable":true,"href":"https:\/\/kingarms.ee\/fi\/wp-json\/wp\/v2\/product_tag?post=92670"}],"curies":[{"name":"wp","href":"https:\/\/api.w.org\/{rel}","templated":true}]}}