{"id":92780,"date":"2024-01-17T12:48:26","date_gmt":"2024-01-17T09:48:56","guid":{"rendered":"https:\/\/kingarms.ee\/product\/suuri-ensiapulaukku\/"},"modified":"2024-08-06T13:14:43","modified_gmt":"2024-08-06T10:14:43","slug":"big-esmaabi-bag","status":"publish","type":"product","link":"https:\/\/kingarms.ee\/fi\/product\/big-esmaabi-bag\/","title":{"rendered":"Suuri ensiapulaukku"},"content":{"rendered":"","protected":false},"excerpt":{"rendered":"<p>Suuri ensiapulaukku<\/p>\n<p>irrotettava koukku- ja lenkki Molle-laakerilevy<br \/>\nja 2 D-rengasta ja 2 Molle-kiinnityshihnaa.<br \/>\ntakana painonappi<br \/>\nirrotettava ja s\u00e4\u00e4dett\u00e4v\u00e4 olkahihna<br \/>\nMolle-kiinnikkeet edess\u00e4<br \/>\ns\u00e4\u00e4dett\u00e4v\u00e4 koukkukiinnitteinen turvahihna<br \/>\nirrotettava kantokahva, punainen<br \/>\nkoukku- ja silmukkamerkint\u00e4<br \/>\nsilmukkapaneeli, jossa on &#8220;First Aid&#8221; -laastari.<br \/>\n1 p\u00e4\u00e4lokero kaksisuuntaisella lukolla<br \/>\neri valintaruutuja, jotka on t\u00e4ytett\u00e4v\u00e4, ja<br \/>\nkumiset silmukat sis\u00e4ll\u00e4<br \/>\nToimitetaan ilman sis\u00e4lt\u00f6\u00e4!<br \/>\nMitat: n. 21 x 22 x 12 cm (L x K x S)<\/p>\n<p>Materiaali:<br \/>\n100% polyesteri\u00e4<\/p>\n","protected":false},"featured_media":94875,"template":"","meta":{"_acf_changed":false},"product_brand":[],"product_cat":[264,646],"product_tag":[],"class_list":{"0":"post-92780","1":"product","2":"type-product","3":"status-publish","4":"has-post-thumbnail","6":"product_cat-taskut-laukut-vyot","7":"product_cat-taskut","9":"first","10":"instock","11":"taxable","12":"shipping-taxable","13":"purchasable","14":"product-type-simple"},"acf":[],"_links":{"self":[{"href":"https:\/\/kingarms.ee\/fi\/wp-json\/wp\/v2\/product\/92780","targetHints":{"allow":["GET"]}}],"collection":[{"href":"https:\/\/kingarms.ee\/fi\/wp-json\/wp\/v2\/product"}],"about":[{"href":"https:\/\/kingarms.ee\/fi\/wp-json\/wp\/v2\/types\/product"}],"wp:featuredmedia":[{"embeddable":true,"href":"https:\/\/kingarms.ee\/fi\/wp-json\/wp\/v2\/media\/94875"}],"wp:attachment":[{"href":"https:\/\/kingarms.ee\/fi\/wp-json\/wp\/v2\/media?parent=92780"}],"wp:term":[{"taxonomy":"product_brand","embeddable":true,"href":"https:\/\/kingarms.ee\/fi\/wp-json\/wp\/v2\/product_brand?post=92780"},{"taxonomy":"product_cat","embeddable":true,"href":"https:\/\/kingarms.ee\/fi\/wp-json\/wp\/v2\/product_cat?post=92780"},{"taxonomy":"product_tag","embeddable":true,"href":"https:\/\/kingarms.ee\/fi\/wp-json\/wp\/v2\/product_tag?post=92780"}],"curies":[{"name":"wp","href":"https:\/\/api.w.org\/{rel}","templated":true}]}}