{"id":92855,"date":"2024-01-17T13:13:50","date_gmt":"2024-01-17T10:13:50","guid":{"rendered":"https:\/\/kingarms.ee\/?post_type=product&#038;p=92855"},"modified":"2024-08-06T13:11:47","modified_gmt":"2024-08-06T10:11:47","slug":"olacott-2","status":"publish","type":"product","link":"https:\/\/kingarms.ee\/fi\/product\/olacott-2\/","title":{"rendered":"Sling laukku"},"content":{"rendered":"","protected":false},"excerpt":{"rendered":"<p>Sling laukku<\/p>\n<p>s\u00e4\u00e4dett\u00e4v\u00e4, irrotettava hihna, jossa on napsautettava kiinnitys.<br \/>\nvy\u00f6kiinnitys takana ja yl\u00e4osassa<br \/>\nvy\u00f6kiinnitys enint\u00e4\u00e4n n. 5 cm painaminen<br \/>\nnapit ja vy\u00f6t jopa n. 12 cm et\u00e4isyydell\u00e4<br \/>\nkoukku- ja silmukkakiinnitys<br \/>\n2 integroitua tiivistenauhaa<br \/>\nkantokahva ja 2 napsautettavaa kiinnikett\u00e4<br \/>\nsuuri vetoketjullinen p\u00e4\u00e4lokero ja verkkotasku<br \/>\n2 vetoketjullista sivutaskua, ja<br \/>\nkiinnikkeet<br \/>\nkiinnitetty etukanteen 3 sis\u00e4\u00e4nvedett\u00e4v\u00e4ll\u00e4 laatikolla.<br \/>\nja kiinnitetyt silmukat ja 1 kyn\u00e4teline<br \/>\nmolemmin puolin<br \/>\nMitat: n. 30 x 15 x 7 cm (L x K x S)<br \/>\nPaino: n. 550 g<\/p>\n<p>Materiaali:<br \/>\n100% polyesteri\u00e4<\/p>\n","protected":false},"featured_media":92859,"template":"","meta":{"_acf_changed":false},"product_brand":[],"product_cat":[264,891],"product_tag":[],"class_list":{"0":"post-92855","1":"product","2":"type-product","3":"status-publish","4":"has-post-thumbnail","6":"product_cat-taskut-laukut-vyot","7":"product_cat-olkalaukku","9":"first","10":"instock","11":"taxable","12":"shipping-taxable","13":"purchasable","14":"product-type-simple"},"acf":[],"_links":{"self":[{"href":"https:\/\/kingarms.ee\/fi\/wp-json\/wp\/v2\/product\/92855","targetHints":{"allow":["GET"]}}],"collection":[{"href":"https:\/\/kingarms.ee\/fi\/wp-json\/wp\/v2\/product"}],"about":[{"href":"https:\/\/kingarms.ee\/fi\/wp-json\/wp\/v2\/types\/product"}],"wp:featuredmedia":[{"embeddable":true,"href":"https:\/\/kingarms.ee\/fi\/wp-json\/wp\/v2\/media\/92859"}],"wp:attachment":[{"href":"https:\/\/kingarms.ee\/fi\/wp-json\/wp\/v2\/media?parent=92855"}],"wp:term":[{"taxonomy":"product_brand","embeddable":true,"href":"https:\/\/kingarms.ee\/fi\/wp-json\/wp\/v2\/product_brand?post=92855"},{"taxonomy":"product_cat","embeddable":true,"href":"https:\/\/kingarms.ee\/fi\/wp-json\/wp\/v2\/product_cat?post=92855"},{"taxonomy":"product_tag","embeddable":true,"href":"https:\/\/kingarms.ee\/fi\/wp-json\/wp\/v2\/product_tag?post=92855"}],"curies":[{"name":"wp","href":"https:\/\/api.w.org\/{rel}","templated":true}]}}