{"id":92902,"date":"2024-01-17T13:21:31","date_gmt":"2024-01-17T10:22:07","guid":{"rendered":"https:\/\/kingarms.ee\/product\/jalkasilta\/"},"modified":"2024-08-06T13:10:21","modified_gmt":"2024-08-06T10:10:21","slug":"jalakabuur","status":"publish","type":"product","link":"https:\/\/kingarms.ee\/fi\/product\/jalakabuur\/","title":{"rendered":"Jalkasilta"},"content":{"rendered":"","protected":false},"excerpt":{"rendered":"<p>Jalkasilta<\/p>\n<p>oikeak\u00e4tiseen k\u00e4ytt\u00f6\u00f6n<br \/>\nvahvistettu laakerilevy, jossa on<br \/>\nMolle-kiinnityskorvakkeet<br \/>\ns\u00e4\u00e4dett\u00e4v\u00e4 nilkkahihna, jossa on napsautettava kiinnitys<br \/>\nja joustava sis\u00e4pohja<br \/>\nirrotettava, s\u00e4\u00e4dett\u00e4v\u00e4 hihna<br \/>\nSulje klikkaamalla<br \/>\nvy\u00f6lenkin silmukan koukkukiinnitys<br \/>\nhihnat jopa n. 6 cm<br \/>\nirrotettava s\u00e4\u00e4dett\u00e4v\u00e4 huppu<br \/>\nkoukkusilm\u00e4kiinnitys ja paina painiketta.<br \/>\nlis\u00e4turvaa s\u00e4\u00e4dett\u00e4v\u00e4n hihnan ansiosta<br \/>\nSulje klikkaamalla<br \/>\nsivukiinnitteinen lipaskotelo<br \/>\nirrotettava, s\u00e4\u00e4dett\u00e4v\u00e4 koukku- ja silm\u00e4suljenta<br \/>\n1 varustelaukku ja 1 k\u00e4ytt\u00f6laukku yhdess\u00e4<br \/>\nnapsautuskiinnike ja 2 Molle-kiinnityshihnaa<br \/>\ntakana<\/p>\n<p>Materiaali:<br \/>\n100% polyesteri\u00e4<\/p>\n","protected":false},"featured_media":92897,"template":"","meta":{"_acf_changed":false},"product_brand":[],"product_cat":[244],"product_tag":[],"class_list":{"0":"post-92902","1":"product","2":"type-product","3":"status-publish","4":"has-post-thumbnail","6":"product_cat-holsters-fi","8":"first","9":"outofstock","10":"taxable","11":"shipping-taxable","12":"purchasable","13":"product-type-simple"},"acf":[],"_links":{"self":[{"href":"https:\/\/kingarms.ee\/fi\/wp-json\/wp\/v2\/product\/92902","targetHints":{"allow":["GET"]}}],"collection":[{"href":"https:\/\/kingarms.ee\/fi\/wp-json\/wp\/v2\/product"}],"about":[{"href":"https:\/\/kingarms.ee\/fi\/wp-json\/wp\/v2\/types\/product"}],"wp:featuredmedia":[{"embeddable":true,"href":"https:\/\/kingarms.ee\/fi\/wp-json\/wp\/v2\/media\/92897"}],"wp:attachment":[{"href":"https:\/\/kingarms.ee\/fi\/wp-json\/wp\/v2\/media?parent=92902"}],"wp:term":[{"taxonomy":"product_brand","embeddable":true,"href":"https:\/\/kingarms.ee\/fi\/wp-json\/wp\/v2\/product_brand?post=92902"},{"taxonomy":"product_cat","embeddable":true,"href":"https:\/\/kingarms.ee\/fi\/wp-json\/wp\/v2\/product_cat?post=92902"},{"taxonomy":"product_tag","embeddable":true,"href":"https:\/\/kingarms.ee\/fi\/wp-json\/wp\/v2\/product_tag?post=92902"}],"curies":[{"name":"wp","href":"https:\/\/api.w.org\/{rel}","templated":true}]}}