{"id":92926,"date":"2024-01-17T13:31:46","date_gmt":"2024-01-17T10:31:46","guid":{"rendered":"https:\/\/kingarms.ee\/?post_type=product&#038;p=92926"},"modified":"2024-08-06T13:08:14","modified_gmt":"2024-08-06T10:08:14","slug":"vookott-2","status":"publish","type":"product","link":"https:\/\/kingarms.ee\/fi\/product\/vookott-2\/","title":{"rendered":"Vy\u00f6t\u00e4r\u00f6laukku"},"content":{"rendered":"","protected":false},"excerpt":{"rendered":"<p>Vy\u00f6t\u00e4r\u00f6laukku, jossa on vesipullo<\/p>\n<p>s\u00e4\u00e4dett\u00e4v\u00e4 rusettihihna, jossa on napsautettava kiinnitys<br \/>\n1 vetoketjullinen tasku kummallakin puolella<br \/>\n1 verkkotasku juomapullolle<br \/>\ns\u00e4\u00e4dett\u00e4v\u00e4 hihna kiinnityst\u00e4 varten<br \/>\n1 p\u00e4\u00e4lokero, jossa 1 liukuva laatikko<br \/>\nvetoketjulla<br \/>\n1 vetoketjullinen tasku<br \/>\n1 ylempi paarit<br \/>\nsh. pullo (n. 500 ml) PVC:st\u00e4 valmistettuna<br \/>\nP\u00e4\u00e4lokeron mitat:<br \/>\nnoin. 21 x 16 x 6 cm (L x K x S)<br \/>\nPaino: n. 330 g<\/p>\n<p>Materiaali:<br \/>\n100% polyesteri\u00e4<\/p>\n","protected":false},"featured_media":92930,"template":"","meta":{"_acf_changed":false},"product_brand":[],"product_cat":[264,887,645],"product_tag":[],"class_list":{"0":"post-92926","1":"product","2":"type-product","3":"status-publish","4":"has-post-thumbnail","6":"product_cat-taskut-laukut-vyot","7":"product_cat-vesipussit","8":"product_cat-laukut","10":"first","11":"instock","12":"taxable","13":"shipping-taxable","14":"purchasable","15":"product-type-simple"},"acf":[],"_links":{"self":[{"href":"https:\/\/kingarms.ee\/fi\/wp-json\/wp\/v2\/product\/92926","targetHints":{"allow":["GET"]}}],"collection":[{"href":"https:\/\/kingarms.ee\/fi\/wp-json\/wp\/v2\/product"}],"about":[{"href":"https:\/\/kingarms.ee\/fi\/wp-json\/wp\/v2\/types\/product"}],"wp:featuredmedia":[{"embeddable":true,"href":"https:\/\/kingarms.ee\/fi\/wp-json\/wp\/v2\/media\/92930"}],"wp:attachment":[{"href":"https:\/\/kingarms.ee\/fi\/wp-json\/wp\/v2\/media?parent=92926"}],"wp:term":[{"taxonomy":"product_brand","embeddable":true,"href":"https:\/\/kingarms.ee\/fi\/wp-json\/wp\/v2\/product_brand?post=92926"},{"taxonomy":"product_cat","embeddable":true,"href":"https:\/\/kingarms.ee\/fi\/wp-json\/wp\/v2\/product_cat?post=92926"},{"taxonomy":"product_tag","embeddable":true,"href":"https:\/\/kingarms.ee\/fi\/wp-json\/wp\/v2\/product_tag?post=92926"}],"curies":[{"name":"wp","href":"https:\/\/api.w.org\/{rel}","templated":true}]}}