{"id":93076,"date":"2024-01-18T14:01:38","date_gmt":"2024-01-18T11:01:39","guid":{"rendered":"https:\/\/kingarms.ee\/?post_type=product&#038;p=93076"},"modified":"2024-08-06T13:01:46","modified_gmt":"2024-08-06T10:01:46","slug":"taktiset-puolustuslasit-mechanix-x-tuupi-kopio","status":"publish","type":"product","link":"https:\/\/kingarms.ee\/fi\/product\/taktiset-puolustuslasit-mechanix-x-tuupi-kopio\/","title":{"rendered":"Taktiset suojalasit Mechanix X-tyyppi"},"content":{"rendered":"","protected":false},"excerpt":{"rendered":"<p>Taktiset suojalasit Mechanix X-tyyppi<\/p>\n<p>Vision X -tyyppiset taktiset suojalasit ovat eritt\u00e4in mukavat ja tyylikk\u00e4\u00e4t ja tarjoavat samalla MIL-SPEC ballistisen suojan. T\u00e4ysikehyksinen muotoilu yhdistettyn\u00e4 kaksoislinsseihin, joissa on naarmunkest\u00e4v\u00e4 pinnoite ulkopuolella ja kehittynyt huurtumisenestotekniikka sis\u00e4puolella, luo selke\u00e4n, kosteusvapaan n\u00e4kyvyyden silloin, kun tarvitset sit\u00e4 eniten.<\/p>\n<p>Ominaisuudet<\/p>\n<p>&#8211; Kupera kehys takaa hyv\u00e4n n\u00e4kyvyyden ja mukavuuden.<br \/>\n&#8211; Edistyksellinen huurtumisenestopinnoite h\u00e4lvent\u00e4\u00e4 huurtumista kuusi kertaa nopeammin kuin perinteinen huurtumisenesto.<br \/>\n&#8211; Kovakuoriset, naarmuuntumattomaksi pinnoitetut polykarbonaattilinssit tarjoavat selkeytt\u00e4 ja suojaa.<br \/>\n&#8211; Silmien tuuletetut paikat v\u00e4hent\u00e4v\u00e4t hikoilua.<br \/>\n&#8211; Pehme\u00e4t TPR-korva- ja nen\u00e4tyynyt takaavat turvallisen, mukavan ja liukumattoman istuvuuden.<br \/>\n&#8211; Keltainen linssi parantaa n\u00e4kyvyytt\u00e4 h\u00e4m\u00e4r\u00e4ss\u00e4.<br \/>\n&#8211; 99 % UV-suoja.<br \/>\n&#8211; T\u00e4ytt\u00e4\u00e4 MIL-PRF 32432 ballistisen turvallisuusstandardin ja ANSI Z87.1 iskustandardin.<\/p>\n<p>Sopii:<br \/>\n&#8211; Sis\u00e4olosuhteet<br \/>\n&#8211; Ulkona<br \/>\nbr&gt;- Mets\u00e4stys ja ampumaurheilu<br \/>\n&#8211; Taktisessa toiminnassa<\/p>\n","protected":false},"featured_media":94719,"template":"","meta":{"_acf_changed":false},"product_brand":[],"product_cat":[634,636],"product_tag":[],"class_list":{"0":"post-93076","1":"product","2":"type-product","3":"status-publish","4":"has-post-thumbnail","6":"product_cat-suojalasit","7":"product_cat-ballistiset-silmalasit","9":"first","10":"instock","11":"taxable","12":"shipping-taxable","13":"purchasable","14":"product-type-simple"},"acf":[],"_links":{"self":[{"href":"https:\/\/kingarms.ee\/fi\/wp-json\/wp\/v2\/product\/93076","targetHints":{"allow":["GET"]}}],"collection":[{"href":"https:\/\/kingarms.ee\/fi\/wp-json\/wp\/v2\/product"}],"about":[{"href":"https:\/\/kingarms.ee\/fi\/wp-json\/wp\/v2\/types\/product"}],"wp:featuredmedia":[{"embeddable":true,"href":"https:\/\/kingarms.ee\/fi\/wp-json\/wp\/v2\/media\/94719"}],"wp:attachment":[{"href":"https:\/\/kingarms.ee\/fi\/wp-json\/wp\/v2\/media?parent=93076"}],"wp:term":[{"taxonomy":"product_brand","embeddable":true,"href":"https:\/\/kingarms.ee\/fi\/wp-json\/wp\/v2\/product_brand?post=93076"},{"taxonomy":"product_cat","embeddable":true,"href":"https:\/\/kingarms.ee\/fi\/wp-json\/wp\/v2\/product_cat?post=93076"},{"taxonomy":"product_tag","embeddable":true,"href":"https:\/\/kingarms.ee\/fi\/wp-json\/wp\/v2\/product_tag?post=93076"}],"curies":[{"name":"wp","href":"https:\/\/api.w.org\/{rel}","templated":true}]}}