{"id":93168,"date":"2024-01-18T14:29:25","date_gmt":"2024-01-18T11:29:26","guid":{"rendered":"https:\/\/kingarms.ee\/?post_type=product&#038;p=93168"},"modified":"2024-08-06T12:58:07","modified_gmt":"2024-08-06T09:58:07","slug":"talvi-sydamet-mechanix-kylmatyot-pohjakerroksen-peitto","status":"publish","type":"product","link":"https:\/\/kingarms.ee\/fi\/product\/talvi-sydamet-mechanix-kylmatyot-pohjakerroksen-peitto\/","title":{"rendered":"Talvihanskat Mechanix ColdWork Base Layer Covert &#8211; talvihanskat"},"content":{"rendered":"","protected":false},"excerpt":{"rendered":"<p>Talvihanskat Mechanix ColdWork Base Layer Covert &#8211; talvihanskat<\/p>\n<p>FUNCTIONS<\/p>\n<p>&#8211; Vedenpit\u00e4v\u00e4 joustava SoftShell-rakenne est\u00e4\u00e4 kylm\u00e4n ilman tunkeutumisen sis\u00e4\u00e4n.<br \/>\n&#8211; Microfleece-vuori lis\u00e4\u00e4 l\u00e4mp\u00f6\u00e4 ja poikkeuksellista mukavuutta.<br \/>\n&#8211; Tyylik\u00e4s, matalaprofiilinen muotoilu mahdollistaa k\u00e4sineiden k\u00e4ytt\u00e4misen vuorikankaana tai yksin\u00e4\u00e4n.<br \/>\n&#8211; Peukalo- ja etusormilaastarit, joissa on kosketusn\u00e4ytt\u00f6<br \/>\n&#8211; Padlock\u2122 liukumaton silikonikahva k\u00e4mmeness\u00e4<br \/>\n&#8211; Siirtym\u00e4mansetin muotoilu takaa turvallisen istuvuuden ja pit\u00e4\u00e4 elementit poissa tielt\u00e4.<br \/>\n&#8211; Nylon-kantolaukku nopeaa s\u00e4ilytyst\u00e4 varten<br \/>\n&#8211; Voidaan k\u00e4ytt\u00e4\u00e4 k\u00e4sinevuorauksena tai erillisen\u00e4 k\u00e4sineen\u00e4.<\/p>\n","protected":false},"featured_media":93253,"template":"","meta":{"_acf_changed":false},"product_brand":[],"product_cat":[262],"product_tag":[],"class_list":{"0":"post-93168","1":"product","2":"type-product","3":"status-publish","4":"has-post-thumbnail","6":"product_cat-kasineet","8":"first","9":"instock","10":"sale","11":"taxable","12":"shipping-taxable","13":"purchasable","14":"product-type-variable"},"acf":[],"_links":{"self":[{"href":"https:\/\/kingarms.ee\/fi\/wp-json\/wp\/v2\/product\/93168","targetHints":{"allow":["GET"]}}],"collection":[{"href":"https:\/\/kingarms.ee\/fi\/wp-json\/wp\/v2\/product"}],"about":[{"href":"https:\/\/kingarms.ee\/fi\/wp-json\/wp\/v2\/types\/product"}],"wp:featuredmedia":[{"embeddable":true,"href":"https:\/\/kingarms.ee\/fi\/wp-json\/wp\/v2\/media\/93253"}],"wp:attachment":[{"href":"https:\/\/kingarms.ee\/fi\/wp-json\/wp\/v2\/media?parent=93168"}],"wp:term":[{"taxonomy":"product_brand","embeddable":true,"href":"https:\/\/kingarms.ee\/fi\/wp-json\/wp\/v2\/product_brand?post=93168"},{"taxonomy":"product_cat","embeddable":true,"href":"https:\/\/kingarms.ee\/fi\/wp-json\/wp\/v2\/product_cat?post=93168"},{"taxonomy":"product_tag","embeddable":true,"href":"https:\/\/kingarms.ee\/fi\/wp-json\/wp\/v2\/product_tag?post=93168"}],"curies":[{"name":"wp","href":"https:\/\/api.w.org\/{rel}","templated":true}]}}