{"id":93203,"date":"2024-01-18T14:49:20","date_gmt":"2024-01-18T11:51:17","guid":{"rendered":"https:\/\/kingarms.ee\/product\/tiross-monitoimilamppu-40smd-led-340lm-ts-1982-ts-1982\/"},"modified":"2024-08-06T12:57:23","modified_gmt":"2024-08-06T09:57:23","slug":"tiross-multifunktsionaalne-lamp-40smd-led-340lm-ts-1982","status":"publish","type":"product","link":"https:\/\/kingarms.ee\/fi\/product\/tiross-multifunktsionaalne-lamp-40smd-led-340lm-ts-1982\/","title":{"rendered":"Tiross monitoimilamppu 40SMD LED 340lm TS-1982 TS-1982"},"content":{"rendered":"","protected":false},"excerpt":{"rendered":"<p>Tiross monitoimilamppu 40SMD LED 340lm TS-1982 TS-1982<\/p>\n<p><strong>Kompakti <\/strong>monitoimivalaisin. T\u00e4ydellinen vaellukselle mukaan otettavaksi.<br \/>\nKirkas, kest\u00e4v\u00e4 ja kompakti valaisin. Lampea voidaan k\u00e4ytt\u00e4\u00e4<br \/>\nmy\u00f6s akkupankkina.<\/p>\n<ul>\n<li>Valonl\u00e4hde: 40 SMD LED<\/li>\n<li>Valovoima: 340lm<\/li>\n<li>Ladattava akku: 2400 mAh<\/li>\n<li>Himmennett\u00e4v\u00e4 valon voimakkuus<\/li>\n<li>Voidaan k\u00e4ytt\u00e4\u00e4 akkupankkina<\/li>\n<li>Toimitetaan USB-kaapelin kanssa<\/li>\n<li>Latausaika: 5h<\/li>\n<li>Lamppu on sammutettava latauksen ajaksi.<\/li>\n<\/ul>\n","protected":false},"featured_media":93198,"template":"","meta":{"_acf_changed":false},"product_brand":[],"product_cat":[352],"product_tag":[],"class_list":{"0":"post-93203","1":"product","2":"type-product","3":"status-publish","4":"has-post-thumbnail","6":"product_cat-matkatavarat","8":"first","9":"instock","10":"taxable","11":"shipping-taxable","12":"purchasable","13":"product-type-simple"},"acf":[],"_links":{"self":[{"href":"https:\/\/kingarms.ee\/fi\/wp-json\/wp\/v2\/product\/93203","targetHints":{"allow":["GET"]}}],"collection":[{"href":"https:\/\/kingarms.ee\/fi\/wp-json\/wp\/v2\/product"}],"about":[{"href":"https:\/\/kingarms.ee\/fi\/wp-json\/wp\/v2\/types\/product"}],"wp:featuredmedia":[{"embeddable":true,"href":"https:\/\/kingarms.ee\/fi\/wp-json\/wp\/v2\/media\/93198"}],"wp:attachment":[{"href":"https:\/\/kingarms.ee\/fi\/wp-json\/wp\/v2\/media?parent=93203"}],"wp:term":[{"taxonomy":"product_brand","embeddable":true,"href":"https:\/\/kingarms.ee\/fi\/wp-json\/wp\/v2\/product_brand?post=93203"},{"taxonomy":"product_cat","embeddable":true,"href":"https:\/\/kingarms.ee\/fi\/wp-json\/wp\/v2\/product_cat?post=93203"},{"taxonomy":"product_tag","embeddable":true,"href":"https:\/\/kingarms.ee\/fi\/wp-json\/wp\/v2\/product_tag?post=93203"}],"curies":[{"name":"wp","href":"https:\/\/api.w.org\/{rel}","templated":true}]}}