{"id":93221,"date":"2024-01-18T14:59:09","date_gmt":"2024-01-18T11:59:39","guid":{"rendered":"https:\/\/kingarms.ee\/product\/remington-miesten-bokserit-3kpl\/"},"modified":"2024-08-06T12:56:40","modified_gmt":"2024-08-06T09:56:40","slug":"remington-miehet-bokserit-3kpl","status":"publish","type":"product","link":"https:\/\/kingarms.ee\/fi\/product\/remington-miehet-bokserit-3kpl\/","title":{"rendered":"Remington miesten bokserit 3kpl"},"content":{"rendered":"","protected":false},"excerpt":{"rendered":"<p>Remingtonin miesten bokserit<\/p>\n<p>Remingtonin miesten pitk\u00e4t bokserit on valmistettu puuvillasta, johon on lis\u00e4tty elastaania. Ne istuvat hyvin, s\u00e4\u00e4ntelev\u00e4t l\u00e4mp\u00f6\u00e4 erinomaisesti, venyv\u00e4t helposti ja pit\u00e4v\u00e4t muotonsa.<\/p>\n<p>Materiaali: 95% polyesteri 5% elastaani<\/p>\n","protected":false},"featured_media":94887,"template":"","meta":{"_acf_changed":false},"product_brand":[],"product_cat":[644,263],"product_tag":[],"class_list":{"0":"post-93221","1":"product","2":"type-product","3":"status-publish","4":"has-post-thumbnail","6":"product_cat-housut","7":"product_cat-vaatteet-ja-jalkineet","9":"first","10":"instock","11":"sale","12":"taxable","13":"shipping-taxable","14":"purchasable","15":"product-type-simple"},"acf":[],"_links":{"self":[{"href":"https:\/\/kingarms.ee\/fi\/wp-json\/wp\/v2\/product\/93221","targetHints":{"allow":["GET"]}}],"collection":[{"href":"https:\/\/kingarms.ee\/fi\/wp-json\/wp\/v2\/product"}],"about":[{"href":"https:\/\/kingarms.ee\/fi\/wp-json\/wp\/v2\/types\/product"}],"wp:featuredmedia":[{"embeddable":true,"href":"https:\/\/kingarms.ee\/fi\/wp-json\/wp\/v2\/media\/94887"}],"wp:attachment":[{"href":"https:\/\/kingarms.ee\/fi\/wp-json\/wp\/v2\/media?parent=93221"}],"wp:term":[{"taxonomy":"product_brand","embeddable":true,"href":"https:\/\/kingarms.ee\/fi\/wp-json\/wp\/v2\/product_brand?post=93221"},{"taxonomy":"product_cat","embeddable":true,"href":"https:\/\/kingarms.ee\/fi\/wp-json\/wp\/v2\/product_cat?post=93221"},{"taxonomy":"product_tag","embeddable":true,"href":"https:\/\/kingarms.ee\/fi\/wp-json\/wp\/v2\/product_tag?post=93221"}],"curies":[{"name":"wp","href":"https:\/\/api.w.org\/{rel}","templated":true}]}}