{"id":93302,"date":"2024-01-18T17:01:12","date_gmt":"2024-01-18T14:02:00","guid":{"rendered":"https:\/\/kingarms.ee\/product\/3-9x40aoeg-optinen-tahtain-ortex\/"},"modified":"2024-08-06T12:55:05","modified_gmt":"2024-08-06T09:55:05","slug":"3-9x40aoeg-optinen-sihikortex-3-9x40aoeg-optinen-sihikortex","status":"publish","type":"product","link":"https:\/\/kingarms.ee\/fi\/product\/3-9x40aoeg-optinen-sihikortex-3-9x40aoeg-optinen-sihikortex\/","title":{"rendered":"3-9x40AOEG Optinen t\u00e4ht\u00e4in (Ortex)"},"content":{"rendered":"","protected":false},"excerpt":{"rendered":"<p>3-9x40AOEG Optinen t\u00e4ht\u00e4in (Ortex)<\/p>\n<p>40 mm:n objektiivi, jossa on HD-suorituskykyiset monikerrospinnoitetut linssit, lis\u00e4\u00e4 valonl\u00e4p\u00e4isy\u00e4 useilla heijastuksenestopinnoitteilla kaikilla ilma-lasipinnoilla.<br \/>\nKiv\u00e4\u00e4rin t\u00e4ht\u00e4imet on valmistettu lujasta alumiiniseoksesta, ja ne ovat kest\u00e4v\u00e4t. T\u00e4ysin suljettu ja 100 % typell\u00e4 t\u00e4ytetty, se tekee taktisesta t\u00e4ht\u00e4imest\u00e4 sumun- ja sateenkest\u00e4v\u00e4n.<br \/>\nPunaisella ja vihre\u00e4ll\u00e4 valaistu kampaaja, 5 kirkkausasetusta kullekin v\u00e4rille, jotta kuvaajat voivat l\u00f6yt\u00e4\u00e4 t\u00e4ydellisen kirkkauden eri valaistus- ja s\u00e4\u00e4olosuhteisiin.<\/p>\n","protected":false},"featured_media":93297,"template":"","meta":{"_acf_changed":false},"product_brand":[],"product_cat":[649],"product_tag":[],"class_list":{"0":"post-93302","1":"product","2":"type-product","3":"status-publish","4":"has-post-thumbnail","6":"product_cat-ottelut","8":"first","9":"instock","10":"taxable","11":"shipping-taxable","12":"purchasable","13":"product-type-simple"},"acf":[],"_links":{"self":[{"href":"https:\/\/kingarms.ee\/fi\/wp-json\/wp\/v2\/product\/93302","targetHints":{"allow":["GET"]}}],"collection":[{"href":"https:\/\/kingarms.ee\/fi\/wp-json\/wp\/v2\/product"}],"about":[{"href":"https:\/\/kingarms.ee\/fi\/wp-json\/wp\/v2\/types\/product"}],"wp:featuredmedia":[{"embeddable":true,"href":"https:\/\/kingarms.ee\/fi\/wp-json\/wp\/v2\/media\/93297"}],"wp:attachment":[{"href":"https:\/\/kingarms.ee\/fi\/wp-json\/wp\/v2\/media?parent=93302"}],"wp:term":[{"taxonomy":"product_brand","embeddable":true,"href":"https:\/\/kingarms.ee\/fi\/wp-json\/wp\/v2\/product_brand?post=93302"},{"taxonomy":"product_cat","embeddable":true,"href":"https:\/\/kingarms.ee\/fi\/wp-json\/wp\/v2\/product_cat?post=93302"},{"taxonomy":"product_tag","embeddable":true,"href":"https:\/\/kingarms.ee\/fi\/wp-json\/wp\/v2\/product_tag?post=93302"}],"curies":[{"name":"wp","href":"https:\/\/api.w.org\/{rel}","templated":true}]}}