{"id":93965,"date":"2024-01-24T13:58:11","date_gmt":"2024-01-24T10:59:11","guid":{"rendered":"https:\/\/kingarms.ee\/product\/metallinen-wst-hiihtokohdewosport\/"},"modified":"2024-08-06T12:49:56","modified_gmt":"2024-08-06T09:49:56","slug":"metal-wst-laskesihtmarkmarkmarkwosport","status":"publish","type":"product","link":"https:\/\/kingarms.ee\/fi\/product\/metal-wst-laskesihtmarkmarkmarkwosport\/","title":{"rendered":"Metallinen WST-hiihtokohde(Wosport)"},"content":{"rendered":"","protected":false},"excerpt":{"rendered":"<p>Metallinen WST-hiihtokohde(Wosport)<\/p>\n<p>304 RUOSTUMATTOMASTA TER\u00c4KSEST\u00c4 VALMISTETTU RAKENNE<br \/>\nT\u00c4HDET LIIKKUVAT EDESTAKAISIN, KUN NE OSUVAT MAAHAN.<br \/>\nIRROTETTAVA ALUS<br \/>\nSE VOIDAAN J\u00c4RJEST\u00c4\u00c4 ERI TAVOIN:<br \/>\n&#8211; VOIDAAN KIINNITT\u00c4\u00c4 MAAHAN<br \/>\n&#8211; VOIDAAN RIPUSTAA VAIJEREILLA<br \/>\n&#8211; SE VOIDAAN ASENTAA TUKIJALKAAN<strong>(EI SIS\u00c4LLY TOIMITUKSEEN!<\/strong>).<br \/>\nMITAT 410mm x 253mm<br \/>\nKAAL 920g<\/p>\n","protected":false},"featured_media":94803,"template":"","meta":{"_acf_changed":false},"product_brand":[],"product_cat":[310],"product_tag":[],"class_list":{"0":"post-93965","1":"product","2":"type-product","3":"status-publish","4":"has-post-thumbnail","6":"product_cat-tavoitteet","8":"first","9":"instock","10":"taxable","11":"shipping-taxable","12":"purchasable","13":"product-type-simple"},"acf":[],"_links":{"self":[{"href":"https:\/\/kingarms.ee\/fi\/wp-json\/wp\/v2\/product\/93965","targetHints":{"allow":["GET"]}}],"collection":[{"href":"https:\/\/kingarms.ee\/fi\/wp-json\/wp\/v2\/product"}],"about":[{"href":"https:\/\/kingarms.ee\/fi\/wp-json\/wp\/v2\/types\/product"}],"wp:featuredmedia":[{"embeddable":true,"href":"https:\/\/kingarms.ee\/fi\/wp-json\/wp\/v2\/media\/94803"}],"wp:attachment":[{"href":"https:\/\/kingarms.ee\/fi\/wp-json\/wp\/v2\/media?parent=93965"}],"wp:term":[{"taxonomy":"product_brand","embeddable":true,"href":"https:\/\/kingarms.ee\/fi\/wp-json\/wp\/v2\/product_brand?post=93965"},{"taxonomy":"product_cat","embeddable":true,"href":"https:\/\/kingarms.ee\/fi\/wp-json\/wp\/v2\/product_cat?post=93965"},{"taxonomy":"product_tag","embeddable":true,"href":"https:\/\/kingarms.ee\/fi\/wp-json\/wp\/v2\/product_tag?post=93965"}],"curies":[{"name":"wp","href":"https:\/\/api.w.org\/{rel}","templated":true}]}}