{"id":94230,"date":"2024-01-27T15:23:58","date_gmt":"2024-01-27T12:23:58","guid":{"rendered":"https:\/\/kingarms.ee\/product\/pippurikaasu-nato-keltainen-60ml\/"},"modified":"2024-08-06T12:46:17","modified_gmt":"2024-08-06T09:46:17","slug":"pippurikaasu-nato-keltainen-60ml","status":"publish","type":"product","link":"https:\/\/kingarms.ee\/fi\/product\/pippurikaasu-nato-keltainen-60ml\/","title":{"rendered":"Pippurikaasu NATO keltainen (60ml)"},"content":{"rendered":"<p><img loading=\"lazy\" decoding=\"async\" class=\"alignnone size-full wp-image-94223\" src=\"https:\/\/kingarms.ee\/wp-content\/uploads\/2024\/01\/pipragaas-nato-kollane-60ml.jpeg\" alt=\"\" width=\"800\" height=\"800\" srcset=\"https:\/\/kingarms.ee\/wp-content\/uploads\/2024\/01\/pipragaas-nato-kollane-60ml.jpeg 800w, https:\/\/kingarms.ee\/wp-content\/uploads\/2024\/01\/pipragaas-nato-kollane-60ml-300x300.jpeg 300w, https:\/\/kingarms.ee\/wp-content\/uploads\/2024\/01\/pipragaas-nato-kollane-60ml-150x150.jpeg 150w, https:\/\/kingarms.ee\/wp-content\/uploads\/2024\/01\/pipragaas-nato-kollane-60ml-768x768.jpeg 768w, https:\/\/kingarms.ee\/wp-content\/uploads\/2024\/01\/pipragaas-nato-kollane-60ml-500x500.jpeg 500w\" sizes=\"auto, (max-width: 800px) 100vw, 800px\" \/><\/p>\n","protected":false},"excerpt":{"rendered":"<p>Pippurikaasu POLICE (U.S.A) 60ml<\/p>\n<p>Yksi markkinoiden vahvimmista pippuriruohoista. Soveltuu sis\u00e4k\u00e4ytt\u00f6\u00f6n.<\/p>\n<p>Tukkukauppa alkaen 50kpl<\/p>\n","protected":false},"featured_media":94225,"template":"","meta":{"_acf_changed":false},"product_brand":[],"product_cat":[764],"product_tag":[],"class_list":{"0":"post-94230","1":"product","2":"type-product","3":"status-publish","4":"has-post-thumbnail","6":"product_cat-pippurisumute","8":"first","9":"outofstock","10":"taxable","11":"shipping-taxable","12":"purchasable","13":"product-type-simple"},"acf":[],"_links":{"self":[{"href":"https:\/\/kingarms.ee\/fi\/wp-json\/wp\/v2\/product\/94230","targetHints":{"allow":["GET"]}}],"collection":[{"href":"https:\/\/kingarms.ee\/fi\/wp-json\/wp\/v2\/product"}],"about":[{"href":"https:\/\/kingarms.ee\/fi\/wp-json\/wp\/v2\/types\/product"}],"wp:featuredmedia":[{"embeddable":true,"href":"https:\/\/kingarms.ee\/fi\/wp-json\/wp\/v2\/media\/94225"}],"wp:attachment":[{"href":"https:\/\/kingarms.ee\/fi\/wp-json\/wp\/v2\/media?parent=94230"}],"wp:term":[{"taxonomy":"product_brand","embeddable":true,"href":"https:\/\/kingarms.ee\/fi\/wp-json\/wp\/v2\/product_brand?post=94230"},{"taxonomy":"product_cat","embeddable":true,"href":"https:\/\/kingarms.ee\/fi\/wp-json\/wp\/v2\/product_cat?post=94230"},{"taxonomy":"product_tag","embeddable":true,"href":"https:\/\/kingarms.ee\/fi\/wp-json\/wp\/v2\/product_tag?post=94230"}],"curies":[{"name":"wp","href":"https:\/\/api.w.org\/{rel}","templated":true}]}}