{"id":94250,"date":"2024-01-27T15:31:01","date_gmt":"2024-01-27T12:31:01","guid":{"rendered":"https:\/\/kingarms.ee\/product\/pipragaas-nato-x4-60ml-x4\/"},"modified":"2024-08-06T12:44:51","modified_gmt":"2024-08-06T09:44:51","slug":"pipragaas-nato-x4-60ml-x4","status":"publish","type":"product","link":"https:\/\/kingarms.ee\/fi\/product\/pipragaas-nato-x4-60ml-x4\/","title":{"rendered":"Pipragaas NATO x4 (60ml x4)"},"content":{"rendered":"<p><img loading=\"lazy\" decoding=\"async\" class=\"alignnone size-full wp-image-94243\" src=\"https:\/\/kingarms.ee\/wp-content\/uploads\/2024\/01\/s-zoom.file_.jpeg\" alt=\"\" width=\"1000\" height=\"1000\" srcset=\"https:\/\/kingarms.ee\/wp-content\/uploads\/2024\/01\/s-zoom.file_.jpeg 1000w, https:\/\/kingarms.ee\/wp-content\/uploads\/2024\/01\/s-zoom.file_-300x300.jpeg 300w, https:\/\/kingarms.ee\/wp-content\/uploads\/2024\/01\/s-zoom.file_-150x150.jpeg 150w, https:\/\/kingarms.ee\/wp-content\/uploads\/2024\/01\/s-zoom.file_-768x768.jpeg 768w, https:\/\/kingarms.ee\/wp-content\/uploads\/2024\/01\/s-zoom.file_-500x500.jpeg 500w\" sizes=\"auto, (max-width: 1000px) 100vw, 1000px\" \/><\/p>\n","protected":false},"excerpt":{"rendered":"<p>Pippurikaasu POLICE (U.S.A) 60ml<\/p>\n<p>Yksi markkinoiden vahvimmista pippuriruohoista. Soveltuu sis\u00e4k\u00e4ytt\u00f6\u00f6n.<\/p>\n<p>Sarja sis\u00e4lt\u00e4\u00e4 4 pippuripurkkia<\/p>\n","protected":false},"featured_media":94245,"template":"","meta":{"_acf_changed":false},"product_brand":[],"product_cat":[764],"product_tag":[],"class_list":{"0":"post-94250","1":"product","2":"type-product","3":"status-publish","4":"has-post-thumbnail","6":"product_cat-pippurisumute","8":"first","9":"instock","10":"taxable","11":"shipping-taxable","12":"purchasable","13":"product-type-simple"},"acf":[],"_links":{"self":[{"href":"https:\/\/kingarms.ee\/fi\/wp-json\/wp\/v2\/product\/94250","targetHints":{"allow":["GET"]}}],"collection":[{"href":"https:\/\/kingarms.ee\/fi\/wp-json\/wp\/v2\/product"}],"about":[{"href":"https:\/\/kingarms.ee\/fi\/wp-json\/wp\/v2\/types\/product"}],"wp:featuredmedia":[{"embeddable":true,"href":"https:\/\/kingarms.ee\/fi\/wp-json\/wp\/v2\/media\/94245"}],"wp:attachment":[{"href":"https:\/\/kingarms.ee\/fi\/wp-json\/wp\/v2\/media?parent=94250"}],"wp:term":[{"taxonomy":"product_brand","embeddable":true,"href":"https:\/\/kingarms.ee\/fi\/wp-json\/wp\/v2\/product_brand?post=94250"},{"taxonomy":"product_cat","embeddable":true,"href":"https:\/\/kingarms.ee\/fi\/wp-json\/wp\/v2\/product_cat?post=94250"},{"taxonomy":"product_tag","embeddable":true,"href":"https:\/\/kingarms.ee\/fi\/wp-json\/wp\/v2\/product_tag?post=94250"}],"curies":[{"name":"wp","href":"https:\/\/api.w.org\/{rel}","templated":true}]}}