{"id":94651,"date":"2024-01-31T13:51:32","date_gmt":"2024-01-31T10:51:32","guid":{"rendered":"https:\/\/kingarms.ee\/product\/pippurisumute-defense-50ml\/"},"modified":"2024-08-06T12:42:02","modified_gmt":"2024-08-06T09:42:02","slug":"pippurisumute-defense-50ml","status":"publish","type":"product","link":"https:\/\/kingarms.ee\/fi\/product\/pippurisumute-defense-50ml\/","title":{"rendered":"Pippurisumute Defense &#8211; 50ml"},"content":{"rendered":"","protected":false},"excerpt":{"rendered":"<p><b>Ominaisuudet:<\/b><\/p>\n<p>&nbsp;<\/p>\n<p><span style=\"font-weight: 400;\">Pipraga-kaasugeeli<\/span><\/p>\n<p><span style=\"font-weight: 400;\">V\u00e4hemm\u00e4n altis tuulenpuuskille.<\/span><\/p>\n<p><span style=\"font-weight: 400;\">Suutin heitt\u00e4\u00e4 aineen ulos pilven muodossa.<\/span><\/p>\n<p><span style=\"font-weight: 400;\">Paremmin rikastettu kaava (2 000 000 SHU).<\/span><\/p>\n<p><span style=\"font-weight: 400;\">Nopea r\u00e4j\u00e4yttimen k\u00e4ytt\u00f6, suojaa vahingossa tapahtuvalta k\u00e4yt\u00f6lt\u00e4.<\/span><\/p>\n<p><span style=\"font-weight: 400;\">Hajottaa lamaannuttavan aineen v\u00e4litt\u00f6m\u00e4sti.<\/span><\/p>\n<p><span style=\"font-weight: 400;\">Se ei edellyt\u00e4 hy\u00f6kk\u00e4\u00e4j\u00e4lt\u00e4 tarkkaa t\u00e4ht\u00e4\u00e4mist\u00e4 kuten purossa.<\/span><\/p>\n<p><span style=\"font-weight: 400;\">Tehokas suoja hy\u00f6kk\u00e4\u00e4ji\u00e4 ja vaarallisia el\u00e4imi\u00e4 vastaan.<\/span><\/p>\n<p><span style=\"font-weight: 400;\">Ammattik\u00e4ytt\u00f6\u00f6n tarkoitetun p\u00e4\u00e4n maksimikantama on jopa 5 metri\u00e4.<\/span><\/p>\n<p><span style=\"font-weight: 400;\">Monik\u00e4ytt\u00f6isyys ja suojaus useita hy\u00f6kk\u00e4\u00e4ji\u00e4 vastaan.<\/span><\/p>\n<p><span style=\"font-weight: 400;\">Vaikuttavan aineen tarttuminen takaa kaasun pidempiaikaisen vaikutuksen.<\/span><\/p>\n<p><span style=\"font-weight: 400;\">Kaasuvirtauksen toistettavuus ja sen suuruus.<\/span><\/p>\n<p><span style=\"font-weight: 400;\">P\u00e4\u00e4 kest\u00e4\u00e4 mekaanisia vaurioita.<\/span><\/p>\n<p>&nbsp;<\/p>\n<p><b>Tekniset tiedot:<\/b><\/p>\n<p>&nbsp;<\/p>\n<p><span style=\"font-weight: 400;\">Vaikuttavan aineen tyyppi: geeli<\/span><\/p>\n<p><span style=\"font-weight: 400;\">Kaasutyyppi: pippuri<\/span><\/p>\n<p><span style=\"font-weight: 400;\">Suutintyyppi: Suihku<\/span><\/p>\n<p><span style=\"font-weight: 400;\">P\u00e4\u00e4n tyyppi: klassinen<\/span><\/p>\n<p><span style=\"font-weight: 400;\">Kapasiteetti: 2 000 000 SHU<\/span><\/p>\n<p><span style=\"font-weight: 400;\">Oleoresiini Capsicum \/ Oleoresiini Capsicum: 10% OC<\/span><\/p>\n<p><span style=\"font-weight: 400;\">Kapasiteetti: 50 ml<\/span><\/p>\n<p><span style=\"font-weight: 400;\">Mitat: 112 mm x 35 mm<\/span><\/p>\n<p><span style=\"font-weight: 400;\">Tehokas kantama: 4-5 m<\/span><\/p>\n<p><span style=\"font-weight: 400;\">Valmistusmaa: Saksa<\/span><\/p>\n<p><span style=\"font-weight: 400;\">Tuottaja: Sharg<\/span><\/p>\n<p><span style=\"font-weight: 400;\">S\u00e4ilyvyysaika: 12\/2025<\/span><\/p>\n","protected":false},"featured_media":97649,"template":"","meta":{"_acf_changed":false},"product_brand":[],"product_cat":[764],"product_tag":[],"class_list":{"0":"post-94651","1":"product","2":"type-product","3":"status-publish","4":"has-post-thumbnail","6":"product_cat-pippurisumute","8":"first","9":"instock","10":"taxable","11":"shipping-taxable","12":"purchasable","13":"product-type-simple"},"acf":[],"_links":{"self":[{"href":"https:\/\/kingarms.ee\/fi\/wp-json\/wp\/v2\/product\/94651","targetHints":{"allow":["GET"]}}],"collection":[{"href":"https:\/\/kingarms.ee\/fi\/wp-json\/wp\/v2\/product"}],"about":[{"href":"https:\/\/kingarms.ee\/fi\/wp-json\/wp\/v2\/types\/product"}],"wp:featuredmedia":[{"embeddable":true,"href":"https:\/\/kingarms.ee\/fi\/wp-json\/wp\/v2\/media\/97649"}],"wp:attachment":[{"href":"https:\/\/kingarms.ee\/fi\/wp-json\/wp\/v2\/media?parent=94651"}],"wp:term":[{"taxonomy":"product_brand","embeddable":true,"href":"https:\/\/kingarms.ee\/fi\/wp-json\/wp\/v2\/product_brand?post=94651"},{"taxonomy":"product_cat","embeddable":true,"href":"https:\/\/kingarms.ee\/fi\/wp-json\/wp\/v2\/product_cat?post=94651"},{"taxonomy":"product_tag","embeddable":true,"href":"https:\/\/kingarms.ee\/fi\/wp-json\/wp\/v2\/product_tag?post=94651"}],"curies":[{"name":"wp","href":"https:\/\/api.w.org\/{rel}","templated":true}]}}