{"id":95125,"date":"2024-02-04T16:38:56","date_gmt":"2024-02-04T13:39:50","guid":{"rendered":"https:\/\/kingarms.ee\/product\/insect-out-karpaskarkotussuihke-500-ml\/"},"modified":"2024-08-06T12:39:10","modified_gmt":"2024-08-06T09:39:10","slug":"insect-out-anti-hiilihydraattisuihke-500-ml","status":"publish","type":"product","link":"https:\/\/kingarms.ee\/fi\/product\/insect-out-anti-hiilihydraattisuihke-500-ml\/","title":{"rendered":"Insect-OUT k\u00e4rp\u00e4skarkotussuihke, 500 ml"},"content":{"rendered":"<p><img loading=\"lazy\" decoding=\"async\" class=\"alignnone size-full wp-image-95116\" src=\"https:\/\/kingarms.ee\/wp-content\/uploads\/2024\/02\/27341D.jpeg\" alt=\"\" width=\"1200\" height=\"1200\" srcset=\"https:\/\/kingarms.ee\/wp-content\/uploads\/2024\/02\/27341D.jpeg 1200w, https:\/\/kingarms.ee\/wp-content\/uploads\/2024\/02\/27341D-300x300.jpeg 300w, https:\/\/kingarms.ee\/wp-content\/uploads\/2024\/02\/27341D-1024x1024.jpeg 1024w, https:\/\/kingarms.ee\/wp-content\/uploads\/2024\/02\/27341D-150x150.jpeg 150w, https:\/\/kingarms.ee\/wp-content\/uploads\/2024\/02\/27341D-768x768.jpeg 768w, https:\/\/kingarms.ee\/wp-content\/uploads\/2024\/02\/27341D-500x500.jpeg 500w\" sizes=\"auto, (max-width: 1200px) 100vw, 1200px\" \/><\/p>\n","protected":false},"excerpt":{"rendered":"<p>vapauttaa ja suojaa kaikenlaisilta k\u00e4rp\u00e4silt\u00e4.<\/p>\n<p>Komponentit:<br \/>\n0,15 g\/kg pyretriinit ja pyretroidit<br \/>\n(Chrysanthemum Cinerariaefolium, ecst.)<br \/>\n2,1 g\/kg piperonyylibutoksidi<br \/>\n0,53 g\/kg sypermetriini cis\/trans+\/-40\/60<\/p>\n","protected":false},"featured_media":95118,"template":"","meta":{"_acf_changed":false},"product_brand":[],"product_cat":[352],"product_tag":[],"class_list":{"0":"post-95125","1":"product","2":"type-product","3":"status-publish","4":"has-post-thumbnail","6":"product_cat-matkatavarat","8":"first","9":"instock","10":"taxable","11":"shipping-taxable","12":"purchasable","13":"product-type-simple"},"acf":[],"_links":{"self":[{"href":"https:\/\/kingarms.ee\/fi\/wp-json\/wp\/v2\/product\/95125","targetHints":{"allow":["GET"]}}],"collection":[{"href":"https:\/\/kingarms.ee\/fi\/wp-json\/wp\/v2\/product"}],"about":[{"href":"https:\/\/kingarms.ee\/fi\/wp-json\/wp\/v2\/types\/product"}],"wp:featuredmedia":[{"embeddable":true,"href":"https:\/\/kingarms.ee\/fi\/wp-json\/wp\/v2\/media\/95118"}],"wp:attachment":[{"href":"https:\/\/kingarms.ee\/fi\/wp-json\/wp\/v2\/media?parent=95125"}],"wp:term":[{"taxonomy":"product_brand","embeddable":true,"href":"https:\/\/kingarms.ee\/fi\/wp-json\/wp\/v2\/product_brand?post=95125"},{"taxonomy":"product_cat","embeddable":true,"href":"https:\/\/kingarms.ee\/fi\/wp-json\/wp\/v2\/product_cat?post=95125"},{"taxonomy":"product_tag","embeddable":true,"href":"https:\/\/kingarms.ee\/fi\/wp-json\/wp\/v2\/product_tag?post=95125"}],"curies":[{"name":"wp","href":"https:\/\/api.w.org\/{rel}","templated":true}]}}