{"id":95173,"date":"2024-02-04T17:00:39","date_gmt":"2024-02-04T14:01:22","guid":{"rendered":"https:\/\/kingarms.ee\/product\/kirves-deluxe-iso-lasikuitukahva-od-vihrea\/"},"modified":"2024-08-06T12:35:39","modified_gmt":"2024-08-06T09:35:39","slug":"axe-deluxe-suuri-lasikuitukahva-vihrea","status":"publish","type":"product","link":"https:\/\/kingarms.ee\/fi\/product\/axe-deluxe-suuri-lasikuitukahva-vihrea\/","title":{"rendered":"Kirves, &#8220;Deluxe&#8221;, iso, lasikuitukahva, OD vihre\u00e4"},"content":{"rendered":"<p><img loading=\"lazy\" decoding=\"async\" class=\"alignnone size-full wp-image-95165\" src=\"https:\/\/kingarms.ee\/wp-content\/uploads\/2024\/02\/27768.jpeg\" alt=\"\" width=\"1200\" height=\"1200\" srcset=\"https:\/\/kingarms.ee\/wp-content\/uploads\/2024\/02\/27768.jpeg 1200w, https:\/\/kingarms.ee\/wp-content\/uploads\/2024\/02\/27768-300x300.jpeg 300w, https:\/\/kingarms.ee\/wp-content\/uploads\/2024\/02\/27768-1024x1024.jpeg 1024w, https:\/\/kingarms.ee\/wp-content\/uploads\/2024\/02\/27768-150x150.jpeg 150w, https:\/\/kingarms.ee\/wp-content\/uploads\/2024\/02\/27768-768x768.jpeg 768w, https:\/\/kingarms.ee\/wp-content\/uploads\/2024\/02\/27768-500x500.jpeg 500w\" sizes=\"auto, (max-width: 1200px) 100vw, 1200px\" \/><\/p>\n","protected":false},"excerpt":{"rendered":"<p>p\u00e4\u00e4 karkaistua ter\u00e4st\u00e4<br \/>\nliukumaton kumikahva<br \/>\nkuljetuskupu, jossa on koukku- ja silmukkakiinnitys<br \/>\nja vy\u00f6t<br \/>\nTera: noin 10 cm<br \/>\nKirveen p\u00e4\u00e4: n. 16,5 cm<br \/>\nPituus: n. 61 cm<br \/>\nPaino: n. 2,0 kg<\/p>\n","protected":false},"featured_media":95167,"template":"","meta":{"_acf_changed":false},"product_brand":[],"product_cat":[352],"product_tag":[],"class_list":{"0":"post-95173","1":"product","2":"type-product","3":"status-publish","4":"has-post-thumbnail","6":"product_cat-matkatavarat","8":"first","9":"instock","10":"taxable","11":"shipping-taxable","12":"purchasable","13":"product-type-simple"},"acf":[],"_links":{"self":[{"href":"https:\/\/kingarms.ee\/fi\/wp-json\/wp\/v2\/product\/95173","targetHints":{"allow":["GET"]}}],"collection":[{"href":"https:\/\/kingarms.ee\/fi\/wp-json\/wp\/v2\/product"}],"about":[{"href":"https:\/\/kingarms.ee\/fi\/wp-json\/wp\/v2\/types\/product"}],"wp:featuredmedia":[{"embeddable":true,"href":"https:\/\/kingarms.ee\/fi\/wp-json\/wp\/v2\/media\/95167"}],"wp:attachment":[{"href":"https:\/\/kingarms.ee\/fi\/wp-json\/wp\/v2\/media?parent=95173"}],"wp:term":[{"taxonomy":"product_brand","embeddable":true,"href":"https:\/\/kingarms.ee\/fi\/wp-json\/wp\/v2\/product_brand?post=95173"},{"taxonomy":"product_cat","embeddable":true,"href":"https:\/\/kingarms.ee\/fi\/wp-json\/wp\/v2\/product_cat?post=95173"},{"taxonomy":"product_tag","embeddable":true,"href":"https:\/\/kingarms.ee\/fi\/wp-json\/wp\/v2\/product_tag?post=95173"}],"curies":[{"name":"wp","href":"https:\/\/api.w.org\/{rel}","templated":true}]}}