{"id":95216,"date":"2024-02-04T17:17:33","date_gmt":"2024-02-04T14:18:49","guid":{"rendered":"https:\/\/kingarms.ee\/product\/grilliteline-pyorea-kokoontaitettava\/"},"modified":"2024-08-06T12:33:29","modified_gmt":"2024-08-06T09:33:29","slug":"grilli-grilli-ruoan-ymparilla","status":"publish","type":"product","link":"https:\/\/kingarms.ee\/fi\/product\/grilli-grilli-ruoan-ymparilla\/","title":{"rendered":"Grilliteline, py\u00f6re\u00e4, kokoontaitettava"},"content":{"rendered":"<p><img loading=\"lazy\" decoding=\"async\" class=\"alignnone size-full wp-image-95203\" src=\"https:\/\/kingarms.ee\/wp-content\/uploads\/2024\/02\/33641.jpeg\" alt=\"\" width=\"1200\" height=\"1200\" srcset=\"https:\/\/kingarms.ee\/wp-content\/uploads\/2024\/02\/33641.jpeg 1200w, https:\/\/kingarms.ee\/wp-content\/uploads\/2024\/02\/33641-300x300.jpeg 300w, https:\/\/kingarms.ee\/wp-content\/uploads\/2024\/02\/33641-1024x1024.jpeg 1024w, https:\/\/kingarms.ee\/wp-content\/uploads\/2024\/02\/33641-150x150.jpeg 150w, https:\/\/kingarms.ee\/wp-content\/uploads\/2024\/02\/33641-768x768.jpeg 768w, https:\/\/kingarms.ee\/wp-content\/uploads\/2024\/02\/33641-500x500.jpeg 500w\" sizes=\"auto, (max-width: 1200px) 100vw, 1200px\" \/><\/p>\n","protected":false},"excerpt":{"rendered":"<p>voidaan leikata kahtia kuljetusta tai varastointia varten<br \/>\nkokoontaitettava teline<br \/>\nturvallinen jousitus 4 pisteell\u00e4<br \/>\nvahvasti sidottu ketju<br \/>\nlis\u00e4ketju 2 koukulla<br \/>\nkorkeuss\u00e4\u00e4t\u00f6\u00e4 varten<br \/>\nPakkauksen koko: n. 50 x 29 x 9,5 cm<br \/>\nMitat: n. 49 x 3,5 cm (di x H)<br \/>\nPaino: n. 1,2 kg<\/p>\n<p>Materiaali:<br \/>\nLevyosa: ter\u00e4s, kromattu<br \/>\nKetju: ter\u00e4s, sinkitty<\/p>\n","protected":false},"featured_media":95475,"template":"","meta":{"_acf_changed":false},"product_brand":[],"product_cat":[352],"product_tag":[],"class_list":{"0":"post-95216","1":"product","2":"type-product","3":"status-publish","4":"has-post-thumbnail","6":"product_cat-matkatavarat","8":"first","9":"instock","10":"taxable","11":"shipping-taxable","12":"purchasable","13":"product-type-simple"},"acf":[],"_links":{"self":[{"href":"https:\/\/kingarms.ee\/fi\/wp-json\/wp\/v2\/product\/95216","targetHints":{"allow":["GET"]}}],"collection":[{"href":"https:\/\/kingarms.ee\/fi\/wp-json\/wp\/v2\/product"}],"about":[{"href":"https:\/\/kingarms.ee\/fi\/wp-json\/wp\/v2\/types\/product"}],"wp:featuredmedia":[{"embeddable":true,"href":"https:\/\/kingarms.ee\/fi\/wp-json\/wp\/v2\/media\/95475"}],"wp:attachment":[{"href":"https:\/\/kingarms.ee\/fi\/wp-json\/wp\/v2\/media?parent=95216"}],"wp:term":[{"taxonomy":"product_brand","embeddable":true,"href":"https:\/\/kingarms.ee\/fi\/wp-json\/wp\/v2\/product_brand?post=95216"},{"taxonomy":"product_cat","embeddable":true,"href":"https:\/\/kingarms.ee\/fi\/wp-json\/wp\/v2\/product_cat?post=95216"},{"taxonomy":"product_tag","embeddable":true,"href":"https:\/\/kingarms.ee\/fi\/wp-json\/wp\/v2\/product_tag?post=95216"}],"curies":[{"name":"wp","href":"https:\/\/api.w.org\/{rel}","templated":true}]}}