{"id":95238,"date":"2024-02-04T17:25:11","date_gmt":"2024-02-04T14:26:13","guid":{"rendered":"https:\/\/kingarms.ee\/product\/kolmijalka-trekking-alumiinia-ketjulla-ja-koukuilla-varustettuna\/"},"modified":"2024-08-06T12:32:07","modified_gmt":"2024-08-06T09:32:07","slug":"tripod-trekking-alumiini-ketju-ja-koukku","status":"publish","type":"product","link":"https:\/\/kingarms.ee\/fi\/product\/tripod-trekking-alumiini-ketju-ja-koukku\/","title":{"rendered":"Kolmijalka, &#8220;Trekking&#8221;, alumiinia, ketjulla ja koukuilla varustettuna"},"content":{"rendered":"<p><img loading=\"lazy\" decoding=\"async\" class=\"alignnone size-full wp-image-95227\" src=\"https:\/\/kingarms.ee\/wp-content\/uploads\/2024\/02\/33635.jpeg\" alt=\"\" width=\"1200\" height=\"1200\" srcset=\"https:\/\/kingarms.ee\/wp-content\/uploads\/2024\/02\/33635.jpeg 1200w, https:\/\/kingarms.ee\/wp-content\/uploads\/2024\/02\/33635-300x300.jpeg 300w, https:\/\/kingarms.ee\/wp-content\/uploads\/2024\/02\/33635-1024x1024.jpeg 1024w, https:\/\/kingarms.ee\/wp-content\/uploads\/2024\/02\/33635-150x150.jpeg 150w, https:\/\/kingarms.ee\/wp-content\/uploads\/2024\/02\/33635-768x768.jpeg 768w, https:\/\/kingarms.ee\/wp-content\/uploads\/2024\/02\/33635-500x500.jpeg 500w\" sizes=\"auto, (max-width: 1200px) 100vw, 1200px\" \/><\/p>\n","protected":false},"excerpt":{"rendered":"<p>jalat koostuvat 3 n. 30 cm pitk\u00e4<br \/>\nruuvattavat osat<br \/>\nketjun pituus s\u00e4\u00e4dett\u00e4viss\u00e4 koukulla<br \/>\nalkaen noin 12 &#8211; 45 cm lukitustapilla<br \/>\nirrotettava ja kompaktisti kokoontaitettava<br \/>\nmukaan lukien kuljetuslaukku<br \/>\nAsennettu korkeus: n. 80 cm<br \/>\nPakkauksen koko: n. 30 x 5 cm<br \/>\nPaino: n. 450 g<\/p>\n<p>Materiaali:<br \/>\nKolmijalka: 100% alumiinia<br \/>\nKetju ja koukku: 100% metallia<\/p>\n","protected":false},"featured_media":95467,"template":"","meta":{"_acf_changed":false},"product_brand":[],"product_cat":[352],"product_tag":[],"class_list":{"0":"post-95238","1":"product","2":"type-product","3":"status-publish","4":"has-post-thumbnail","6":"product_cat-matkatavarat","8":"first","9":"instock","10":"taxable","11":"shipping-taxable","12":"purchasable","13":"product-type-simple"},"acf":[],"_links":{"self":[{"href":"https:\/\/kingarms.ee\/fi\/wp-json\/wp\/v2\/product\/95238","targetHints":{"allow":["GET"]}}],"collection":[{"href":"https:\/\/kingarms.ee\/fi\/wp-json\/wp\/v2\/product"}],"about":[{"href":"https:\/\/kingarms.ee\/fi\/wp-json\/wp\/v2\/types\/product"}],"wp:featuredmedia":[{"embeddable":true,"href":"https:\/\/kingarms.ee\/fi\/wp-json\/wp\/v2\/media\/95467"}],"wp:attachment":[{"href":"https:\/\/kingarms.ee\/fi\/wp-json\/wp\/v2\/media?parent=95238"}],"wp:term":[{"taxonomy":"product_brand","embeddable":true,"href":"https:\/\/kingarms.ee\/fi\/wp-json\/wp\/v2\/product_brand?post=95238"},{"taxonomy":"product_cat","embeddable":true,"href":"https:\/\/kingarms.ee\/fi\/wp-json\/wp\/v2\/product_cat?post=95238"},{"taxonomy":"product_tag","embeddable":true,"href":"https:\/\/kingarms.ee\/fi\/wp-json\/wp\/v2\/product_tag?post=95238"}],"curies":[{"name":"wp","href":"https:\/\/api.w.org\/{rel}","templated":true}]}}