{"id":95248,"date":"2024-02-04T17:29:09","date_gmt":"2024-02-04T14:29:48","guid":{"rendered":"https:\/\/kingarms.ee\/product\/ammeen-puhdistusaine-175-x-175-cm\/"},"modified":"2024-08-06T12:31:25","modified_gmt":"2024-08-06T09:31:25","slug":"panni-puhastaja-175-x-175-cm","status":"publish","type":"product","link":"https:\/\/kingarms.ee\/fi\/product\/panni-puhastaja-175-x-175-cm\/","title":{"rendered":"Ammeen puhdistusaine (17,5 x 17,5 cm)"},"content":{"rendered":"<p><img loading=\"lazy\" decoding=\"async\" class=\"alignnone size-full wp-image-95241\" src=\"https:\/\/kingarms.ee\/wp-content\/uploads\/2024\/02\/33628.jpeg\" alt=\"\" width=\"1200\" height=\"1200\" srcset=\"https:\/\/kingarms.ee\/wp-content\/uploads\/2024\/02\/33628.jpeg 1200w, https:\/\/kingarms.ee\/wp-content\/uploads\/2024\/02\/33628-300x300.jpeg 300w, https:\/\/kingarms.ee\/wp-content\/uploads\/2024\/02\/33628-1024x1024.jpeg 1024w, https:\/\/kingarms.ee\/wp-content\/uploads\/2024\/02\/33628-150x150.jpeg 150w, https:\/\/kingarms.ee\/wp-content\/uploads\/2024\/02\/33628-768x768.jpeg 768w, https:\/\/kingarms.ee\/wp-content\/uploads\/2024\/02\/33628-500x500.jpeg 500w\" sizes=\"auto, (max-width: 1200px) 100vw, 1200px\" \/><\/p>\n","protected":false},"excerpt":{"rendered":"<p>valuraudan ja takorautojen hell\u00e4varaiseen puhdistukseen<br \/>\nvoidaan k\u00e4ytt\u00e4\u00e4 veden kanssa tai ilman vett\u00e4<br \/>\nkest\u00e4v\u00e4, kest\u00e4v\u00e4, kevyt<br \/>\navaimenpidikkeen kiinnitt\u00e4mist\u00e4\/poistamista varten<br \/>\nPaino: n. 150 g<\/p>\n","protected":false},"featured_media":95243,"template":"","meta":{"_acf_changed":false},"product_brand":[],"product_cat":[352],"product_tag":[],"class_list":{"0":"post-95248","1":"product","2":"type-product","3":"status-publish","4":"has-post-thumbnail","6":"product_cat-matkatavarat","8":"first","9":"instock","10":"taxable","11":"shipping-taxable","12":"purchasable","13":"product-type-simple"},"acf":[],"_links":{"self":[{"href":"https:\/\/kingarms.ee\/fi\/wp-json\/wp\/v2\/product\/95248","targetHints":{"allow":["GET"]}}],"collection":[{"href":"https:\/\/kingarms.ee\/fi\/wp-json\/wp\/v2\/product"}],"about":[{"href":"https:\/\/kingarms.ee\/fi\/wp-json\/wp\/v2\/types\/product"}],"wp:featuredmedia":[{"embeddable":true,"href":"https:\/\/kingarms.ee\/fi\/wp-json\/wp\/v2\/media\/95243"}],"wp:attachment":[{"href":"https:\/\/kingarms.ee\/fi\/wp-json\/wp\/v2\/media?parent=95248"}],"wp:term":[{"taxonomy":"product_brand","embeddable":true,"href":"https:\/\/kingarms.ee\/fi\/wp-json\/wp\/v2\/product_brand?post=95248"},{"taxonomy":"product_cat","embeddable":true,"href":"https:\/\/kingarms.ee\/fi\/wp-json\/wp\/v2\/product_cat?post=95248"},{"taxonomy":"product_tag","embeddable":true,"href":"https:\/\/kingarms.ee\/fi\/wp-json\/wp\/v2\/product_tag?post=95248"}],"curies":[{"name":"wp","href":"https:\/\/api.w.org\/{rel}","templated":true}]}}