{"id":95338,"date":"2024-02-04T17:58:08","date_gmt":"2024-02-04T14:58:45","guid":{"rendered":"https:\/\/kingarms.ee\/product\/hu-kolmijalka-n-1-m-rauta-ketjulla-ja-koukulla\/"},"modified":"2024-08-06T12:26:21","modified_gmt":"2024-08-06T09:26:21","slug":"en-stand-ca-1-m-rautaketju-ja-koukku-koukku-koukku","status":"publish","type":"product","link":"https:\/\/kingarms.ee\/fi\/product\/en-stand-ca-1-m-rautaketju-ja-koukku-koukku-koukku\/","title":{"rendered":"HU Kolmijalka, n. 1 m, rauta, ketjulla ja koukulla"},"content":{"rendered":"<p><img loading=\"lazy\" decoding=\"async\" class=\"alignnone size-full wp-image-95331\" src=\"https:\/\/kingarms.ee\/wp-content\/uploads\/2024\/02\/33615A.jpeg\" alt=\"\" width=\"1200\" height=\"1200\" srcset=\"https:\/\/kingarms.ee\/wp-content\/uploads\/2024\/02\/33615A.jpeg 1200w, https:\/\/kingarms.ee\/wp-content\/uploads\/2024\/02\/33615A-300x300.jpeg 300w, https:\/\/kingarms.ee\/wp-content\/uploads\/2024\/02\/33615A-1024x1024.jpeg 1024w, https:\/\/kingarms.ee\/wp-content\/uploads\/2024\/02\/33615A-150x150.jpeg 150w, https:\/\/kingarms.ee\/wp-content\/uploads\/2024\/02\/33615A-768x768.jpeg 768w, https:\/\/kingarms.ee\/wp-content\/uploads\/2024\/02\/33615A-500x500.jpeg 500w\" sizes=\"auto, (max-width: 1200px) 100vw, 1200px\" \/><\/p>\n","protected":false},"excerpt":{"rendered":"<p>jalan pituus noin. 1 m<br \/>\ns\u00e4\u00e4dett\u00e4v\u00e4 korkeus<br \/>\npy\u00f6riv\u00e4 ketjukahva p\u00e4\u00e4ll\u00e4<br \/>\nPaino: n. 1,8 kg<\/p>\n<p>Materiaali:<br \/>\n100% rautaa<\/p>\n","protected":false},"featured_media":95518,"template":"","meta":{"_acf_changed":false},"product_brand":[],"product_cat":[352],"product_tag":[],"class_list":{"0":"post-95338","1":"product","2":"type-product","3":"status-publish","4":"has-post-thumbnail","6":"product_cat-matkatavarat","8":"first","9":"instock","10":"taxable","11":"shipping-taxable","12":"purchasable","13":"product-type-simple"},"acf":[],"_links":{"self":[{"href":"https:\/\/kingarms.ee\/fi\/wp-json\/wp\/v2\/product\/95338","targetHints":{"allow":["GET"]}}],"collection":[{"href":"https:\/\/kingarms.ee\/fi\/wp-json\/wp\/v2\/product"}],"about":[{"href":"https:\/\/kingarms.ee\/fi\/wp-json\/wp\/v2\/types\/product"}],"wp:featuredmedia":[{"embeddable":true,"href":"https:\/\/kingarms.ee\/fi\/wp-json\/wp\/v2\/media\/95518"}],"wp:attachment":[{"href":"https:\/\/kingarms.ee\/fi\/wp-json\/wp\/v2\/media?parent=95338"}],"wp:term":[{"taxonomy":"product_brand","embeddable":true,"href":"https:\/\/kingarms.ee\/fi\/wp-json\/wp\/v2\/product_brand?post=95338"},{"taxonomy":"product_cat","embeddable":true,"href":"https:\/\/kingarms.ee\/fi\/wp-json\/wp\/v2\/product_cat?post=95338"},{"taxonomy":"product_tag","embeddable":true,"href":"https:\/\/kingarms.ee\/fi\/wp-json\/wp\/v2\/product_tag?post=95338"}],"curies":[{"name":"wp","href":"https:\/\/api.w.org\/{rel}","templated":true}]}}