{"id":95438,"date":"2024-02-04T18:29:40","date_gmt":"2024-02-04T15:30:37","guid":{"rendered":"https:\/\/kingarms.ee\/product\/hatakahva-oranssi-toinen-puoli-alumiinipinnoitettu\/"},"modified":"2024-08-06T12:20:32","modified_gmt":"2024-08-06T09:20:32","slug":"avariitelk-oranz-ovien-reuna-alumiinipinnoitettu","status":"publish","type":"product","link":"https:\/\/kingarms.ee\/fi\/product\/avariitelk-oranz-ovien-reuna-alumiinipinnoitettu\/","title":{"rendered":"H\u00e4t\u00e4kahva, oranssi, toinen puoli alumiinipinnoitettu"},"content":{"rendered":"<p><img loading=\"lazy\" decoding=\"async\" class=\"alignnone size-full wp-image-95423\" src=\"https:\/\/kingarms.ee\/wp-content\/uploads\/2024\/02\/32040.jpeg\" alt=\"\" width=\"1200\" height=\"1200\" srcset=\"https:\/\/kingarms.ee\/wp-content\/uploads\/2024\/02\/32040.jpeg 1200w, https:\/\/kingarms.ee\/wp-content\/uploads\/2024\/02\/32040-300x300.jpeg 300w, https:\/\/kingarms.ee\/wp-content\/uploads\/2024\/02\/32040-1024x1024.jpeg 1024w, https:\/\/kingarms.ee\/wp-content\/uploads\/2024\/02\/32040-150x150.jpeg 150w, https:\/\/kingarms.ee\/wp-content\/uploads\/2024\/02\/32040-768x768.jpeg 768w, https:\/\/kingarms.ee\/wp-content\/uploads\/2024\/02\/32040-500x500.jpeg 500w\" sizes=\"auto, (max-width: 1200px) 100vw, 1200px\" \/><\/p>\n","protected":false},"excerpt":{"rendered":"<p>suojaa kylm\u00e4lt\u00e4, m\u00e4r\u00e4lt\u00e4, tuulelta ja kuumuudelta<br \/>\n1 teltta teltta 4 metallisilmukalla<br \/>\n1 k\u00f6ysi, n. 6 m<br \/>\n2 kiinnityskulmaa<br \/>\n4 telgivaiki<br \/>\n1 sytytin, jossa on merkkivalo<br \/>\n5 kappaletta puuvillasalpaa<br \/>\nkuljetuslaukku, jossa on pilli narulenkiss\u00e4<br \/>\nMitat: n. 244 x 155 cm<br \/>\nPakkauksen koko: n. 8 x 23 cm (Di x K)<br \/>\nPaino: n. 325 g<\/p>\n<p>Materiaali:<br \/>\nPolyeteeni<\/p>\n","protected":false},"featured_media":95499,"template":"","meta":{"_acf_changed":false},"product_brand":[],"product_cat":[352],"product_tag":[],"class_list":{"0":"post-95438","1":"product","2":"type-product","3":"status-publish","4":"has-post-thumbnail","6":"product_cat-matkatavarat","8":"first","9":"instock","10":"taxable","11":"shipping-taxable","12":"purchasable","13":"product-type-simple"},"acf":[],"_links":{"self":[{"href":"https:\/\/kingarms.ee\/fi\/wp-json\/wp\/v2\/product\/95438","targetHints":{"allow":["GET"]}}],"collection":[{"href":"https:\/\/kingarms.ee\/fi\/wp-json\/wp\/v2\/product"}],"about":[{"href":"https:\/\/kingarms.ee\/fi\/wp-json\/wp\/v2\/types\/product"}],"wp:featuredmedia":[{"embeddable":true,"href":"https:\/\/kingarms.ee\/fi\/wp-json\/wp\/v2\/media\/95499"}],"wp:attachment":[{"href":"https:\/\/kingarms.ee\/fi\/wp-json\/wp\/v2\/media?parent=95438"}],"wp:term":[{"taxonomy":"product_brand","embeddable":true,"href":"https:\/\/kingarms.ee\/fi\/wp-json\/wp\/v2\/product_brand?post=95438"},{"taxonomy":"product_cat","embeddable":true,"href":"https:\/\/kingarms.ee\/fi\/wp-json\/wp\/v2\/product_cat?post=95438"},{"taxonomy":"product_tag","embeddable":true,"href":"https:\/\/kingarms.ee\/fi\/wp-json\/wp\/v2\/product_tag?post=95438"}],"curies":[{"name":"wp","href":"https:\/\/api.w.org\/{rel}","templated":true}]}}