{"id":95450,"date":"2024-02-04T18:32:31","date_gmt":"2024-02-04T15:33:06","guid":{"rendered":"https:\/\/kingarms.ee\/product\/teltta-monodom-3-henkiloa-flecktarn\/"},"modified":"2024-08-06T12:19:48","modified_gmt":"2024-08-06T09:19:48","slug":"telk-monodom-3-inimest-flecktarn","status":"publish","type":"product","link":"https:\/\/kingarms.ee\/fi\/product\/telk-monodom-3-inimest-flecktarn\/","title":{"rendered":"Teltta, &#8220;Monodom&#8221;, 3 henkil\u00f6\u00e4, flecktarn"},"content":{"rendered":"<p><img loading=\"lazy\" decoding=\"async\" class=\"alignnone size-full wp-image-95440\" src=\"https:\/\/kingarms.ee\/wp-content\/uploads\/2024\/02\/32103V.jpeg\" alt=\"\" width=\"1200\" height=\"1200\" srcset=\"https:\/\/kingarms.ee\/wp-content\/uploads\/2024\/02\/32103V.jpeg 1200w, https:\/\/kingarms.ee\/wp-content\/uploads\/2024\/02\/32103V-300x300.jpeg 300w, https:\/\/kingarms.ee\/wp-content\/uploads\/2024\/02\/32103V-1024x1024.jpeg 1024w, https:\/\/kingarms.ee\/wp-content\/uploads\/2024\/02\/32103V-150x150.jpeg 150w, https:\/\/kingarms.ee\/wp-content\/uploads\/2024\/02\/32103V-768x768.jpeg 768w, https:\/\/kingarms.ee\/wp-content\/uploads\/2024\/02\/32103V-500x500.jpeg 500w\" sizes=\"auto, (max-width: 1200px) 100vw, 1200px\" \/><\/p>\n","protected":false},"excerpt":{"rendered":"<p>yksisein\u00e4inen rakenne<br \/>\nsis\u00e4\u00e4nk\u00e4ynti hyttysverkolla ja vetoketjulla<br \/>\nkevyet, vahvat lasikuitupylv\u00e4\u00e4t<br \/>\npohja on valmistettu liukumattomasta, vahvasta PU-kankaasta<br \/>\nter\u00e4saidat ja k\u00f6ydet mukana<br \/>\nkuljetuslaukku kahvalla<br \/>\nVedenkorkeus: 1500 mm<br \/>\nPakkauksen koko: n. 65 x 12 x 12 cm (P x L x K)<br \/>\nMitat: n. 210 x 210 x 130 cm (S x L x S)<br \/>\nPaino kuljetuslaukun kanssa: n. 2,0 kg<\/p>\n<p>Materiaali:<br \/>\n100% polyesteri\u00e4 (190T PU-p\u00e4\u00e4llysteinen)<br \/>\nPohjakerros: 100% polyeteeni<\/p>\n","protected":false},"featured_media":95442,"template":"","meta":{"_acf_changed":false},"product_brand":[],"product_cat":[352],"product_tag":[],"class_list":{"0":"post-95450","1":"product","2":"type-product","3":"status-publish","4":"has-post-thumbnail","6":"product_cat-matkatavarat","8":"first","9":"instock","10":"taxable","11":"shipping-taxable","12":"purchasable","13":"product-type-simple"},"acf":[],"_links":{"self":[{"href":"https:\/\/kingarms.ee\/fi\/wp-json\/wp\/v2\/product\/95450","targetHints":{"allow":["GET"]}}],"collection":[{"href":"https:\/\/kingarms.ee\/fi\/wp-json\/wp\/v2\/product"}],"about":[{"href":"https:\/\/kingarms.ee\/fi\/wp-json\/wp\/v2\/types\/product"}],"wp:featuredmedia":[{"embeddable":true,"href":"https:\/\/kingarms.ee\/fi\/wp-json\/wp\/v2\/media\/95442"}],"wp:attachment":[{"href":"https:\/\/kingarms.ee\/fi\/wp-json\/wp\/v2\/media?parent=95450"}],"wp:term":[{"taxonomy":"product_brand","embeddable":true,"href":"https:\/\/kingarms.ee\/fi\/wp-json\/wp\/v2\/product_brand?post=95450"},{"taxonomy":"product_cat","embeddable":true,"href":"https:\/\/kingarms.ee\/fi\/wp-json\/wp\/v2\/product_cat?post=95450"},{"taxonomy":"product_tag","embeddable":true,"href":"https:\/\/kingarms.ee\/fi\/wp-json\/wp\/v2\/product_tag?post=95450"}],"curies":[{"name":"wp","href":"https:\/\/api.w.org\/{rel}","templated":true}]}}